{"id":39125,"date":"2023-12-22T22:49:40","date_gmt":"2023-12-22T22:49:40","guid":{"rendered":"https:\/\/e.kosmolat.eu\/product\/blyskavka-apavu-krems-klasiskais-tumsi-bruns-75-ml\/"},"modified":"2026-05-07T15:59:52","modified_gmt":"2026-05-07T15:59:52","slug":"blyskavka-apavu-krems-klasiskais-tumsi-bruns-75-ml","status":"publish","type":"product","link":"https:\/\/e.kosmolat.eu\/lv\/product\/blyskavka-apavu-krems-klasiskais-tumsi-bruns-75-ml\/","title":{"rendered":"Blyskavka Apavu kr\u0113ms Klasiskais Tum\u0161i br\u016bns 75 ml"},"content":{"rendered":"<p>Augstas kvalit\u0101tes apavu kr\u0113ms piem\u0113rots visu veidu gludai \u0101dai. Atjauno kr\u0101su, aizsarg\u0101 pret mitrumu, s\u0101li un pie\u0161\u0137ir sp\u012bdumu. Izgatavots uz bi\u0161u vaska pamata. Kr\u0113ms ir viegli uzkl\u0101jams, \u0101tri uzs\u016bcas un lieliski p\u016bl\u0113jas. Satur dab\u012bgu vasku, nodro\u0161ina pilnv\u0113rt\u012bgu apavu kop\u0161anu. Regul\u0101ra kr\u0113ma lieto\u0161ana \u013cauj uztur\u0113t apavus lab\u0101 st\u0101vokl\u012b un paildzina to kalpo\u0161anas laiku.<\/p>\n<p><strong>Lieto\u0161ana:<\/strong> vienm\u0113r\u012bgi uzkl\u0101t kr\u0113mu uz sausas t\u012bras virsmas, \u013caut uzs\u016bkties ne maz\u0101k k\u0101 15-20 min\u016btes, nop\u016bl\u0113t l\u012bdz v\u0113lamajam sp\u012bdumam.<\/p>\n<p><strong>Sast\u0101vs:<\/strong> bi\u0161u vasks, stear\u012bns, paraf\u012bns, \u016bdens, kr\u0101sviela, aromatiz\u0113t\u0101js.<\/p>\n<p><strong>Uzglab\u0101\u0161anas noteikumi:<\/strong> uzglab\u0101t saus\u0101 labi v\u0113din\u0101m\u0101 telp\u0101, temperat\u016br\u0101 no 0&deg;C l\u012bdz +20&deg;C, b\u0113rniem nepieejam\u0101 viet\u0101. Lietot p\u0113c nor\u0101d\u012bjumiem.<\/p>\n","protected":false},"excerpt":{"rendered":"<p>Augstas kvalit\u0101tes apavu kr\u0113ms piem\u0113rots visu veidu gludai \u0101dai. Atjauno kr\u0101su, aizsarg\u0101 pret mitrumu, s\u0101li un pie\u0161\u0137ir sp\u012bdumu. Izgatavots uz bi\u0161u vaska pamata. Kr\u0113ms ir viegli uzkl\u0101jams, \u0101tri uzs\u016bcas un lieliski p\u016bl\u0113jas. Satur dab\u012bgu vasku, nodro\u0161ina pilnv\u0113rt\u012bgu apavu kop\u0161anu. Regul\u0101ra kr\u0113ma lieto\u0161ana \u013cauj uztur\u0113t apavus lab\u0101 st\u0101vokl\u012b un paildzina to kalpo\u0161anas laiku. Lieto\u0161ana: vienm\u0113r\u012bgi uzkl\u0101t [&#8230;]\n","protected":false},"featured_media":103440,"template":"","meta":[],"product_cat":[1730],"product_tag":[],"class_list":{"0":"post-39125","1":"product","2":"type-product","3":"status-publish","4":"has-post-thumbnail","6":"product_brand-blyskavka_ua","7":"product_cat-1730","9":"first","10":"instock","11":"taxable","12":"shipping-taxable","13":"product-type-simple"},"_links":{"self":[{"href":"https:\/\/e.kosmolat.eu\/lv\/wp-json\/wp\/v2\/product\/39125","targetHints":{"allow":["GET"]}}],"collection":[{"href":"https:\/\/e.kosmolat.eu\/lv\/wp-json\/wp\/v2\/product"}],"about":[{"href":"https:\/\/e.kosmolat.eu\/lv\/wp-json\/wp\/v2\/types\/product"}],"wp:featuredmedia":[{"embeddable":true,"href":"https:\/\/e.kosmolat.eu\/lv\/wp-json\/wp\/v2\/media\/103440"}],"wp:attachment":[{"href":"https:\/\/e.kosmolat.eu\/lv\/wp-json\/wp\/v2\/media?parent=39125"}],"wp:term":[{"taxonomy":"product_cat","embeddable":true,"href":"https:\/\/e.kosmolat.eu\/lv\/wp-json\/wp\/v2\/product_cat?post=39125"},{"taxonomy":"product_tag","embeddable":true,"href":"https:\/\/e.kosmolat.eu\/lv\/wp-json\/wp\/v2\/product_tag?post=39125"}],"curies":[{"name":"wp","href":"https:\/\/api.w.org\/{rel}","templated":true}]}}