{"id":39109,"date":"2023-12-22T22:48:15","date_gmt":"2023-12-22T22:48:15","guid":{"rendered":"https:\/\/e.kosmolat.eu\/product\/dr-hc-matu-maska-rekonstr-pantenolsabolu-etikis-946-ml\/"},"modified":"2026-04-11T18:29:48","modified_gmt":"2026-04-11T18:29:48","slug":"i_the-doctor-hc-matu-maska-rekonstr-pantenolsabolu-etikis-946-ml","status":"publish","type":"product","link":"https:\/\/e.kosmolat.eu\/lv\/product\/i_the-doctor-hc-matu-maska-rekonstr-pantenolsabolu-etikis-946-ml\/","title":{"rendered":"I_THE DOCTOR H&#038;C Matu maska Rekonstr., Pantenols+\u0100bolu eti\u0137is,, 946 ml"},"content":{"rendered":"<p>\u012apa\u0161a formula ar pantenolu un \u0101bolu sidra eti\u0137i.&nbsp;<\/p>\n<p><strong>Lieto\u0161ana:<\/strong> uzkl\u0101t uz t\u012briem, mitriem matiem. Patur\u0113t 5 min\u016btes un r\u016bp\u012bgi noskalot ar \u016bdeni.<\/p>\n<p><strong>Piesardz\u012bbas pas\u0101kumi:<\/strong> Ja iek\u013c\u016bst ac\u012bs, r\u016bp\u012bgi izskalot ar lielu \u016bdens daudzumu. Iesp\u0113jama paaugstin\u0101ta individu\u0101l\u0101 jut\u012bba pret atsevi\u0161\u0137\u0101m sast\u0101vda\u013c\u0101m.<br \/>\n&nbsp;<\/p>\n","protected":false},"excerpt":{"rendered":"<p>\u012apa\u0161a formula ar pantenolu un \u0101bolu sidra eti\u0137i.&nbsp; Lieto\u0161ana: uzkl\u0101t uz t\u012briem, mitriem matiem. Patur\u0113t 5 min\u016btes un r\u016bp\u012bgi noskalot ar \u016bdeni. Piesardz\u012bbas pas\u0101kumi: Ja iek\u013c\u016bst ac\u012bs, r\u016bp\u012bgi izskalot ar lielu \u016bdens daudzumu. Iesp\u0113jama paaugstin\u0101ta individu\u0101l\u0101 jut\u012bba pret atsevi\u0161\u0137\u0101m sast\u0101vda\u013c\u0101m. &nbsp;<\/p>\n","protected":false},"featured_media":99494,"template":"","meta":[],"product_cat":[1257],"product_tag":[],"class_list":{"0":"post-39109","1":"product","2":"type-product","3":"status-publish","4":"has-post-thumbnail","6":"product_brand-sale","7":"product_cat-1257","9":"first","10":"instock","11":"taxable","12":"shipping-taxable","13":"product-type-simple"},"_links":{"self":[{"href":"https:\/\/e.kosmolat.eu\/lv\/wp-json\/wp\/v2\/product\/39109","targetHints":{"allow":["GET"]}}],"collection":[{"href":"https:\/\/e.kosmolat.eu\/lv\/wp-json\/wp\/v2\/product"}],"about":[{"href":"https:\/\/e.kosmolat.eu\/lv\/wp-json\/wp\/v2\/types\/product"}],"wp:featuredmedia":[{"embeddable":true,"href":"https:\/\/e.kosmolat.eu\/lv\/wp-json\/wp\/v2\/media\/99494"}],"wp:attachment":[{"href":"https:\/\/e.kosmolat.eu\/lv\/wp-json\/wp\/v2\/media?parent=39109"}],"wp:term":[{"taxonomy":"product_cat","embeddable":true,"href":"https:\/\/e.kosmolat.eu\/lv\/wp-json\/wp\/v2\/product_cat?post=39109"},{"taxonomy":"product_tag","embeddable":true,"href":"https:\/\/e.kosmolat.eu\/lv\/wp-json\/wp\/v2\/product_tag?post=39109"}],"curies":[{"name":"wp","href":"https:\/\/api.w.org\/{rel}","templated":true}]}}