{"id":39097,"date":"2023-12-22T22:47:12","date_gmt":"2023-12-22T22:47:12","guid":{"rendered":"https:\/\/e.kosmolat.eu\/product\/dr-hc-sampuns-maks-energija-kerat-argin-biot-355-ml\/"},"modified":"2026-04-22T09:35:01","modified_gmt":"2026-04-22T09:35:01","slug":"the-doctor-hc-sampuns-maks-energija-kerat-argin-biot-355-ml","status":"publish","type":"product","link":"https:\/\/e.kosmolat.eu\/lv\/product\/the-doctor-hc-sampuns-maks-energija-kerat-argin-biot-355-ml\/","title":{"rendered":"THE DOCTOR H&#038;C \u0160amp\u016bns Maks.ener\u0123ija, Kerat.+Argin.+Biot., 355 ml"},"content":{"rendered":"<p>\u012apa\u0161a formula ar kerat\u012bna, argin\u012bna un biot\u012bna kompleksu.&nbsp;<\/p>\n<p><strong>Lieto\u0161ana:<\/strong> uzkl\u0101t uz mitriem matiem, saputot, noskalot ar \u016bdeni.<\/p>\n<p><strong>Piesardz\u012bbas pas\u0101kumi:<\/strong> Ja iek\u013c\u016bst ac\u012bs, r\u016bp\u012bgi izskalojiet ar lielu \u016bdens daudzumu. Iesp\u0113jama paaugstin\u0101ta individu\u0101l\u0101 jut\u012bba pret atsevi\u0161\u0137\u0101m sast\u0101vda\u013c\u0101m.<br \/>\n&nbsp;<\/p>\n","protected":false},"excerpt":{"rendered":"<p>\u012apa\u0161a formula ar kerat\u012bna, argin\u012bna un biot\u012bna kompleksu.&nbsp; Lieto\u0161ana: uzkl\u0101t uz mitriem matiem, saputot, noskalot ar \u016bdeni. Piesardz\u012bbas pas\u0101kumi: Ja iek\u013c\u016bst ac\u012bs, r\u016bp\u012bgi izskalojiet ar lielu \u016bdens daudzumu. Iesp\u0113jama paaugstin\u0101ta individu\u0101l\u0101 jut\u012bba pret atsevi\u0161\u0137\u0101m sast\u0101vda\u013c\u0101m. &nbsp;<\/p>\n","protected":false},"featured_media":99084,"template":"","meta":[],"product_cat":[1999],"product_tag":[],"class_list":{"0":"post-39097","1":"product","2":"type-product","3":"status-publish","4":"has-post-thumbnail","6":"product_brand-elfa_ua","7":"product_cat-bez-kategorijas","9":"first","10":"instock","11":"taxable","12":"shipping-taxable","13":"product-type-simple"},"_links":{"self":[{"href":"https:\/\/e.kosmolat.eu\/lv\/wp-json\/wp\/v2\/product\/39097","targetHints":{"allow":["GET"]}}],"collection":[{"href":"https:\/\/e.kosmolat.eu\/lv\/wp-json\/wp\/v2\/product"}],"about":[{"href":"https:\/\/e.kosmolat.eu\/lv\/wp-json\/wp\/v2\/types\/product"}],"wp:featuredmedia":[{"embeddable":true,"href":"https:\/\/e.kosmolat.eu\/lv\/wp-json\/wp\/v2\/media\/99084"}],"wp:attachment":[{"href":"https:\/\/e.kosmolat.eu\/lv\/wp-json\/wp\/v2\/media?parent=39097"}],"wp:term":[{"taxonomy":"product_cat","embeddable":true,"href":"https:\/\/e.kosmolat.eu\/lv\/wp-json\/wp\/v2\/product_cat?post=39097"},{"taxonomy":"product_tag","embeddable":true,"href":"https:\/\/e.kosmolat.eu\/lv\/wp-json\/wp\/v2\/product_tag?post=39097"}],"curies":[{"name":"wp","href":"https:\/\/api.w.org\/{rel}","templated":true}]}}