{"id":39093,"date":"2023-12-22T22:46:53","date_gmt":"2023-12-22T22:46:53","guid":{"rendered":"https:\/\/e.kosmolat.eu\/product\/dr-hc-sampuns-stimulejoss-ingvers-kofeins-355ml\/"},"modified":"2026-04-23T07:09:33","modified_gmt":"2026-04-23T07:09:33","slug":"the-doctor-hc-sampuns-stimulejoss-ingvers-kofeins-355ml","status":"publish","type":"product","link":"https:\/\/e.kosmolat.eu\/lv\/product\/the-doctor-hc-sampuns-stimulejoss-ingvers-kofeins-355ml\/","title":{"rendered":"THE DOCTOR H&#038;C \u0160amp\u016bns Stimul\u0113jo\u0161s, Ingvers + Kofe\u012bns, 355ml"},"content":{"rendered":"<p>\u012apa&scaron;a formula ar kofe\u012bnu un ingvera \u0113terisko e\u013c\u013cu.&nbsp;<\/p>\n<p><strong>Lieto&scaron;ana:<\/strong> uzkl\u0101t uz mitriem matiem, saputot, noskalot ar \u016bdeni.<\/p>\n<p><strong>Piesardz\u012bbas pas\u0101kumi:<\/strong> Ja iek\u013c\u016bst ac\u012bs, r\u016bp\u012bgi izskalojiet ar lielu \u016bdens daudzumu.&nbsp;Iesp\u0113jama paaugstin\u0101ta individu\u0101l\u0101 jut\u012bba pret atsevi&scaron;\u0137\u0101m sast\u0101vda\u013c\u0101m.<\/p>\n","protected":false},"excerpt":{"rendered":"<p>\u012apa&scaron;a formula ar kofe\u012bnu un ingvera \u0113terisko e\u013c\u013cu.&nbsp; Lieto&scaron;ana: uzkl\u0101t uz mitriem matiem, saputot, noskalot ar \u016bdeni. Piesardz\u012bbas pas\u0101kumi: Ja iek\u013c\u016bst ac\u012bs, r\u016bp\u012bgi izskalojiet ar lielu \u016bdens daudzumu.&nbsp;Iesp\u0113jama paaugstin\u0101ta individu\u0101l\u0101 jut\u012bba pret atsevi&scaron;\u0137\u0101m sast\u0101vda\u013c\u0101m.<\/p>\n","protected":false},"featured_media":102809,"template":"","meta":[],"product_cat":[1248],"product_tag":[],"class_list":{"0":"post-39093","1":"product","2":"type-product","3":"status-publish","4":"has-post-thumbnail","6":"product_brand-elfa_ua","7":"product_cat-sampuni","9":"first","10":"outofstock","11":"taxable","12":"shipping-taxable","13":"product-type-simple"},"_links":{"self":[{"href":"https:\/\/e.kosmolat.eu\/lv\/wp-json\/wp\/v2\/product\/39093","targetHints":{"allow":["GET"]}}],"collection":[{"href":"https:\/\/e.kosmolat.eu\/lv\/wp-json\/wp\/v2\/product"}],"about":[{"href":"https:\/\/e.kosmolat.eu\/lv\/wp-json\/wp\/v2\/types\/product"}],"wp:featuredmedia":[{"embeddable":true,"href":"https:\/\/e.kosmolat.eu\/lv\/wp-json\/wp\/v2\/media\/102809"}],"wp:attachment":[{"href":"https:\/\/e.kosmolat.eu\/lv\/wp-json\/wp\/v2\/media?parent=39093"}],"wp:term":[{"taxonomy":"product_cat","embeddable":true,"href":"https:\/\/e.kosmolat.eu\/lv\/wp-json\/wp\/v2\/product_cat?post=39093"},{"taxonomy":"product_tag","embeddable":true,"href":"https:\/\/e.kosmolat.eu\/lv\/wp-json\/wp\/v2\/product_tag?post=39093"}],"curies":[{"name":"wp","href":"https:\/\/api.w.org\/{rel}","templated":true}]}}