{"id":39029,"date":"2023-12-22T22:40:50","date_gmt":"2023-12-22T22:40:50","guid":{"rendered":"https:\/\/e.kosmolat.eu\/product\/ld-hyaluron-elixir-hial-serums-aktivators-35-g\/"},"modified":"2025-05-16T08:26:13","modified_gmt":"2025-05-16T08:26:13","slug":"ld-hyaluron-elixir-hial-serums-aktivators-35-g","status":"publish","type":"product","link":"https:\/\/e.kosmolat.eu\/lv\/product\/ld-hyaluron-elixir-hial-serums-aktivators-35-g\/","title":{"rendered":"LD Hyaluron Elixir Hial. serums-aktivators, 35 g"},"content":{"rendered":"<p>Hialuronsk\u0101bes seruma koncentr\u0113t\u0101 formula efekt\u012bvi mitrina \u0101du, stiprina atjauno\u0161an\u0101s procesus, pal\u012bdzot saglab\u0101t jaun\u012bbu un skaistumu.&nbsp;<\/p>\n<p><strong>Niacinam\u012bds:&nbsp;<\/strong><\/p>\n<ul>\n<li>veicina kolag\u0113na sint\u0113zi;<\/li>\n<li>palielina lip\u012bdu apjomu;<\/li>\n<li>samazina rozacejas simptomus;<\/li>\n<li>mazina grumbu dzi\u013cumu;<\/li>\n<li>savelk poras un padara \u0101du gai\u0161\u0101ku.<\/li>\n<\/ul>\n<p><strong>Lieto\u0161ana:<\/strong> ar viegl\u0101m kust\u012bb\u0101m uzkl\u0101jiet nelielu seruma daudzumu uz t\u012bras \u0101das, \u013caujiet uzs\u016bkties. L\u012bdzek\u013ca efektivit\u0101te pastiprin\u0101s, lietojot zem Hyaluron Elixir s\u0113rijas kr\u0113ma.<\/p>\n<p>Uzglab\u0101t temperat\u016br\u0101 no 0 &deg;C l\u012bdz +25 &deg;C.<\/p>\n<p><strong>Der\u012bguma termi\u0146\u0161: <\/strong>30 m\u0113ne\u0161i.<br \/>\n&nbsp;<\/p>\n","protected":false},"excerpt":{"rendered":"<p>Hialuronsk\u0101bes seruma koncentr\u0113t\u0101 formula efekt\u012bvi mitrina \u0101du, stiprina atjauno\u0161an\u0101s procesus, pal\u012bdzot saglab\u0101t jaun\u012bbu un skaistumu.&nbsp; Niacinam\u012bds:&nbsp; veicina kolag\u0113na sint\u0113zi; palielina lip\u012bdu apjomu; samazina rozacejas simptomus; mazina grumbu dzi\u013cumu; savelk poras un padara \u0101du gai\u0161\u0101ku. Lieto\u0161ana: ar viegl\u0101m kust\u012bb\u0101m uzkl\u0101jiet nelielu seruma daudzumu uz t\u012bras \u0101das, \u013caujiet uzs\u016bkties. L\u012bdzek\u013ca efektivit\u0101te pastiprin\u0101s, lietojot zem Hyaluron Elixir s\u0113rijas [&#8230;]\n","protected":false},"featured_media":14201,"template":"","meta":[],"product_cat":[1327],"product_tag":[],"class_list":{"0":"post-39029","1":"product","2":"type-product","3":"status-publish","4":"has-post-thumbnail","6":"product_brand-belgates_by","7":"product_cat-serumai","9":"first","10":"instock","11":"taxable","12":"shipping-taxable","13":"product-type-simple"},"_links":{"self":[{"href":"https:\/\/e.kosmolat.eu\/lv\/wp-json\/wp\/v2\/product\/39029","targetHints":{"allow":["GET"]}}],"collection":[{"href":"https:\/\/e.kosmolat.eu\/lv\/wp-json\/wp\/v2\/product"}],"about":[{"href":"https:\/\/e.kosmolat.eu\/lv\/wp-json\/wp\/v2\/types\/product"}],"wp:featuredmedia":[{"embeddable":true,"href":"https:\/\/e.kosmolat.eu\/lv\/wp-json\/wp\/v2\/media\/14201"}],"wp:attachment":[{"href":"https:\/\/e.kosmolat.eu\/lv\/wp-json\/wp\/v2\/media?parent=39029"}],"wp:term":[{"taxonomy":"product_cat","embeddable":true,"href":"https:\/\/e.kosmolat.eu\/lv\/wp-json\/wp\/v2\/product_cat?post=39029"},{"taxonomy":"product_tag","embeddable":true,"href":"https:\/\/e.kosmolat.eu\/lv\/wp-json\/wp\/v2\/product_tag?post=39029"}],"curies":[{"name":"wp","href":"https:\/\/api.w.org\/{rel}","templated":true}]}}