{"id":39025,"date":"2023-12-22T22:40:19","date_gmt":"2023-12-22T22:40:19","guid":{"rendered":"https:\/\/e.kosmolat.eu\/product\/ld-hyaluron-elixir-micelarais-udens-200-ml\/"},"modified":"2025-08-07T10:51:06","modified_gmt":"2025-08-07T10:51:06","slug":"ld-hyaluron-elixir-micelarais-udens-200-ml","status":"publish","type":"product","link":"https:\/\/e.kosmolat.eu\/lv\/product\/ld-hyaluron-elixir-micelarais-udens-200-ml\/","title":{"rendered":"LD Hyaluron Elixir Micel\u0101rais \u016bdens, 200 ml"},"content":{"rendered":"<p>Micel\u0101r\u0101 \u016bdens formula, kuras pamat\u0101 ir maigas virsmakt\u012bv\u0101s vielas, ir ide\u0101li piem\u0113rota saudz\u012bgai \u0101das att\u012br\u012b\u0161anai un kosm\u0113tikas no\u0146em\u0161anai.<\/p>\n<p>Akt\u012bvo sast\u0101vda\u013cu komplekss uzlabo att\u012br\u012b\u0161anas procesu, pies\u0101tina \u0101du ar mitrumu, paaugstina t\u0101s tvirtumu un elast\u012bbu, d\u0101v\u0101jot \u0101dai svaigu un mirdzo\u0161u izskatu.<\/p>\n<p>Niacinam\u012bds:<br \/>\n&#8211; Stimul\u0113 kolag\u0113na sint\u0113zi;<br \/>\n&#8211; Palielina lip\u012bdu daudzumu: tauksk\u0101bes &ndash; par 67%, keram\u012bdus &ndash; par 34%;<br \/>\n&#8211; Uzlabo barjeras funkciju, paaugstina \u0101das mitrin\u0101\u0161anu<br \/>\n&#8211; Mazina rozacejas simptomus;<br \/>\n&#8211; Savelk poras, padara \u0101du l\u012bdzen\u0101ku;<br \/>\n&#8211; Samazina vecuma plankumus, padarot \u0101du gai\u0161\u0101ku;<br \/>\n&#8211; Regul\u0113 sebuma izstr\u0101di, nodro\u0161ina intens\u012bvu pretiekaisuma iedarb\u012bbu;<\/p>\n<p>Hialuronsk\u0101be regul\u0113 \u016bdens l\u012bdzsvaru \u0161\u016bn\u0101s, pie\u0161\u0137ir \u0101dai tvirtumu un elast\u012bbu.<\/p>\n<p>Alanto\u012bns un beta\u012bns aktiviz\u0113 \u0161\u016bnu atjauno\u0161anos un veicina mitruma saglab\u0101\u0161anu, padarot \u0101du m\u012bkst\u0101ku.<\/p>\n<p>Piensk\u0101be normaliz\u0113 \u0101das pH.<\/p>\n<p><strong>Lieto\u0161ana: <\/strong>samitriniet vates disku ar l\u012bdzekli, maigi no\u0146emiet kosm\u0113tiku un not\u012briet seju. Nav nepiecie\u0161ams noskalot.<\/p>\n<p>Uzglab\u0101t temperat\u016br\u0101 no +5&deg;C l\u012bdz +25&deg;C.<\/p>\n<p><strong>Der\u012bguma termi\u0146\u0161:<\/strong> 30 m\u0113ne\u0161i.<br \/>\n&nbsp;<\/p>\n","protected":false},"excerpt":{"rendered":"<p>Micel\u0101r\u0101 \u016bdens formula, kuras pamat\u0101 ir maigas virsmakt\u012bv\u0101s vielas, ir ide\u0101li piem\u0113rota saudz\u012bgai \u0101das att\u012br\u012b\u0161anai un kosm\u0113tikas no\u0146em\u0161anai. Akt\u012bvo sast\u0101vda\u013cu komplekss uzlabo att\u012br\u012b\u0161anas procesu, pies\u0101tina \u0101du ar mitrumu, paaugstina t\u0101s tvirtumu un elast\u012bbu, d\u0101v\u0101jot \u0101dai svaigu un mirdzo\u0161u izskatu. Niacinam\u012bds: &#8211; Stimul\u0113 kolag\u0113na sint\u0113zi; &#8211; Palielina lip\u012bdu daudzumu: tauksk\u0101bes &ndash; par 67%, keram\u012bdus &ndash; par [&#8230;]\n","protected":false},"featured_media":14193,"template":"","meta":[],"product_cat":[1999],"product_tag":[],"class_list":{"0":"post-39025","1":"product","2":"type-product","3":"status-publish","4":"has-post-thumbnail","6":"product_brand-belgates_by","7":"product_cat-bez-kategorijas","9":"first","10":"outofstock","11":"taxable","12":"shipping-taxable","13":"product-type-simple"},"_links":{"self":[{"href":"https:\/\/e.kosmolat.eu\/lv\/wp-json\/wp\/v2\/product\/39025","targetHints":{"allow":["GET"]}}],"collection":[{"href":"https:\/\/e.kosmolat.eu\/lv\/wp-json\/wp\/v2\/product"}],"about":[{"href":"https:\/\/e.kosmolat.eu\/lv\/wp-json\/wp\/v2\/types\/product"}],"wp:featuredmedia":[{"embeddable":true,"href":"https:\/\/e.kosmolat.eu\/lv\/wp-json\/wp\/v2\/media\/14193"}],"wp:attachment":[{"href":"https:\/\/e.kosmolat.eu\/lv\/wp-json\/wp\/v2\/media?parent=39025"}],"wp:term":[{"taxonomy":"product_cat","embeddable":true,"href":"https:\/\/e.kosmolat.eu\/lv\/wp-json\/wp\/v2\/product_cat?post=39025"},{"taxonomy":"product_tag","embeddable":true,"href":"https:\/\/e.kosmolat.eu\/lv\/wp-json\/wp\/v2\/product_tag?post=39025"}],"curies":[{"name":"wp","href":"https:\/\/api.w.org\/{rel}","templated":true}]}}