{"id":39013,"date":"2023-12-22T22:39:05","date_gmt":"2023-12-22T22:39:05","guid":{"rendered":"https:\/\/e.kosmolat.eu\/product\/bd-pilinga-disks-ar-azijas-centiliju-tejas-koku-un-skabem-5-g\/"},"modified":"2025-07-08T13:09:51","modified_gmt":"2025-07-08T13:09:51","slug":"bd-pilinga-disks-ar-azijas-centiliju-tejas-koku-un-skabem-5-g","status":"publish","type":"product","link":"https:\/\/e.kosmolat.eu\/lv\/product\/bd-pilinga-disks-ar-azijas-centiliju-tejas-koku-un-skabem-5-g\/","title":{"rendered":"BD Pilinga disks ar Azijas centiliju, tejas koku un skabem, 5 g"},"content":{"rendered":"<p>Nodro\u0161ina komplekso p\u012blingu un kop\u0161anu taukainai un jaukta tipa \u0101dai, akt\u012bv\u0101s sast\u0101vda\u013cas pal\u012bdz mazin\u0101t \u0101das nepiln\u012bbas.<\/p>\n<p><strong>\u0100zijas cent\u012blijas ekstrakts<\/strong> nomierina \u0101du, mazina iekaisumu, post akne r\u0113tas un \u0101das noveco\u0161anos.<br \/>\n<strong>T\u0113jas koka e\u013c\u013ca <\/strong>ir lielisks antiseptisks l\u012bdzeklis, kas att\u012bra \u0101du un mazina \u0101das nepiln\u012bbas.<br \/>\n<strong>AHA, BHA, PHA sk\u0101bes<\/strong> pal\u012bdz nolob\u012bt atmiru\u0161\u0101s \u0101das \u0161\u016bnas, samazina vecuma plankumus, izl\u012bdzina \u0101du un t\u0101s kr\u0101su, mazina iekaisumu, normaliz\u0113 sebuma izstr\u0101di un pal\u012bdz atjaunot \u0101du.<\/p>\n<p><strong>Lieto\u0161ana:<\/strong> 1. Ar ap\u013cveida kust\u012bb\u0101m viegli mas\u0113jiet t\u012bru, nedaudz mitru \u0101du ar diska rievoto pusi 1-2 min\u016btes, \u012bpa\u0161u uzman\u012bbu piev\u0113r\u0161ot \u0101das problem\u0101tiskaj\u0101m viet\u0101m. Izvairieties no zonas ap ac\u012bm un l\u016bp\u0101m. 2. Noslaukiet \u0101du ar diska gludo pusi. 3. Nomazg\u0101jiet seju ar \u016bdeni.<\/p>\n<p><strong>Br\u012bdin\u0101jumi:<\/strong> Nelietojiet p\u012blinga disku divreiz! Ieteicams lietot ne bie\u017e\u0101k k\u0101 reizi ned\u0113\u013c\u0101. Pirms lieto\u0161anas p\u0101rbaudiet \u0101das reakciju uz p\u012blinga disku uz neliela \u0101das laukuma aiz auss. P\u0101rtrauciet produkta lieto\u0161anu jebk\u0101das aler\u0123iskas reakcijas gad\u012bjum\u0101. Paredz\u0113ts tikai \u0101r\u012bgai lieto\u0161anai. P\u012blinga disku ieteicams lietot uzreiz p\u0113c iepakojuma atv\u0113r\u0161anas. Nelietot uz boj\u0101tas, kairin\u0101tas \u0101das vai p\u0113c eksfoli\u0101cijas. Izvairieties no saskares ar ac\u012bm. Ja nok\u013c\u016bst ac\u012bs, izskalot ar lielu \u016bdens daudzumu.<\/p>\n<p><strong>Kontrindik\u0101cijas: <\/strong>individu\u0101la jut\u012bba pret p\u012blinga diska sast\u0101vda\u013c\u0101m. Uzglab\u0101t temperat\u016br\u0101 no +5&deg;C l\u012bdz +25&deg;C ar relat\u012bvo gaisa mitrumu 55-70%, sarg\u0101jot no tie\u0161iem saules stariem, vismaz 1 m att\u0101lum\u0101 no paaugstin\u0101tas temperat\u016bras avotiem.<\/p>\n<p><strong>Der\u012bguma termi\u0146\u0161: <\/strong>36 m\u0113ne\u0161i no izgatavo\u0161anas datuma, kas nor\u0101d\u012bts uz iepakojuma.<br \/>\n&nbsp;<\/p>\n","protected":false},"excerpt":{"rendered":"<p>Nodro\u0161ina komplekso p\u012blingu un kop\u0161anu taukainai un jaukta tipa \u0101dai, akt\u012bv\u0101s sast\u0101vda\u013cas pal\u012bdz mazin\u0101t \u0101das nepiln\u012bbas. \u0100zijas cent\u012blijas ekstrakts nomierina \u0101du, mazina iekaisumu, post akne r\u0113tas un \u0101das noveco\u0161anos. T\u0113jas koka e\u013c\u013ca ir lielisks antiseptisks l\u012bdzeklis, kas att\u012bra \u0101du un mazina \u0101das nepiln\u012bbas. AHA, BHA, PHA sk\u0101bes pal\u012bdz nolob\u012bt atmiru\u0161\u0101s \u0101das \u0161\u016bnas, samazina vecuma plankumus, [&#8230;]\n","protected":false},"featured_media":14241,"template":"","meta":[],"product_cat":[1394],"product_tag":[],"class_list":{"0":"post-39013","1":"product","2":"type-product","3":"status-publish","4":"has-post-thumbnail","6":"product_brand-naturpro_ua","7":"product_cat-skrubji-un-pilingi-sejai","9":"first","10":"outofstock","11":"taxable","12":"shipping-taxable","13":"product-type-simple"},"_links":{"self":[{"href":"https:\/\/e.kosmolat.eu\/lv\/wp-json\/wp\/v2\/product\/39013","targetHints":{"allow":["GET"]}}],"collection":[{"href":"https:\/\/e.kosmolat.eu\/lv\/wp-json\/wp\/v2\/product"}],"about":[{"href":"https:\/\/e.kosmolat.eu\/lv\/wp-json\/wp\/v2\/types\/product"}],"wp:featuredmedia":[{"embeddable":true,"href":"https:\/\/e.kosmolat.eu\/lv\/wp-json\/wp\/v2\/media\/14241"}],"wp:attachment":[{"href":"https:\/\/e.kosmolat.eu\/lv\/wp-json\/wp\/v2\/media?parent=39013"}],"wp:term":[{"taxonomy":"product_cat","embeddable":true,"href":"https:\/\/e.kosmolat.eu\/lv\/wp-json\/wp\/v2\/product_cat?post=39013"},{"taxonomy":"product_tag","embeddable":true,"href":"https:\/\/e.kosmolat.eu\/lv\/wp-json\/wp\/v2\/product_tag?post=39013"}],"curies":[{"name":"wp","href":"https:\/\/api.w.org\/{rel}","templated":true}]}}