{"id":39009,"date":"2023-12-22T22:38:46","date_gmt":"2023-12-22T22:38:46","guid":{"rendered":"https:\/\/e.kosmolat.eu\/product\/bd-sejas-matejosas-salvetes-ar-salicilskabi-80-gab\/"},"modified":"2026-04-14T09:54:47","modified_gmt":"2026-04-14T09:54:47","slug":"bd-sejas-matejosas-salvetes-ar-salicilskabi-80-gab","status":"publish","type":"product","link":"https:\/\/e.kosmolat.eu\/lv\/product\/bd-sejas-matejosas-salvetes-ar-salicilskabi-80-gab\/","title":{"rendered":"BD Sejas matejosas salvetes ar salicilskabi, 80 gab."},"content":{"rendered":"<p>Sejas mat\u0113jo\u0161\u0101s salvetes ar salicilsk\u0101bi pal\u012bdz atbr\u012bvoties no liek\u0101 sp\u012bduma, nepieskaroties sejai ar rok\u0101m un rezult\u0101t\u0101 &ndash; pal\u012bdz aizsarg\u0101t<br \/>\n\u0101du no mikrobiem, k\u0101 ar\u012b saglab\u0101t meikapu visas dienas garum\u0101.<\/p>\n<p><strong>Lieto\u0161ana:<\/strong> iz\u0146emiet salveti no iepakojuma un viegli piespiediet to pie sejas, \u012bpa\u0161u uzman\u012bbu piev\u0113r\u0161ot degunam, pierei un zodam. Var lietot p\u0113c vajadz\u012bbas visas dienas garum\u0101.<\/p>\n<p><strong>Uzman\u012bbu:<\/strong> tikai \u0101r\u012bgai lieto\u0161anai. Izmantojiet tikai tam paredz\u0113tiem m\u0113r\u0137iem. Katra salvete ir vienreizlietojama.<\/p>\n<p><strong>Kontrindik\u0101cijas:<\/strong> individu\u0101la jut\u012bba pret mat\u0113jo\u0161\u0101s salvetes sast\u0101vda\u013c\u0101m. Uzglab\u0101t temperat\u016br\u0101 no +5&deg;C l\u012bdz +25&deg;C un 55-70%&nbsp;<br \/>\nar relat\u012bvo gaisa mitrumu 55-70%, sarg\u0101jot no tie\u0161iem saules stariem, vismaz 1 m att\u0101lum\u0101 no paaugstin\u0101tas temperat\u016bras avotiem.<\/p>\n<p><strong>Der\u012bguma termi\u0146\u0161:<\/strong> 36 m\u0113ne\u0161i no izgatavo\u0161anas datuma, kas nor\u0101d\u012bts uz iepakojuma.<br \/>\n&nbsp;<\/p>\n","protected":false},"excerpt":{"rendered":"<p>Sejas mat\u0113jo\u0161\u0101s salvetes ar salicilsk\u0101bi pal\u012bdz atbr\u012bvoties no liek\u0101 sp\u012bduma, nepieskaroties sejai ar rok\u0101m un rezult\u0101t\u0101 &ndash; pal\u012bdz aizsarg\u0101t \u0101du no mikrobiem, k\u0101 ar\u012b saglab\u0101t meikapu visas dienas garum\u0101. Lieto\u0161ana: iz\u0146emiet salveti no iepakojuma un viegli piespiediet to pie sejas, \u012bpa\u0161u uzman\u012bbu piev\u0113r\u0161ot degunam, pierei un zodam. Var lietot p\u0113c vajadz\u012bbas visas dienas garum\u0101. Uzman\u012bbu: [&#8230;]\n","protected":false},"featured_media":100316,"template":"","meta":[],"product_cat":[1289],"product_tag":[],"class_list":{"0":"post-39009","1":"product","2":"type-product","3":"status-publish","4":"has-post-thumbnail","6":"product_brand-naturpro_ua","7":"product_cat-grima-pamats","9":"first","10":"instock","11":"taxable","12":"shipping-taxable","13":"product-type-simple"},"_links":{"self":[{"href":"https:\/\/e.kosmolat.eu\/lv\/wp-json\/wp\/v2\/product\/39009","targetHints":{"allow":["GET"]}}],"collection":[{"href":"https:\/\/e.kosmolat.eu\/lv\/wp-json\/wp\/v2\/product"}],"about":[{"href":"https:\/\/e.kosmolat.eu\/lv\/wp-json\/wp\/v2\/types\/product"}],"wp:featuredmedia":[{"embeddable":true,"href":"https:\/\/e.kosmolat.eu\/lv\/wp-json\/wp\/v2\/media\/100316"}],"wp:attachment":[{"href":"https:\/\/e.kosmolat.eu\/lv\/wp-json\/wp\/v2\/media?parent=39009"}],"wp:term":[{"taxonomy":"product_cat","embeddable":true,"href":"https:\/\/e.kosmolat.eu\/lv\/wp-json\/wp\/v2\/product_cat?post=39009"},{"taxonomy":"product_tag","embeddable":true,"href":"https:\/\/e.kosmolat.eu\/lv\/wp-json\/wp\/v2\/product_tag?post=39009"}],"curies":[{"name":"wp","href":"https:\/\/api.w.org\/{rel}","templated":true}]}}