{"id":39001,"date":"2023-12-22T22:38:02","date_gmt":"2023-12-22T22:38:02","guid":{"rendered":"https:\/\/e.kosmolat.eu\/product\/hl-cietas-ziepes-lavanda-un-propoliss-180-g\/"},"modified":"2026-04-23T07:26:18","modified_gmt":"2026-04-23T07:26:18","slug":"hl-cietas-ziepes-lavanda-un-propoliss-180-g","status":"publish","type":"product","link":"https:\/\/e.kosmolat.eu\/lv\/product\/hl-cietas-ziepes-lavanda-un-propoliss-180-g\/","title":{"rendered":"HL Ciet\u0101s ziepes Lavanda un propoliss, 180 g"},"content":{"rendered":"<p>&#8211; Lavandas ekstraktam piem\u012bt antiseptisk\u0101s, \u0101rstniecisk\u0101s \u012bpa\u0161\u012bbas.<\/p>\n<p>&#8211; Propolisa ekstrakts satur biolo\u0123iski akt\u012bv\u0101s vielas un pal\u012bdz nov\u0113rst mikroorganismu prolifer\u0101ciju.<\/p>\n<p><strong>Uzglab\u0101\u0161ana:<\/strong> uzglab\u0101t saus\u0101s, segt\u0101s, labi v\u0113din\u0101m\u0101s telp\u0101s.<\/p>\n<p><strong>Piesardz\u012bbas pas\u0101kumi: <\/strong>ja iek\u013c\u016bst ac\u012bs, r\u016bp\u012bgi izskalojiet ar lielu daudzumu teko\u0161a \u016bdens.<\/p>\n<p><strong>Der\u012bguma termi\u0146\u0161:<\/strong> 5 gadi no izgatavo\u0161anas datuma.<br \/>\n&nbsp;<\/p>\n","protected":false},"excerpt":{"rendered":"<p>&#8211; Lavandas ekstraktam piem\u012bt antiseptisk\u0101s, \u0101rstniecisk\u0101s \u012bpa\u0161\u012bbas. &#8211; Propolisa ekstrakts satur biolo\u0123iski akt\u012bv\u0101s vielas un pal\u012bdz nov\u0113rst mikroorganismu prolifer\u0101ciju. Uzglab\u0101\u0161ana: uzglab\u0101t saus\u0101s, segt\u0101s, labi v\u0113din\u0101m\u0101s telp\u0101s. Piesardz\u012bbas pas\u0101kumi: ja iek\u013c\u016bst ac\u012bs, r\u016bp\u012bgi izskalojiet ar lielu daudzumu teko\u0161a \u016bdens. Der\u012bguma termi\u0146\u0161: 5 gadi no izgatavo\u0161anas datuma. &nbsp;<\/p>\n","protected":false},"featured_media":99481,"template":"","meta":[],"product_cat":[2181],"product_tag":[],"class_list":{"0":"post-39001","1":"product","2":"type-product","3":"status-publish","4":"has-post-thumbnail","6":"product_brand-slobozanskij-milovar_ua","7":"product_cat-bez-kategorijas-lt","9":"first","10":"instock","11":"taxable","12":"shipping-taxable","13":"product-type-simple"},"_links":{"self":[{"href":"https:\/\/e.kosmolat.eu\/lv\/wp-json\/wp\/v2\/product\/39001","targetHints":{"allow":["GET"]}}],"collection":[{"href":"https:\/\/e.kosmolat.eu\/lv\/wp-json\/wp\/v2\/product"}],"about":[{"href":"https:\/\/e.kosmolat.eu\/lv\/wp-json\/wp\/v2\/types\/product"}],"wp:featuredmedia":[{"embeddable":true,"href":"https:\/\/e.kosmolat.eu\/lv\/wp-json\/wp\/v2\/media\/99481"}],"wp:attachment":[{"href":"https:\/\/e.kosmolat.eu\/lv\/wp-json\/wp\/v2\/media?parent=39001"}],"wp:term":[{"taxonomy":"product_cat","embeddable":true,"href":"https:\/\/e.kosmolat.eu\/lv\/wp-json\/wp\/v2\/product_cat?post=39001"},{"taxonomy":"product_tag","embeddable":true,"href":"https:\/\/e.kosmolat.eu\/lv\/wp-json\/wp\/v2\/product_tag?post=39001"}],"curies":[{"name":"wp","href":"https:\/\/api.w.org\/{rel}","templated":true}]}}