{"id":38997,"date":"2023-12-22T22:37:34","date_gmt":"2023-12-22T22:37:34","guid":{"rendered":"https:\/\/e.kosmolat.eu\/product\/hl-cietas-ziepes-sark-magone-un-krustnagl-180-g\/"},"modified":"2026-04-23T07:26:05","modified_gmt":"2026-04-23T07:26:05","slug":"hl-cietas-ziepes-sark-magone-un-krustnagl-180-g","status":"publish","type":"product","link":"https:\/\/e.kosmolat.eu\/lv\/product\/hl-cietas-ziepes-sark-magone-un-krustnagl-180-g\/","title":{"rendered":"HL Ciet\u0101s ziepes Sark. magone un krustnagl., 180 g"},"content":{"rendered":"<p>&#8211; Mago\u0146u s\u0113klu e\u013c\u013ca satur v\u0113rt\u012bgas tauksk\u0101bes, vitam\u012bnus un mikroelementus, kas kopj un m\u012bkstina \u0101du.<br \/>\n&#8211; Krustnagli\u0146u ekstraktam piem\u012bt pretiekaisuma un br\u016b\u010du dziedino\u0161as \u012bpa\u0161\u012bbas.<\/p>\n<p><strong>Uzglab\u0101\u0161ana: <\/strong>uzglab\u0101t saus\u0101s, segt\u0101s, labi v\u0113din\u0101m\u0101s telp\u0101s.<\/p>\n<p><strong>Piesardz\u012bbas pas\u0101kumi:<\/strong> ja iek\u013c\u016bst ac\u012bs, r\u016bp\u012bgi izskalojiet ar lielu daudzumu teko\u0161a \u016bdens.<\/p>\n<p><strong>Der\u012bguma termi\u0146\u0161:<\/strong> 5 gadi no izgatavo\u0161anas datuma.<br \/>\n&nbsp;<\/p>\n","protected":false},"excerpt":{"rendered":"<p>&#8211; Mago\u0146u s\u0113klu e\u013c\u013ca satur v\u0113rt\u012bgas tauksk\u0101bes, vitam\u012bnus un mikroelementus, kas kopj un m\u012bkstina \u0101du. &#8211; Krustnagli\u0146u ekstraktam piem\u012bt pretiekaisuma un br\u016b\u010du dziedino\u0161as \u012bpa\u0161\u012bbas. Uzglab\u0101\u0161ana: uzglab\u0101t saus\u0101s, segt\u0101s, labi v\u0113din\u0101m\u0101s telp\u0101s. Piesardz\u012bbas pas\u0101kumi: ja iek\u013c\u016bst ac\u012bs, r\u016bp\u012bgi izskalojiet ar lielu daudzumu teko\u0161a \u016bdens. Der\u012bguma termi\u0146\u0161: 5 gadi no izgatavo\u0161anas datuma. &nbsp;<\/p>\n","protected":false},"featured_media":99477,"template":"","meta":[],"product_cat":[2181],"product_tag":[],"class_list":{"0":"post-38997","1":"product","2":"type-product","3":"status-publish","4":"has-post-thumbnail","6":"product_brand-slobozanskij-milovar_ua","7":"product_cat-bez-kategorijas-lt","9":"first","10":"instock","11":"taxable","12":"shipping-taxable","13":"product-type-simple"},"_links":{"self":[{"href":"https:\/\/e.kosmolat.eu\/lv\/wp-json\/wp\/v2\/product\/38997","targetHints":{"allow":["GET"]}}],"collection":[{"href":"https:\/\/e.kosmolat.eu\/lv\/wp-json\/wp\/v2\/product"}],"about":[{"href":"https:\/\/e.kosmolat.eu\/lv\/wp-json\/wp\/v2\/types\/product"}],"wp:featuredmedia":[{"embeddable":true,"href":"https:\/\/e.kosmolat.eu\/lv\/wp-json\/wp\/v2\/media\/99477"}],"wp:attachment":[{"href":"https:\/\/e.kosmolat.eu\/lv\/wp-json\/wp\/v2\/media?parent=38997"}],"wp:term":[{"taxonomy":"product_cat","embeddable":true,"href":"https:\/\/e.kosmolat.eu\/lv\/wp-json\/wp\/v2\/product_cat?post=38997"},{"taxonomy":"product_tag","embeddable":true,"href":"https:\/\/e.kosmolat.eu\/lv\/wp-json\/wp\/v2\/product_tag?post=38997"}],"curies":[{"name":"wp","href":"https:\/\/api.w.org\/{rel}","templated":true}]}}