{"id":38993,"date":"2023-12-22T22:37:14","date_gmt":"2023-12-22T22:37:14","guid":{"rendered":"https:\/\/e.kosmolat.eu\/product\/hl-cietas-ziepes-kanepe-un-kokvilna-180-g\/"},"modified":"2026-04-21T10:11:17","modified_gmt":"2026-04-21T10:11:17","slug":"hl-cietas-ziepes-kanepe-un-kokvilna-180-g","status":"publish","type":"product","link":"https:\/\/e.kosmolat.eu\/lv\/product\/hl-cietas-ziepes-kanepe-un-kokvilna-180-g\/","title":{"rendered":"HL Ciet\u0101s ziepes Ka\u0146epe un kokvilna, 180 g"},"content":{"rendered":"<p>&#8211;&nbsp;&nbsp; &nbsp;Ka\u0146epju e\u013c\u013ca satur Omega-3, 6 un 9 &ndash; tauksk\u0101bes, vitam\u012bnus un citas v\u0113rt\u012bgas vielas un pal\u012bdz mitrin\u0101t un atjaunot \u0101das aizsargbarjeru.<br \/>\n&#8211;&nbsp;&nbsp; &nbsp;Kokvilnas ekstrakts sniedz svaiguma un komforta saj\u016btu, pal\u012bdz m\u012bkstin\u0101t \u0101du un mazin\u0101t kairin\u0101jumu.<\/p>\n<p><strong>Uzglab\u0101\u0161ana: <\/strong>uzglab\u0101t saus\u0101s, segt\u0101s, labi v\u0113din\u0101m\u0101s telp\u0101s.<\/p>\n<p><strong>Piesardz\u012bbas pas\u0101kumi:<\/strong> ja iek\u013c\u016bst ac\u012bs, r\u016bp\u012bgi izskalojiet ar lielu daudzumu teko\u0161a \u016bdens.<\/p>\n<p><strong>Der\u012bguma termi\u0146\u0161:<\/strong> 5 gadi no izgatavo\u0161anas datuma.<br \/>\n&nbsp;<\/p>\n","protected":false},"excerpt":{"rendered":"<p>&#8211;&nbsp;&nbsp; &nbsp;Ka\u0146epju e\u013c\u013ca satur Omega-3, 6 un 9 &ndash; tauksk\u0101bes, vitam\u012bnus un citas v\u0113rt\u012bgas vielas un pal\u012bdz mitrin\u0101t un atjaunot \u0101das aizsargbarjeru. &#8211;&nbsp;&nbsp; &nbsp;Kokvilnas ekstrakts sniedz svaiguma un komforta saj\u016btu, pal\u012bdz m\u012bkstin\u0101t \u0101du un mazin\u0101t kairin\u0101jumu. Uzglab\u0101\u0161ana: uzglab\u0101t saus\u0101s, segt\u0101s, labi v\u0113din\u0101m\u0101s telp\u0101s. Piesardz\u012bbas pas\u0101kumi: ja iek\u013c\u016bst ac\u012bs, r\u016bp\u012bgi izskalojiet ar lielu daudzumu teko\u0161a \u016bdens. [&#8230;]\n","protected":false},"featured_media":99473,"template":"","meta":[],"product_cat":[2181],"product_tag":[],"class_list":{"0":"post-38993","1":"product","2":"type-product","3":"status-publish","4":"has-post-thumbnail","6":"product_brand-slobozanskij-milovar_ua","7":"product_cat-bez-kategorijas-lt","9":"first","10":"instock","11":"taxable","12":"shipping-taxable","13":"product-type-simple"},"_links":{"self":[{"href":"https:\/\/e.kosmolat.eu\/lv\/wp-json\/wp\/v2\/product\/38993","targetHints":{"allow":["GET"]}}],"collection":[{"href":"https:\/\/e.kosmolat.eu\/lv\/wp-json\/wp\/v2\/product"}],"about":[{"href":"https:\/\/e.kosmolat.eu\/lv\/wp-json\/wp\/v2\/types\/product"}],"wp:featuredmedia":[{"embeddable":true,"href":"https:\/\/e.kosmolat.eu\/lv\/wp-json\/wp\/v2\/media\/99473"}],"wp:attachment":[{"href":"https:\/\/e.kosmolat.eu\/lv\/wp-json\/wp\/v2\/media?parent=38993"}],"wp:term":[{"taxonomy":"product_cat","embeddable":true,"href":"https:\/\/e.kosmolat.eu\/lv\/wp-json\/wp\/v2\/product_cat?post=38993"},{"taxonomy":"product_tag","embeddable":true,"href":"https:\/\/e.kosmolat.eu\/lv\/wp-json\/wp\/v2\/product_tag?post=38993"}],"curies":[{"name":"wp","href":"https:\/\/api.w.org\/{rel}","templated":true}]}}