{"id":38985,"date":"2023-12-22T22:35:11","date_gmt":"2023-12-22T22:35:11","guid":{"rendered":"https:\/\/e.kosmolat.eu\/product\/fito-doctor-kaju-krems-pret-plaisam-75-g\/"},"modified":"2025-07-08T14:39:23","modified_gmt":"2025-07-08T14:39:23","slug":"i_fito-doctor-kaju-krems-pret-plaisam-75-g","status":"publish","type":"product","link":"https:\/\/e.kosmolat.eu\/lv\/product\/i_fito-doctor-kaju-krems-pret-plaisam-75-g\/","title":{"rendered":"I_FITO DOCTOR K\u0101ju kr\u0113ms pret plais\u0101m, 75 g"},"content":{"rendered":"<p>Sausai p\u0113du \u0101dai ar plais\u0101m. Regul\u0101ri lietojot kr\u0113mu \u0101da k\u013c\u016bst maiga, elast\u012bga un labi mitrin\u0101ta.<\/p>\n<p><strong>Lieto\u0161ana:<\/strong> uzkl\u0101t uz t\u012bras k\u0101ju \u0101das.&nbsp;<\/p>\n<p><strong>Piesardz\u012bbas pas\u0101kumi:<\/strong> tikai \u0101r\u012bgai lieto\u0161anai.<br \/>\n&nbsp;<\/p>\n","protected":false},"excerpt":{"rendered":"<p>Sausai p\u0113du \u0101dai ar plais\u0101m. Regul\u0101ri lietojot kr\u0113mu \u0101da k\u013c\u016bst maiga, elast\u012bga un labi mitrin\u0101ta. Lieto\u0161ana: uzkl\u0101t uz t\u012bras k\u0101ju \u0101das.&nbsp; Piesardz\u012bbas pas\u0101kumi: tikai \u0101r\u012bgai lieto\u0161anai. &nbsp;<\/p>\n","protected":false},"featured_media":14145,"template":"","meta":[],"product_cat":[1761],"product_tag":[],"class_list":{"0":"post-38985","1":"product","2":"type-product","3":"status-publish","4":"has-post-thumbnail","6":"product_brand-fitodoktor_ua","7":"product_cat-kaju-kopsanas-kosmetika","9":"first","10":"outofstock","11":"taxable","12":"shipping-taxable","13":"product-type-simple"},"_links":{"self":[{"href":"https:\/\/e.kosmolat.eu\/lv\/wp-json\/wp\/v2\/product\/38985","targetHints":{"allow":["GET"]}}],"collection":[{"href":"https:\/\/e.kosmolat.eu\/lv\/wp-json\/wp\/v2\/product"}],"about":[{"href":"https:\/\/e.kosmolat.eu\/lv\/wp-json\/wp\/v2\/types\/product"}],"wp:featuredmedia":[{"embeddable":true,"href":"https:\/\/e.kosmolat.eu\/lv\/wp-json\/wp\/v2\/media\/14145"}],"wp:attachment":[{"href":"https:\/\/e.kosmolat.eu\/lv\/wp-json\/wp\/v2\/media?parent=38985"}],"wp:term":[{"taxonomy":"product_cat","embeddable":true,"href":"https:\/\/e.kosmolat.eu\/lv\/wp-json\/wp\/v2\/product_cat?post=38985"},{"taxonomy":"product_tag","embeddable":true,"href":"https:\/\/e.kosmolat.eu\/lv\/wp-json\/wp\/v2\/product_tag?post=38985"}],"curies":[{"name":"wp","href":"https:\/\/api.w.org\/{rel}","templated":true}]}}