{"id":38981,"date":"2023-12-22T22:34:50","date_gmt":"2023-12-22T22:34:50","guid":{"rendered":"https:\/\/e.kosmolat.eu\/product\/fito-doctor-roku-krems-glicerina-olivu-75-g\/"},"modified":"2025-07-08T15:23:21","modified_gmt":"2025-07-08T15:23:21","slug":"i_fito-doctor-roku-krems-glicerina-olivu-75-g","status":"publish","type":"product","link":"https:\/\/e.kosmolat.eu\/lv\/product\/i_fito-doctor-roku-krems-glicerina-olivu-75-g\/","title":{"rendered":"I_FITO DOCTOR Roku kr\u0113ms, glicer\u012bna, ol\u012bvu, 75 g"},"content":{"rendered":"<p>Roku kr\u0113ms, glicer\u012bna, ol\u012bvu.<\/p>\n<p><strong>Lieto&scaron;ana:<\/strong>&nbsp;uzkl\u0101t uz t\u012bras roku \u0101das.<\/p>\n<p><strong>Piesardz\u012bbas pas\u0101kumi:<\/strong> tikai \u0101r\u012bgai lieto&scaron;anai.<\/p>\n<p>Uzglab\u0101t temperat\u016br\u0101 no 0 &deg;C l\u012bdz +25 &deg;C.<\/p>\n","protected":false},"excerpt":{"rendered":"<p>Roku kr\u0113ms, glicer\u012bna, ol\u012bvu. Lieto&scaron;ana:&nbsp;uzkl\u0101t uz t\u012bras roku \u0101das. Piesardz\u012bbas pas\u0101kumi: tikai \u0101r\u012bgai lieto&scaron;anai. Uzglab\u0101t temperat\u016br\u0101 no 0 &deg;C l\u012bdz +25 &deg;C.<\/p>\n","protected":false},"featured_media":14837,"template":"","meta":[],"product_cat":[1305],"product_tag":[],"class_list":{"0":"post-38981","1":"product","2":"type-product","3":"status-publish","4":"has-post-thumbnail","6":"product_brand-fitodoktor_ua","7":"product_cat-1305","9":"first","10":"outofstock","11":"taxable","12":"shipping-taxable","13":"product-type-simple"},"_links":{"self":[{"href":"https:\/\/e.kosmolat.eu\/lv\/wp-json\/wp\/v2\/product\/38981","targetHints":{"allow":["GET"]}}],"collection":[{"href":"https:\/\/e.kosmolat.eu\/lv\/wp-json\/wp\/v2\/product"}],"about":[{"href":"https:\/\/e.kosmolat.eu\/lv\/wp-json\/wp\/v2\/types\/product"}],"wp:featuredmedia":[{"embeddable":true,"href":"https:\/\/e.kosmolat.eu\/lv\/wp-json\/wp\/v2\/media\/14837"}],"wp:attachment":[{"href":"https:\/\/e.kosmolat.eu\/lv\/wp-json\/wp\/v2\/media?parent=38981"}],"wp:term":[{"taxonomy":"product_cat","embeddable":true,"href":"https:\/\/e.kosmolat.eu\/lv\/wp-json\/wp\/v2\/product_cat?post=38981"},{"taxonomy":"product_tag","embeddable":true,"href":"https:\/\/e.kosmolat.eu\/lv\/wp-json\/wp\/v2\/product_tag?post=38981"}],"curies":[{"name":"wp","href":"https:\/\/api.w.org\/{rel}","templated":true}]}}