{"id":38977,"date":"2023-12-22T22:34:28","date_gmt":"2023-12-22T22:34:28","guid":{"rendered":"https:\/\/e.kosmolat.eu\/product\/fito-doctor-roku-krems-glicerina-ar-persiku-75-g\/"},"modified":"2025-07-08T14:38:59","modified_gmt":"2025-07-08T14:38:59","slug":"i_fito-doctor-roku-krems-glicerina-ar-persiku-75-g","status":"publish","type":"product","link":"https:\/\/e.kosmolat.eu\/lv\/product\/i_fito-doctor-roku-krems-glicerina-ar-persiku-75-g\/","title":{"rendered":"I_FITO DOCTOR Roku kr\u0113ms \u201cGlicer\u012bna\u201d ar persiku, 75 g"},"content":{"rendered":"<p>Kr\u0113ms roku \u0101das mitrin\u0101\u0161anai.<br \/>\nAr melisu ekstraktu un dimetikonu.&nbsp;<\/p>\n<p>\n<strong>Lieto\u0161ana:<\/strong> uzkl\u0101t uz t\u012bras roku \u0101das.&nbsp;<\/p>\n<p>\n<strong>Piesardz\u012bbas pas\u0101kumi:<\/strong> tikai \u0101r\u012bgai lieto\u0161anai.<br \/>\n&nbsp;<\/p>\n","protected":false},"excerpt":{"rendered":"<p>Kr\u0113ms roku \u0101das mitrin\u0101\u0161anai. Ar melisu ekstraktu un dimetikonu.&nbsp; Lieto\u0161ana: uzkl\u0101t uz t\u012bras roku \u0101das.&nbsp; Piesardz\u012bbas pas\u0101kumi: tikai \u0101r\u012bgai lieto\u0161anai. &nbsp;<\/p>\n","protected":false},"featured_media":468,"template":"","meta":[],"product_cat":[1305],"product_tag":[],"class_list":{"0":"post-38977","1":"product","2":"type-product","3":"status-publish","4":"has-post-thumbnail","6":"product_brand-fitodoktor_ua","7":"product_cat-1305","9":"first","10":"outofstock","11":"taxable","12":"shipping-taxable","13":"product-type-simple"},"_links":{"self":[{"href":"https:\/\/e.kosmolat.eu\/lv\/wp-json\/wp\/v2\/product\/38977","targetHints":{"allow":["GET"]}}],"collection":[{"href":"https:\/\/e.kosmolat.eu\/lv\/wp-json\/wp\/v2\/product"}],"about":[{"href":"https:\/\/e.kosmolat.eu\/lv\/wp-json\/wp\/v2\/types\/product"}],"wp:featuredmedia":[{"embeddable":true,"href":"https:\/\/e.kosmolat.eu\/lv\/wp-json\/wp\/v2\/media\/468"}],"wp:attachment":[{"href":"https:\/\/e.kosmolat.eu\/lv\/wp-json\/wp\/v2\/media?parent=38977"}],"wp:term":[{"taxonomy":"product_cat","embeddable":true,"href":"https:\/\/e.kosmolat.eu\/lv\/wp-json\/wp\/v2\/product_cat?post=38977"},{"taxonomy":"product_tag","embeddable":true,"href":"https:\/\/e.kosmolat.eu\/lv\/wp-json\/wp\/v2\/product_tag?post=38977"}],"curies":[{"name":"wp","href":"https:\/\/api.w.org\/{rel}","templated":true}]}}