{"id":38969,"date":"2023-12-22T22:33:44","date_gmt":"2023-12-22T22:33:44","guid":{"rendered":"https:\/\/e.kosmolat.eu\/product\/dr-s-collagen-hair-matu-maska-volume-boost-1-l\/"},"modified":"2025-03-24T06:32:28","modified_gmt":"2025-03-24T06:32:28","slug":"i_dr-s-collagen-hair-matu-maska-volume-boost-1-l","status":"publish","type":"product","link":"https:\/\/e.kosmolat.eu\/lv\/product\/i_dr-s-collagen-hair-matu-maska-volume-boost-1-l\/","title":{"rendered":"I_Dr.S.COLLAGEN HAIR Matu maska Volume boost, 1 l"},"content":{"rendered":"<p>Dr.Sante Collagen Hair Boost &ndash; skaistumkop&scaron;anas fenomens stipriem un skaistiem matiem no sakn\u0113m l\u012bdz gali\u0146iem. Mitrin\u0101&scaron;ana, super apjoms bez smaguma saj\u016btas, aizsardz\u012bba pret matu l\u016b&scaron;anu vis\u0101 to garum\u0101.<\/p>\n<p><strong>Lieto&scaron;ana: <\/strong>uzkl\u0101t uz t\u012briem mitriem matiem. Atst\u0101t uz 5-10 min\u016bt\u0113m, tad r\u016bp\u012bgi nomazg\u0101t ar \u016bdeni.&nbsp;<\/p>\n<p><strong>Piesardz\u012bbas pas\u0101kumi: <\/strong>ja iek\u013c\u016bst ac\u012bs, noskalot ar \u016bdeni.<br \/>\n&nbsp;<\/p>\n","protected":false},"excerpt":{"rendered":"<p>Dr.Sante Collagen Hair Boost &ndash; skaistumkop&scaron;anas fenomens stipriem un skaistiem matiem no sakn\u0113m l\u012bdz gali\u0146iem. Mitrin\u0101&scaron;ana, super apjoms bez smaguma saj\u016btas, aizsardz\u012bba pret matu l\u016b&scaron;anu vis\u0101 to garum\u0101. Lieto&scaron;ana: uzkl\u0101t uz t\u012briem mitriem matiem. Atst\u0101t uz 5-10 min\u016bt\u0113m, tad r\u016bp\u012bgi nomazg\u0101t ar \u016bdeni.&nbsp; Piesardz\u012bbas pas\u0101kumi: ja iek\u013c\u016bst ac\u012bs, noskalot ar \u016bdeni. &nbsp;<\/p>\n","protected":false},"featured_media":25357,"template":"","meta":[],"product_cat":[1254],"product_tag":[],"class_list":{"0":"post-38969","1":"product","2":"type-product","3":"status-publish","4":"has-post-thumbnail","6":"product_brand-elfa_ua","7":"product_cat-maskas-matiem","9":"first","10":"outofstock","11":"taxable","12":"shipping-taxable","13":"product-type-simple"},"_links":{"self":[{"href":"https:\/\/e.kosmolat.eu\/lv\/wp-json\/wp\/v2\/product\/38969","targetHints":{"allow":["GET"]}}],"collection":[{"href":"https:\/\/e.kosmolat.eu\/lv\/wp-json\/wp\/v2\/product"}],"about":[{"href":"https:\/\/e.kosmolat.eu\/lv\/wp-json\/wp\/v2\/types\/product"}],"wp:featuredmedia":[{"embeddable":true,"href":"https:\/\/e.kosmolat.eu\/lv\/wp-json\/wp\/v2\/media\/25357"}],"wp:attachment":[{"href":"https:\/\/e.kosmolat.eu\/lv\/wp-json\/wp\/v2\/media?parent=38969"}],"wp:term":[{"taxonomy":"product_cat","embeddable":true,"href":"https:\/\/e.kosmolat.eu\/lv\/wp-json\/wp\/v2\/product_cat?post=38969"},{"taxonomy":"product_tag","embeddable":true,"href":"https:\/\/e.kosmolat.eu\/lv\/wp-json\/wp\/v2\/product_tag?post=38969"}],"curies":[{"name":"wp","href":"https:\/\/api.w.org\/{rel}","templated":true}]}}