{"id":38965,"date":"2023-12-22T22:30:32","date_gmt":"2023-12-22T22:30:32","guid":{"rendered":"https:\/\/e.kosmolat.eu\/product\/tt-balzams-pec-skusanas-jutig-adai-75-ml\/"},"modified":"2026-04-21T09:34:17","modified_gmt":"2026-04-21T09:34:17","slug":"tt-balzams-pec-skusanas-jutig-adai-75-ml","status":"publish","type":"product","link":"https:\/\/e.kosmolat.eu\/lv\/product\/tt-balzams-pec-skusanas-jutig-adai-75-ml\/","title":{"rendered":"TT Balzams p\u0113c sk\u016b\u0161an\u0101s jutig.adai, 75 ml"},"content":{"rendered":"<p>Balzams p\u0113c sk\u016b\u0161an\u0101s jut\u012bgai \u0101dai. Balzams m\u012bkstina, mitrina un nomierina \u0101du. P\u0113c uzkl\u0101\u0161anas \u0101da atg\u016bst savu dabisko svaigumu un elast\u012bbu.<\/p>\n<p><strong>Lieto\u0161ana:<\/strong> p\u0101rliecinieties, ka j\u016bsu \u0101da ir t\u012bra, izspiediet nelielu balzama daudzumu uz plaukstas un maigi uzkl\u0101jiet uz tikko nosk\u016bt\u0101s vietas.<br \/>\n&nbsp;<\/p>\n","protected":false},"excerpt":{"rendered":"<p>Balzams p\u0113c sk\u016b\u0161an\u0101s jut\u012bgai \u0101dai. Balzams m\u012bkstina, mitrina un nomierina \u0101du. P\u0113c uzkl\u0101\u0161anas \u0101da atg\u016bst savu dabisko svaigumu un elast\u012bbu. Lieto\u0161ana: p\u0101rliecinieties, ka j\u016bsu \u0101da ir t\u012bra, izspiediet nelielu balzama daudzumu uz plaukstas un maigi uzkl\u0101jiet uz tikko nosk\u016bt\u0101s vietas. &nbsp;<\/p>\n","protected":false},"featured_media":97149,"template":"","meta":[],"product_cat":[1999],"product_tag":[],"class_list":{"0":"post-38965","1":"product","2":"type-product","3":"status-publish","4":"has-post-thumbnail","6":"product_brand-rubella-bg","7":"product_cat-bez-kategorijas","9":"first","10":"instock","11":"taxable","12":"shipping-taxable","13":"product-type-simple"},"_links":{"self":[{"href":"https:\/\/e.kosmolat.eu\/lv\/wp-json\/wp\/v2\/product\/38965","targetHints":{"allow":["GET"]}}],"collection":[{"href":"https:\/\/e.kosmolat.eu\/lv\/wp-json\/wp\/v2\/product"}],"about":[{"href":"https:\/\/e.kosmolat.eu\/lv\/wp-json\/wp\/v2\/types\/product"}],"wp:featuredmedia":[{"embeddable":true,"href":"https:\/\/e.kosmolat.eu\/lv\/wp-json\/wp\/v2\/media\/97149"}],"wp:attachment":[{"href":"https:\/\/e.kosmolat.eu\/lv\/wp-json\/wp\/v2\/media?parent=38965"}],"wp:term":[{"taxonomy":"product_cat","embeddable":true,"href":"https:\/\/e.kosmolat.eu\/lv\/wp-json\/wp\/v2\/product_cat?post=38965"},{"taxonomy":"product_tag","embeddable":true,"href":"https:\/\/e.kosmolat.eu\/lv\/wp-json\/wp\/v2\/product_tag?post=38965"}],"curies":[{"name":"wp","href":"https:\/\/api.w.org\/{rel}","templated":true}]}}