{"id":38961,"date":"2023-12-22T22:30:14","date_gmt":"2023-12-22T22:30:14","guid":{"rendered":"https:\/\/e.kosmolat.eu\/product\/top-ten-dynamic-losjons-pec-skusanas-jutigai-adai-100-ml\/"},"modified":"2026-04-22T10:03:49","modified_gmt":"2026-04-22T10:03:49","slug":"top-ten-dynamic-losjons-pec-skusanas-jutigai-adai-100-ml","status":"publish","type":"product","link":"https:\/\/e.kosmolat.eu\/lv\/product\/top-ten-dynamic-losjons-pec-skusanas-jutigai-adai-100-ml\/","title":{"rendered":"TOP TEN Dynamic Losjons p\u0113c sk\u016b\u0161an\u0101s jut\u012bgai \u0101dai, 100 ml"},"content":{"rendered":"<p>Losjons p\u0113c sk\u016b\u0161an\u0101s jut\u012bgai \u0101dai ar izteiktu pretiekaisuma un atv\u0113sino\u0161u efektu.<\/p>\n<p><strong>Uzman\u012bbu:<\/strong> Viegli uzliesmojo\u0161s! Nepie\u013caut nok\u013c\u016b\u0161anu ac\u012bs! Sarg\u0101t no b\u0113rniem!<br \/>\n&nbsp;<\/p>\n","protected":false},"excerpt":{"rendered":"<p>Losjons p\u0113c sk\u016b\u0161an\u0101s jut\u012bgai \u0101dai ar izteiktu pretiekaisuma un atv\u0113sino\u0161u efektu. Uzman\u012bbu: Viegli uzliesmojo\u0161s! Nepie\u013caut nok\u013c\u016b\u0161anu ac\u012bs! Sarg\u0101t no b\u0113rniem! &nbsp;<\/p>\n","protected":false},"featured_media":101598,"template":"","meta":[],"product_cat":[1999],"product_tag":[],"class_list":{"0":"post-38961","1":"product","2":"type-product","3":"status-publish","4":"has-post-thumbnail","6":"product_brand-rubella-bg","7":"product_cat-bez-kategorijas","9":"first","10":"instock","11":"taxable","12":"shipping-taxable","13":"product-type-simple"},"_links":{"self":[{"href":"https:\/\/e.kosmolat.eu\/lv\/wp-json\/wp\/v2\/product\/38961","targetHints":{"allow":["GET"]}}],"collection":[{"href":"https:\/\/e.kosmolat.eu\/lv\/wp-json\/wp\/v2\/product"}],"about":[{"href":"https:\/\/e.kosmolat.eu\/lv\/wp-json\/wp\/v2\/types\/product"}],"wp:featuredmedia":[{"embeddable":true,"href":"https:\/\/e.kosmolat.eu\/lv\/wp-json\/wp\/v2\/media\/101598"}],"wp:attachment":[{"href":"https:\/\/e.kosmolat.eu\/lv\/wp-json\/wp\/v2\/media?parent=38961"}],"wp:term":[{"taxonomy":"product_cat","embeddable":true,"href":"https:\/\/e.kosmolat.eu\/lv\/wp-json\/wp\/v2\/product_cat?post=38961"},{"taxonomy":"product_tag","embeddable":true,"href":"https:\/\/e.kosmolat.eu\/lv\/wp-json\/wp\/v2\/product_tag?post=38961"}],"curies":[{"name":"wp","href":"https:\/\/api.w.org\/{rel}","templated":true}]}}