{"id":38957,"date":"2023-12-22T22:29:53","date_gmt":"2023-12-22T22:29:53","guid":{"rendered":"https:\/\/e.kosmolat.eu\/product\/top-ten-for-men-dynamic-skusanas-krems-100-ml\/"},"modified":"2026-04-01T13:13:15","modified_gmt":"2026-04-01T13:13:15","slug":"top-ten-for-men-dynamic-skusanas-krems-100-ml","status":"publish","type":"product","link":"https:\/\/e.kosmolat.eu\/lv\/product\/top-ten-for-men-dynamic-skusanas-krems-100-ml\/","title":{"rendered":"TOP TEN for Men Dynamic Sk\u016b\u0161anas Kr\u0113ms, 100 ml"},"content":{"rendered":"<p>Sk\u016b\u0161an\u0101s kr\u0113ms jut\u012bgai \u0101dai. Kr\u0113mam ir notur\u012bgs uzmundrino\u0161s arom\u0101ts, un tas ir paredz\u0113ts mitrai sk\u016b\u0161anai. Kr\u0113ma sast\u0101v\u0101 eso\u0161ais pela\u0161\u0137u ekstrakts un alanto\u012bns nomierina un m\u012bkstina \u0101du.<\/p>\n<p><strong>Uzman\u012bbu:<\/strong> nelietot uz iekaisu\u0161as \u0101das! Izvairieties no saskares ar ac\u012bm!<\/p>\n<p><strong>Lieto\u0161ana:<\/strong> uz mitras \u0101das ar sk\u016b\u0161an\u0101s oti\u0146as pal\u012bdz\u012bbu uzkl\u0101jiet ar ap\u013cveida kust\u012bb\u0101m pietiekamu daudzumu TOP TEN sk\u016b\u0161an\u0101s kr\u0113ma.<br \/>\n&nbsp;<\/p>\n","protected":false},"excerpt":{"rendered":"<p>Sk\u016b\u0161an\u0101s kr\u0113ms jut\u012bgai \u0101dai. Kr\u0113mam ir notur\u012bgs uzmundrino\u0161s arom\u0101ts, un tas ir paredz\u0113ts mitrai sk\u016b\u0161anai. Kr\u0113ma sast\u0101v\u0101 eso\u0161ais pela\u0161\u0137u ekstrakts un alanto\u012bns nomierina un m\u012bkstina \u0101du. Uzman\u012bbu: nelietot uz iekaisu\u0161as \u0101das! Izvairieties no saskares ar ac\u012bm! Lieto\u0161ana: uz mitras \u0101das ar sk\u016b\u0161an\u0101s oti\u0146as pal\u012bdz\u012bbu uzkl\u0101jiet ar ap\u013cveida kust\u012bb\u0101m pietiekamu daudzumu TOP TEN sk\u016b\u0161an\u0101s kr\u0113ma. &nbsp;<\/p>\n","protected":false},"featured_media":102939,"template":"","meta":[],"product_cat":[1680],"product_tag":[],"class_list":{"0":"post-38957","1":"product","2":"type-product","3":"status-publish","4":"has-post-thumbnail","6":"product_brand-rubella-bg","7":"product_cat-skusanas-kosmetika","9":"first","10":"instock","11":"taxable","12":"shipping-taxable","13":"product-type-simple"},"_links":{"self":[{"href":"https:\/\/e.kosmolat.eu\/lv\/wp-json\/wp\/v2\/product\/38957","targetHints":{"allow":["GET"]}}],"collection":[{"href":"https:\/\/e.kosmolat.eu\/lv\/wp-json\/wp\/v2\/product"}],"about":[{"href":"https:\/\/e.kosmolat.eu\/lv\/wp-json\/wp\/v2\/types\/product"}],"wp:featuredmedia":[{"embeddable":true,"href":"https:\/\/e.kosmolat.eu\/lv\/wp-json\/wp\/v2\/media\/102939"}],"wp:attachment":[{"href":"https:\/\/e.kosmolat.eu\/lv\/wp-json\/wp\/v2\/media?parent=38957"}],"wp:term":[{"taxonomy":"product_cat","embeddable":true,"href":"https:\/\/e.kosmolat.eu\/lv\/wp-json\/wp\/v2\/product_cat?post=38957"},{"taxonomy":"product_tag","embeddable":true,"href":"https:\/\/e.kosmolat.eu\/lv\/wp-json\/wp\/v2\/product_tag?post=38957"}],"curies":[{"name":"wp","href":"https:\/\/api.w.org\/{rel}","templated":true}]}}