{"id":38928,"date":"2023-12-22T22:26:53","date_gmt":"2023-12-22T22:26:53","guid":{"rendered":"https:\/\/e.kosmolat.eu\/product\/fc-kremkrasa-baklazans-4-2-50-50-15-ml\/"},"modified":"2026-04-09T16:09:29","modified_gmt":"2026-04-09T16:09:29","slug":"fc-kremkrasa-baklazans-4-2-50-50-15-ml","status":"publish","type":"product","link":"https:\/\/e.kosmolat.eu\/lv\/product\/fc-kremkrasa-baklazans-4-2-50-50-15-ml\/","title":{"rendered":"FC Kr\u0113mkr\u0101sa Bakla\u017e\u0101ns 4.2, 50\/50\/15 ml"},"content":{"rendered":"<p>Notur\u012bga matu kr\u0113mkr\u0101sa &quot;Fashion Color&quot; ar r\u012bsu prote\u012bnu ko\u0161\u0101kai un mirdzo\u0161\u0101kai kr\u0101sai.&nbsp;<br \/>\nFiks\u0113jo\u0161ais balzams ir bag\u0101tin\u0101ts ar vitam\u012bnu un kerat\u012bna kompleksu, kas nodro\u0161ina dzi\u013cu un ilgsto\u0161u baro\u0161anu.&nbsp;<br \/>\nKerat\u012bns ir viens no galvenajiem matu strukt\u016bras komponentiem. Tas pal\u012bdz stiprin\u0101t un iztaisnot matus. Rezult\u0101ts ir dz\u012bvi mati ar intens\u012bvu kr\u0101su.<\/p>\n<p><strong>Dro\u0161\u012bbas noteikumi:<\/strong><br \/>\nMatu kr\u0101svielas var izrais\u012bt smagu aler\u0123isku reakciju. Izlas\u012bt un iev\u0113rot nor\u0101d\u012bjumus.&nbsp;<br \/>\nSajauk\u0161anas proporcija ir 1:1.&nbsp;<br \/>\n&Scaron;is l\u012bdzeklis nav paredz\u0113ts person\u0101m, kas jaun\u0101kas par 16 gadiem.<br \/>\nPagaidu &quot;meln\u0101s hennas&quot; tetov\u0113jumi var palielin\u0101t aler\u0123iju risku.<br \/>\nNekr\u0101sojiet matus, ja: Jums ir izsitumi uz sejas vai jut\u012bga, iekaisusi vai boj\u0101ta galvas \u0101da;<br \/>\nvai jums k\u0101dreiz ir bijusi k\u0101da reakcija p\u0113c matu kr\u0101so\u0161anas. Jums agr\u0101k ir bijusi reakcija uz pagaidu &quot;meln\u0101s hennas&quot; tetov\u0113jumu.<br \/>\nVeiciet \u0101das aler\u0123ijas testu 48 stundas pirms \u0161\u012b produkta lieto\u0161anas (izlasiet un iev\u0113rojiet pievienotaj\u0101 instrukcij\u0101 sniegtos nor\u0101d\u012bjumus), pat ja esat lietojis matu kr\u0101sas un jums nav bijusi reakcija uz t\u0101m.<br \/>\nSatur fenil\u0113ndiam\u012bnus, fenil\u0113ndiam\u012bnus (tolu\u0113ndiam\u012bnus), rezorc\u012bnu, \u016bde\u0146ra\u017ea peroks\u012bdu, amonjaku. Nelietot skropstu vai uzacu kr\u0101so\u0161anai. Lietot atbilsto\u0161us aizsargcimdus. P\u0113c uzkl\u0101\u0161anas labi izskalojiet matus. Nepie\u013caut nok\u013c\u016b\u0161anu ac\u012bs! Ja l\u012bdzeklis iek\u013c\u016bst ac\u012bs, t\u016bl\u012bt izskalot. Uzglab\u0101t b\u0113rniem nepieejam\u0101, k\u0101 ar\u012b tum\u0161\u0101, saus\u0101 un v\u0113s\u0101 viet\u0101, temperat\u016br\u0101 no 5&deg;C l\u012bdz 25&deg;C.&nbsp;<br \/>\nOksid\u0113t\u0101js satur \u016bde\u0146ra\u017ea peroks\u012bdu: Nr. 01, 1.1, 03, 04, 05, 7.53, 7.1, 10.0, 4.2, 5.56, 6.6, 7.5, 7.43, 5.5, 8.0, 9.0, 9.1, 9.11, 7.31, 7.57, 5.3; Kr\u0113mkr\u0101sa satur p-fenil\u0113ndiam\u012bnus: Nr.01, 1.1., 03, 7.53, 7.1, 4.2, 6.6, 5.5, 9.0, 7.31, 5.3, 5.56, 10.0; Kr\u0113mkr\u0101sa satur rezorc\u012bnu: Nr. 01.03, 04, 05, 7.53, 7.1, 4.2, 5.56, 7.5, 7.43, 5.5., 8.0, 9.1, 9.11, 7.31, 7.57, 5.3, 10.0; Kr\u0113mkr\u0101sa satur fenil\u0113ndiam\u012bnus (tolu\u0113ndiam\u012bnus): Nr. 04, 05, 4.2, 0.33, 7.57, 6.6, 7.5;&nbsp;<br \/>\nKr\u0113mkr\u0101sa satur amonjaku: Nr. 1.1, 03, 04, 05, 7.53, 7.1, 10.0, 4.2, 5.56, 6.6, 7.5, 7.43, 5.5, 8.0, 9.0, 9.1, 9.11, 7.31, 7.57, 5.3.<\/p>\n<p>Iepakojum\u0101 ir:<br \/>\n1. T\u016bbi\u0146a ar kr\u0113mkr\u0101su 50ml<br \/>\n2. Flakons ar oksid\u0113t\u0101ju 50ml<br \/>\n3. Paci\u0146a ar fiks\u0113jo\u0161u matu balz\u0101mu 15 ml<br \/>\n4. Aizsargcimdu p\u0101ris<br \/>\n5. Lieto\u0161anas instrukcija<br \/>\n&nbsp;<\/p>\n","protected":false},"excerpt":{"rendered":"<p>Notur\u012bga matu kr\u0113mkr\u0101sa &quot;Fashion Color&quot; ar r\u012bsu prote\u012bnu ko\u0161\u0101kai un mirdzo\u0161\u0101kai kr\u0101sai.&nbsp; Fiks\u0113jo\u0161ais balzams ir bag\u0101tin\u0101ts ar vitam\u012bnu un kerat\u012bna kompleksu, kas nodro\u0161ina dzi\u013cu un ilgsto\u0161u baro\u0161anu.&nbsp; Kerat\u012bns ir viens no galvenajiem matu strukt\u016bras komponentiem. Tas pal\u012bdz stiprin\u0101t un iztaisnot matus. Rezult\u0101ts ir dz\u012bvi mati ar intens\u012bvu kr\u0101su. Dro\u0161\u012bbas noteikumi: Matu kr\u0101svielas var izrais\u012bt smagu [&#8230;]\n","protected":false},"featured_media":105340,"template":"","meta":[],"product_cat":[1440],"product_tag":[],"class_list":{"0":"post-38928","1":"product","2":"type-product","3":"status-publish","4":"has-post-thumbnail","6":"product_brand-rubella-bg","7":"product_cat-matu-krasas-matu-krasas","9":"first","10":"instock","11":"taxable","12":"shipping-taxable","13":"product-type-simple"},"_links":{"self":[{"href":"https:\/\/e.kosmolat.eu\/lv\/wp-json\/wp\/v2\/product\/38928","targetHints":{"allow":["GET"]}}],"collection":[{"href":"https:\/\/e.kosmolat.eu\/lv\/wp-json\/wp\/v2\/product"}],"about":[{"href":"https:\/\/e.kosmolat.eu\/lv\/wp-json\/wp\/v2\/types\/product"}],"wp:featuredmedia":[{"embeddable":true,"href":"https:\/\/e.kosmolat.eu\/lv\/wp-json\/wp\/v2\/media\/105340"}],"wp:attachment":[{"href":"https:\/\/e.kosmolat.eu\/lv\/wp-json\/wp\/v2\/media?parent=38928"}],"wp:term":[{"taxonomy":"product_cat","embeddable":true,"href":"https:\/\/e.kosmolat.eu\/lv\/wp-json\/wp\/v2\/product_cat?post=38928"},{"taxonomy":"product_tag","embeddable":true,"href":"https:\/\/e.kosmolat.eu\/lv\/wp-json\/wp\/v2\/product_tag?post=38928"}],"curies":[{"name":"wp","href":"https:\/\/api.w.org\/{rel}","templated":true}]}}