{"id":38920,"date":"2023-12-22T22:26:07","date_gmt":"2023-12-22T22:26:07","guid":{"rendered":"https:\/\/e.kosmolat.eu\/product\/quack-quack-mitrinoss-pienins-berniem-3-200-ml\/"},"modified":"2025-08-29T09:42:50","modified_gmt":"2025-08-29T09:42:50","slug":"quack-quack-mitrinoss-pienins-berniem-3-200-ml","status":"publish","type":"product","link":"https:\/\/e.kosmolat.eu\/lv\/product\/quack-quack-mitrinoss-pienins-berniem-3-200-ml\/","title":{"rendered":"QUACK QUACK Mitrino\u0161s pienin\u0161 b\u0113rniem 3+, 200 ml"},"content":{"rendered":"<p>Mitrino\u0161s pieni\u0146\u0161 QUACK QUACK b\u0113rniem ar D-pantenolu, mande\u013cu e\u013c\u013cu. M\u012bkstina maigo mazu\u013ca \u0101du. Viegli uzs\u016bcas, neatst\u0101jot taukainas p\u0113das. Dermatolo\u0123iski p\u0101rbaud\u012bts. Piem\u0113rots ikdienas lieto\u0161anai. Bez silikoniem. Nav piem\u0113rots b\u0113rniem l\u012bdz 3 gadu vecumam.<br \/>\nD-pantenols darbojas k\u0101 ilgsto\u0161s \u0101das mitrin\u0101t\u0101js.<br \/>\nMande\u013cu e\u013c\u013ca &ndash; pasarg\u0101 \u0101du no sausuma.<\/p>\n<p><strong>Lieto\u0161ana: <\/strong>Uzkl\u0101jiet uz att\u012br\u012btas \u0101das. Viegli iemas\u0113jiet \u0101d\u0101 ar viegl\u0101m ap\u013cveida kust\u012bb\u0101m, l\u012bdz tas piln\u012bb\u0101 uzs\u016bcas.<\/p>\n<p>&nbsp;<\/p>\n","protected":false},"excerpt":{"rendered":"<p>Mitrino\u0161s pieni\u0146\u0161 QUACK QUACK b\u0113rniem ar D-pantenolu, mande\u013cu e\u013c\u013cu. M\u012bkstina maigo mazu\u013ca \u0101du. Viegli uzs\u016bcas, neatst\u0101jot taukainas p\u0113das. Dermatolo\u0123iski p\u0101rbaud\u012bts. Piem\u0113rots ikdienas lieto\u0161anai. Bez silikoniem. Nav piem\u0113rots b\u0113rniem l\u012bdz 3 gadu vecumam. D-pantenols darbojas k\u0101 ilgsto\u0161s \u0101das mitrin\u0101t\u0101js. Mande\u013cu e\u013c\u013ca &ndash; pasarg\u0101 \u0101du no sausuma. Lieto\u0161ana: Uzkl\u0101jiet uz att\u012br\u012btas \u0101das. Viegli iemas\u0113jiet \u0101d\u0101 ar viegl\u0101m [&#8230;]\n","protected":false},"featured_media":14629,"template":"","meta":[],"product_cat":[1361],"product_tag":[],"class_list":{"0":"post-38920","1":"product","2":"type-product","3":"status-publish","4":"has-post-thumbnail","6":"product_brand-rubella-bg","7":"product_cat-adas-kopsanas-kosmetika","9":"first","10":"outofstock","11":"taxable","12":"shipping-taxable","13":"product-type-simple"},"_links":{"self":[{"href":"https:\/\/e.kosmolat.eu\/lv\/wp-json\/wp\/v2\/product\/38920","targetHints":{"allow":["GET"]}}],"collection":[{"href":"https:\/\/e.kosmolat.eu\/lv\/wp-json\/wp\/v2\/product"}],"about":[{"href":"https:\/\/e.kosmolat.eu\/lv\/wp-json\/wp\/v2\/types\/product"}],"wp:featuredmedia":[{"embeddable":true,"href":"https:\/\/e.kosmolat.eu\/lv\/wp-json\/wp\/v2\/media\/14629"}],"wp:attachment":[{"href":"https:\/\/e.kosmolat.eu\/lv\/wp-json\/wp\/v2\/media?parent=38920"}],"wp:term":[{"taxonomy":"product_cat","embeddable":true,"href":"https:\/\/e.kosmolat.eu\/lv\/wp-json\/wp\/v2\/product_cat?post=38920"},{"taxonomy":"product_tag","embeddable":true,"href":"https:\/\/e.kosmolat.eu\/lv\/wp-json\/wp\/v2\/product_tag?post=38920"}],"curies":[{"name":"wp","href":"https:\/\/api.w.org\/{rel}","templated":true}]}}