{"id":38916,"date":"2023-12-22T22:25:46","date_gmt":"2023-12-22T22:25:46","guid":{"rendered":"https:\/\/e.kosmolat.eu\/product\/quack-quack-krems-mazuliem-autinbiksisu-raditu-izsitumu-kopsanai-50-ml\/"},"modified":"2025-07-07T11:52:28","modified_gmt":"2025-07-07T11:52:28","slug":"quack-quack-krems-mazuliem-autinbiksisu-raditu-izsitumu-kopsanai-50-ml","status":"publish","type":"product","link":"https:\/\/e.kosmolat.eu\/lv\/product\/quack-quack-krems-mazuliem-autinbiksisu-raditu-izsitumu-kopsanai-50-ml\/","title":{"rendered":"QUACK QUACK Kr\u0113ms mazu\u013ciem auti\u0146biks\u012b\u0161u rad\u012btu izsitumu kop\u0161anai, 50 ml"},"content":{"rendered":"<p>Kr\u0113ms mazu\u013ciem auti\u0146biks\u012b\u0161u rad\u012btu izsitumu kop\u0161anai. Dermatolo\u0123iski p\u0101rbaud\u012bta un hipoaler\u0123iska formula. Satur cinka oks\u012bdu, bi\u0161u vasku, sojas e\u013c\u013cu un E vitam\u012bnu, lai nov\u0113rstu \u0101das izsitumus un nodro\u0161in\u0101tu mitrumu un mitrin\u0101\u0161anu.Cinka oks\u012bds &ndash; pal\u012bdz stiprin\u0101t \u0101du un nov\u0113rst izsitumu atk\u0101rtotu par\u0101d\u012b\u0161anos.<br \/>\nBi\u0161u vasks &ndash; nodro\u0161ina \u0101das aizsardz\u012bbu.<br \/>\nSojas e\u013c\u013ca &ndash; stiprina \u0101das aizsargbarjeru.<br \/>\nE vitam\u012bns &#8211; saglab\u0101 \u0101du vesel\u012bgu, maigu un elast\u012bgu.<\/p>\n<p>\n<strong>Lieto\u0161ana:<\/strong> Uzkl\u0101jiet uz t\u012bras un sausas \u0101das, mainot auti\u0146biks\u012btes. Uzkl\u0101jiet pl\u0101nu kr\u0113ma k\u0101rtu skartajai zonai. Tikai \u0101r\u012bgai lieto\u0161anai. Izvairieties no saskares ar ac\u012bm. Piem\u0113rots ikdienas lieto\u0161anai katr\u0101 auti\u0146biks\u012b\u0161u mai\u0146as reiz\u0113.<\/p>\n<p>&nbsp;<\/p>\n","protected":false},"excerpt":{"rendered":"<p>Kr\u0113ms mazu\u013ciem auti\u0146biks\u012b\u0161u rad\u012btu izsitumu kop\u0161anai. Dermatolo\u0123iski p\u0101rbaud\u012bta un hipoaler\u0123iska formula. Satur cinka oks\u012bdu, bi\u0161u vasku, sojas e\u013c\u013cu un E vitam\u012bnu, lai nov\u0113rstu \u0101das izsitumus un nodro\u0161in\u0101tu mitrumu un mitrin\u0101\u0161anu.Cinka oks\u012bds &ndash; pal\u012bdz stiprin\u0101t \u0101du un nov\u0113rst izsitumu atk\u0101rtotu par\u0101d\u012b\u0161anos. Bi\u0161u vasks &ndash; nodro\u0161ina \u0101das aizsardz\u012bbu. Sojas e\u013c\u013ca &ndash; stiprina \u0101das aizsargbarjeru. E vitam\u012bns &#8211; [&#8230;]\n","protected":false},"featured_media":14621,"template":"","meta":[],"product_cat":[1999],"product_tag":[],"class_list":{"0":"post-38916","1":"product","2":"type-product","3":"status-publish","4":"has-post-thumbnail","6":"product_brand-rubella-bg","7":"product_cat-bez-kategorijas","9":"first","10":"outofstock","11":"taxable","12":"shipping-taxable","13":"product-type-simple"},"_links":{"self":[{"href":"https:\/\/e.kosmolat.eu\/lv\/wp-json\/wp\/v2\/product\/38916","targetHints":{"allow":["GET"]}}],"collection":[{"href":"https:\/\/e.kosmolat.eu\/lv\/wp-json\/wp\/v2\/product"}],"about":[{"href":"https:\/\/e.kosmolat.eu\/lv\/wp-json\/wp\/v2\/types\/product"}],"wp:featuredmedia":[{"embeddable":true,"href":"https:\/\/e.kosmolat.eu\/lv\/wp-json\/wp\/v2\/media\/14621"}],"wp:attachment":[{"href":"https:\/\/e.kosmolat.eu\/lv\/wp-json\/wp\/v2\/media?parent=38916"}],"wp:term":[{"taxonomy":"product_cat","embeddable":true,"href":"https:\/\/e.kosmolat.eu\/lv\/wp-json\/wp\/v2\/product_cat?post=38916"},{"taxonomy":"product_tag","embeddable":true,"href":"https:\/\/e.kosmolat.eu\/lv\/wp-json\/wp\/v2\/product_tag?post=38916"}],"curies":[{"name":"wp","href":"https:\/\/api.w.org\/{rel}","templated":true}]}}