{"id":38900,"date":"2023-12-22T22:24:04","date_gmt":"2023-12-22T22:24:04","guid":{"rendered":"https:\/\/e.kosmolat.eu\/product\/deba-dabigs-mitrinoss-sejas-krems-coconutargan-oil-50-ml\/"},"modified":"2024-12-03T13:05:26","modified_gmt":"2024-12-03T13:05:26","slug":"deba-dabigs-mitrinoss-sejas-krems-coconutargan-oil-50-ml","status":"publish","type":"product","link":"https:\/\/e.kosmolat.eu\/lv\/product\/deba-dabigs-mitrinoss-sejas-krems-coconutargan-oil-50-ml\/","title":{"rendered":"DeBa Dab\u012bgs mitrino\u0161s sejas kr\u0113ms, COCONUT&#038;ARGAN OIL 50 ml"},"content":{"rendered":"<p>RUBELLA DeBa Dab\u012bgs mitrino\u0161s sejas kr\u0113ms<br \/>\nPiem\u0113rots norm\u0101lai l\u012bdz sausai \u0101dai<\/p>\n<p>Kokosriekstu e\u013c\u013ca &ndash; mitrina un m\u012bkstina sausu \u0101du.<br \/>\nArgana e\u013c\u013ca &ndash; bag\u0101ta ar E vitam\u012bnu, Omega 3 un Omega 9 neaizst\u0101jam\u0101m aminosk\u0101b\u0113m. Atjauno \u0101das elast\u012bbu un pie\u0161\u0137ir tai vesel\u012bgu izskatu.<\/p>\n<p>Lieto\u0161ana: Uzkl\u0101jiet nelielu produkta daudzumu uz sejas un maigi iemas\u0113jiet, l\u012bdz tas piln\u012bb\u0101 uzs\u016bcas.<\/p>\n<p>100% dab\u012bgas izcelsmes sast\u0101vda\u013cas<br \/>\nPiem\u0113rots veg\u0101niem<br \/>\nBez \u0122MO<br \/>\nPrim\u0101rais iepakojums nesatur plastmasu<br \/>\nNav test\u0113ts uz dz\u012bvniekiem<br \/>\n&nbsp;<\/p>\n","protected":false},"excerpt":{"rendered":"<p>RUBELLA DeBa Dab\u012bgs mitrino\u0161s sejas kr\u0113ms Piem\u0113rots norm\u0101lai l\u012bdz sausai \u0101dai Kokosriekstu e\u013c\u013ca &ndash; mitrina un m\u012bkstina sausu \u0101du. Argana e\u013c\u013ca &ndash; bag\u0101ta ar E vitam\u012bnu, Omega 3 un Omega 9 neaizst\u0101jam\u0101m aminosk\u0101b\u0113m. Atjauno \u0101das elast\u012bbu un pie\u0161\u0137ir tai vesel\u012bgu izskatu. Lieto\u0161ana: Uzkl\u0101jiet nelielu produkta daudzumu uz sejas un maigi iemas\u0113jiet, l\u012bdz tas piln\u012bb\u0101 uzs\u016bcas. [&#8230;]\n","protected":false},"featured_media":14589,"template":"","meta":[],"product_cat":[1320],"product_tag":[],"class_list":{"0":"post-38900","1":"product","2":"type-product","3":"status-publish","4":"has-post-thumbnail","6":"product_brand-rubella-inopharm-dental-deba-mistergroomer-topten-quackquack","7":"product_cat-sejas-kremi","9":"first","10":"outofstock","11":"taxable","12":"shipping-taxable","13":"product-type-simple"},"_links":{"self":[{"href":"https:\/\/e.kosmolat.eu\/lv\/wp-json\/wp\/v2\/product\/38900","targetHints":{"allow":["GET"]}}],"collection":[{"href":"https:\/\/e.kosmolat.eu\/lv\/wp-json\/wp\/v2\/product"}],"about":[{"href":"https:\/\/e.kosmolat.eu\/lv\/wp-json\/wp\/v2\/types\/product"}],"wp:featuredmedia":[{"embeddable":true,"href":"https:\/\/e.kosmolat.eu\/lv\/wp-json\/wp\/v2\/media\/14589"}],"wp:attachment":[{"href":"https:\/\/e.kosmolat.eu\/lv\/wp-json\/wp\/v2\/media?parent=38900"}],"wp:term":[{"taxonomy":"product_cat","embeddable":true,"href":"https:\/\/e.kosmolat.eu\/lv\/wp-json\/wp\/v2\/product_cat?post=38900"},{"taxonomy":"product_tag","embeddable":true,"href":"https:\/\/e.kosmolat.eu\/lv\/wp-json\/wp\/v2\/product_tag?post=38900"}],"curies":[{"name":"wp","href":"https:\/\/api.w.org\/{rel}","templated":true}]}}