{"id":38896,"date":"2023-12-22T22:23:38","date_gmt":"2023-12-22T22:23:38","guid":{"rendered":"https:\/\/e.kosmolat.eu\/product\/deba-dabigs-savelkoss-sejas-kontura-un-kakla-krems-50-ml\/"},"modified":"2024-12-03T13:05:09","modified_gmt":"2024-12-03T13:05:09","slug":"deba-dabigs-savelkoss-sejas-kontura-un-kakla-krems-50-ml","status":"publish","type":"product","link":"https:\/\/e.kosmolat.eu\/lv\/product\/deba-dabigs-savelkoss-sejas-kontura-un-kakla-krems-50-ml\/","title":{"rendered":"DeBa Dab\u012bgs savelko\u0161s sejas, kont\u016bra un kakla kr\u0113ms, 50 ml"},"content":{"rendered":"<p>RUBELLA DeBa Dabisks savelko\u0161s sejas, kont\u016bra un kakla kr\u0113ms<br \/>\nPiem\u0113rots norm\u0101lai l\u012bdz sausai \u0101dai<br \/>\nKokosriekstu e\u013c\u013ca &ndash; mitrina un m\u012bkstina sausu \u0101du.<br \/>\nHialuronsk\u0101be &ndash; saglab\u0101 \u0101das mitrumu, t\u0101d\u0113j\u0101di saglab\u0101jot t\u0101s optim\u0101lo mitruma l\u012bdzsvaru.<br \/>\nSepilift DPHP &#8211; stimul\u0113 kolag\u0113na sint\u0113zi, t\u0101d\u0113j\u0101di uzlabojot \u0101das elast\u012bbu.<\/p>\n<p>Lieto\u0161ana: Uzkl\u0101jiet nelielu produkta daudzumu uz sejas un maigi iemas\u0113jiet l\u012bdz piln\u012bgai uzs\u016bk\u0161anai.<\/p>\n<p>100% dab\u012bgas izcelsmes sast\u0101vda\u013cas<br \/>\nPiem\u0113rots veg\u0101niem<br \/>\nBez \u0122MO<br \/>\nPrim\u0101rais iepakojums nesatur plastmasu<br \/>\nNav test\u0113ts uz dz\u012bvniekiem<br \/>\n&nbsp;<\/p>\n","protected":false},"excerpt":{"rendered":"<p>RUBELLA DeBa Dabisks savelko\u0161s sejas, kont\u016bra un kakla kr\u0113ms Piem\u0113rots norm\u0101lai l\u012bdz sausai \u0101dai Kokosriekstu e\u013c\u013ca &ndash; mitrina un m\u012bkstina sausu \u0101du. Hialuronsk\u0101be &ndash; saglab\u0101 \u0101das mitrumu, t\u0101d\u0113j\u0101di saglab\u0101jot t\u0101s optim\u0101lo mitruma l\u012bdzsvaru. Sepilift DPHP &#8211; stimul\u0113 kolag\u0113na sint\u0113zi, t\u0101d\u0113j\u0101di uzlabojot \u0101das elast\u012bbu. Lieto\u0161ana: Uzkl\u0101jiet nelielu produkta daudzumu uz sejas un maigi iemas\u0113jiet l\u012bdz piln\u012bgai [&#8230;]\n","protected":false},"featured_media":41902,"template":"","meta":[],"product_cat":[1320],"product_tag":[],"class_list":{"0":"post-38896","1":"product","2":"type-product","3":"status-publish","4":"has-post-thumbnail","6":"product_brand-rubella-inopharm-dental-deba-mistergroomer-topten-quackquack","7":"product_cat-sejas-kremi","9":"first","10":"outofstock","11":"taxable","12":"shipping-taxable","13":"product-type-simple"},"_links":{"self":[{"href":"https:\/\/e.kosmolat.eu\/lv\/wp-json\/wp\/v2\/product\/38896","targetHints":{"allow":["GET"]}}],"collection":[{"href":"https:\/\/e.kosmolat.eu\/lv\/wp-json\/wp\/v2\/product"}],"about":[{"href":"https:\/\/e.kosmolat.eu\/lv\/wp-json\/wp\/v2\/types\/product"}],"wp:featuredmedia":[{"embeddable":true,"href":"https:\/\/e.kosmolat.eu\/lv\/wp-json\/wp\/v2\/media\/41902"}],"wp:attachment":[{"href":"https:\/\/e.kosmolat.eu\/lv\/wp-json\/wp\/v2\/media?parent=38896"}],"wp:term":[{"taxonomy":"product_cat","embeddable":true,"href":"https:\/\/e.kosmolat.eu\/lv\/wp-json\/wp\/v2\/product_cat?post=38896"},{"taxonomy":"product_tag","embeddable":true,"href":"https:\/\/e.kosmolat.eu\/lv\/wp-json\/wp\/v2\/product_tag?post=38896"}],"curies":[{"name":"wp","href":"https:\/\/api.w.org\/{rel}","templated":true}]}}