{"id":38892,"date":"2023-12-22T22:23:14","date_gmt":"2023-12-22T22:23:14","guid":{"rendered":"https:\/\/e.kosmolat.eu\/product\/deba-dabigs-sejas-krems-ar-alveju-un-vinogu-kaulinu-ellu-50-ml\/"},"modified":"2024-12-03T13:04:57","modified_gmt":"2024-12-03T13:04:57","slug":"deba-dabigs-sejas-krems-ar-alveju-un-vinogu-kaulinu-ellu-50-ml","status":"publish","type":"product","link":"https:\/\/e.kosmolat.eu\/lv\/product\/deba-dabigs-sejas-krems-ar-alveju-un-vinogu-kaulinu-ellu-50-ml\/","title":{"rendered":"DeBa Dab\u012bgs sejas kr\u0113ms ar alveju un v\u012bnogu kauli\u0146u e\u013c\u013cu, 50 ml"},"content":{"rendered":"<p>RUBELLA DeBa Dab\u012bgs sejas kr\u0113ms ar alveju un v\u012bnogu kauli\u0146u e\u013c\u013cu<br \/>\nPiem\u0113rots visiem \u0101das tipiem<br \/>\nAlvejas ekstrakts &#8211; dzi\u013ci mitrina un padara \u0101du maigu<br \/>\nV\u012bnogu kauli\u0146u e\u013c\u013ca &ndash; intens\u012bvi baro \u0101du un pie\u0161\u0137ir tai svaigu izskatu. Piem\u0113rots veg\u0101niem.<\/p>\n<p>Lieto\u0161ana: Uzkl\u0101jiet nelielu produkta daudzumu uz sejas un maigi iemas\u0113jiet l\u012bdz piln\u012bgai uzs\u016bk\u0161anai.<\/p>\n<p>100% dab\u012bgas izcelsmes sast\u0101vda\u013cas<br \/>\nPiem\u0113rots veg\u0101niem<br \/>\nBez \u0122MO<br \/>\nPrim\u0101rais iepakojums nesatur plastmasu<br \/>\nNav test\u0113ts uz dz\u012bvniekiem<br \/>\n&nbsp;<\/p>\n","protected":false},"excerpt":{"rendered":"<p>RUBELLA DeBa Dab\u012bgs sejas kr\u0113ms ar alveju un v\u012bnogu kauli\u0146u e\u013c\u013cu Piem\u0113rots visiem \u0101das tipiem Alvejas ekstrakts &#8211; dzi\u013ci mitrina un padara \u0101du maigu V\u012bnogu kauli\u0146u e\u013c\u013ca &ndash; intens\u012bvi baro \u0101du un pie\u0161\u0137ir tai svaigu izskatu. Piem\u0113rots veg\u0101niem. Lieto\u0161ana: Uzkl\u0101jiet nelielu produkta daudzumu uz sejas un maigi iemas\u0113jiet l\u012bdz piln\u012bgai uzs\u016bk\u0161anai. 100% dab\u012bgas izcelsmes sast\u0101vda\u013cas [&#8230;]\n","protected":false},"featured_media":14577,"template":"","meta":[],"product_cat":[1320],"product_tag":[],"class_list":{"0":"post-38892","1":"product","2":"type-product","3":"status-publish","4":"has-post-thumbnail","6":"product_brand-rubella-inopharm-dental-deba-mistergroomer-topten-quackquack","7":"product_cat-sejas-kremi","9":"first","10":"outofstock","11":"taxable","12":"shipping-taxable","13":"product-type-simple"},"_links":{"self":[{"href":"https:\/\/e.kosmolat.eu\/lv\/wp-json\/wp\/v2\/product\/38892","targetHints":{"allow":["GET"]}}],"collection":[{"href":"https:\/\/e.kosmolat.eu\/lv\/wp-json\/wp\/v2\/product"}],"about":[{"href":"https:\/\/e.kosmolat.eu\/lv\/wp-json\/wp\/v2\/types\/product"}],"wp:featuredmedia":[{"embeddable":true,"href":"https:\/\/e.kosmolat.eu\/lv\/wp-json\/wp\/v2\/media\/14577"}],"wp:attachment":[{"href":"https:\/\/e.kosmolat.eu\/lv\/wp-json\/wp\/v2\/media?parent=38892"}],"wp:term":[{"taxonomy":"product_cat","embeddable":true,"href":"https:\/\/e.kosmolat.eu\/lv\/wp-json\/wp\/v2\/product_cat?post=38892"},{"taxonomy":"product_tag","embeddable":true,"href":"https:\/\/e.kosmolat.eu\/lv\/wp-json\/wp\/v2\/product_tag?post=38892"}],"curies":[{"name":"wp","href":"https:\/\/api.w.org\/{rel}","templated":true}]}}