{"id":38880,"date":"2023-12-22T22:22:05","date_gmt":"2023-12-22T22:22:05","guid":{"rendered":"https:\/\/e.kosmolat.eu\/product\/quack-quack-sampuns-2in1-matiem-un-kermenim-3-200-ml\/"},"modified":"2026-04-23T08:34:56","modified_gmt":"2026-04-23T08:34:56","slug":"quack-quack-sampuns-2in1-matiem-un-kermenim-3-200-ml","status":"publish","type":"product","link":"https:\/\/e.kosmolat.eu\/lv\/product\/quack-quack-sampuns-2in1-matiem-un-kermenim-3-200-ml\/","title":{"rendered":"QUACK QUACK \u0160amp\u016bns 2in1 matiem un \u0137ermenim 3+, 200 ml"},"content":{"rendered":"<p>QUACK QUACK &Scaron;amp\u016bns 2 vien\u0101 matiem un \u0137ermenim ar kli\u0146\u0123er\u012b\u0161u ekstraktu. M\u012bksta b\u0101ze att\u012bra matus un pie\u0161\u0137ir tiem sp\u012bdumu. Rezult\u0101ts &#8211; mati un \u0101da ar pat\u012bkamu melones smar\u017eu. Dermatolo\u0123iski p\u0101rbaud\u012bts.&nbsp;Kli\u0146\u0123er\u012bte &#8211; piem\u012bt pretiekaisuma darb\u012bba.<br \/>\nPiem\u0113rots ikdienas lieto\u0161anai. Nesatur silikonus un miner\u0101le\u013c\u013cas. Nav piem\u0113rots b\u0113rniem l\u012bdz 3 gadu vecumam.<\/p>\n<p>\n<strong>Lieto\u0161ana:<\/strong> uzkl\u0101t uz mitriem matiem un \u0101das, iemas\u0113jiet l\u012bdz veidojas putas, p\u0113c tam r\u016bp\u012bgi noskalojiet ar \u016bdeni.<\/p>\n<p>&nbsp;<\/p>\n","protected":false},"excerpt":{"rendered":"<p>QUACK QUACK &Scaron;amp\u016bns 2 vien\u0101 matiem un \u0137ermenim ar kli\u0146\u0123er\u012b\u0161u ekstraktu. M\u012bksta b\u0101ze att\u012bra matus un pie\u0161\u0137ir tiem sp\u012bdumu. Rezult\u0101ts &#8211; mati un \u0101da ar pat\u012bkamu melones smar\u017eu. Dermatolo\u0123iski p\u0101rbaud\u012bts.&nbsp;Kli\u0146\u0123er\u012bte &#8211; piem\u012bt pretiekaisuma darb\u012bba. Piem\u0113rots ikdienas lieto\u0161anai. Nesatur silikonus un miner\u0101le\u013c\u013cas. Nav piem\u0113rots b\u0113rniem l\u012bdz 3 gadu vecumam. Lieto\u0161ana: uzkl\u0101t uz mitriem matiem un \u0101das, [&#8230;]\n","protected":false},"featured_media":78425,"template":"","meta":[],"product_cat":[1792],"product_tag":[],"class_list":{"0":"post-38880","1":"product","2":"type-product","3":"status-publish","4":"has-post-thumbnail","6":"product_brand-rubella-bg","7":"product_cat-1792","9":"first","10":"instock","11":"taxable","12":"shipping-taxable","13":"product-type-simple"},"_links":{"self":[{"href":"https:\/\/e.kosmolat.eu\/lv\/wp-json\/wp\/v2\/product\/38880","targetHints":{"allow":["GET"]}}],"collection":[{"href":"https:\/\/e.kosmolat.eu\/lv\/wp-json\/wp\/v2\/product"}],"about":[{"href":"https:\/\/e.kosmolat.eu\/lv\/wp-json\/wp\/v2\/types\/product"}],"wp:featuredmedia":[{"embeddable":true,"href":"https:\/\/e.kosmolat.eu\/lv\/wp-json\/wp\/v2\/media\/78425"}],"wp:attachment":[{"href":"https:\/\/e.kosmolat.eu\/lv\/wp-json\/wp\/v2\/media?parent=38880"}],"wp:term":[{"taxonomy":"product_cat","embeddable":true,"href":"https:\/\/e.kosmolat.eu\/lv\/wp-json\/wp\/v2\/product_cat?post=38880"},{"taxonomy":"product_tag","embeddable":true,"href":"https:\/\/e.kosmolat.eu\/lv\/wp-json\/wp\/v2\/product_tag?post=38880"}],"curies":[{"name":"wp","href":"https:\/\/api.w.org\/{rel}","templated":true}]}}