{"id":38876,"date":"2023-12-22T22:21:41","date_gmt":"2023-12-22T22:21:41","guid":{"rendered":"https:\/\/e.kosmolat.eu\/product\/quack-quack-sampuns-matiem-ar-kumelitem-liepziediem-d-pantenolu-3-200-ml\/"},"modified":"2026-04-01T08:45:52","modified_gmt":"2026-04-01T08:45:52","slug":"quack-quack-sampuns-matiem-ar-kumelitem-liepziediem-d-pantenolu-3-200-ml","status":"publish","type":"product","link":"https:\/\/e.kosmolat.eu\/lv\/product\/quack-quack-sampuns-matiem-ar-kumelitem-liepziediem-d-pantenolu-3-200-ml\/","title":{"rendered":"QUACK QUACK \u0160amp\u016bns matiem ar kumel\u012bt\u0113m, liepziediem, D-pantenolu 3+, 200 ml"},"content":{"rendered":"<p>QUACK QUACK &Scaron;amp\u016bns matiem ar kumel\u012bt\u0113m un liepziediem, bag\u0101tin\u0101ts ar D-pantenolu. Rezult\u0101ts ir att\u012br\u012bti un m\u012bksti mati ar pat\u012bkamu kli\u0146\u0123er\u012b\u0161u arom\u0101tu. Kumel\u012bte &#8211; antiseptiskas \u012bpa\u0161\u012bbas.&nbsp;Liepa &#8211; m\u012bkstina un mitrina matus.&nbsp;<\/p>\n<p>Dermatolo\u0123iski p\u0101rbaud\u012bts.&nbsp;Piem\u0113rots ikdienas lieto\u0161anai. Nesatur silikonus un miner\u0101le\u013c\u013cas. Nav piem\u0113rots b\u0113rniem l\u012bdz 3 gadu vecumam.<\/p>\n<p>\n<strong>Lieto\u0161ana:<\/strong> uzkl\u0101t mitros matos, iemas\u0113jiet l\u012bdz veidojas putas, p\u0113c tam r\u016bp\u012bgi izskalot ar \u016bdeni.<\/p>\n<p>&nbsp;<\/p>\n","protected":false},"excerpt":{"rendered":"<p>QUACK QUACK &Scaron;amp\u016bns matiem ar kumel\u012bt\u0113m un liepziediem, bag\u0101tin\u0101ts ar D-pantenolu. Rezult\u0101ts ir att\u012br\u012bti un m\u012bksti mati ar pat\u012bkamu kli\u0146\u0123er\u012b\u0161u arom\u0101tu. Kumel\u012bte &#8211; antiseptiskas \u012bpa\u0161\u012bbas.&nbsp;Liepa &#8211; m\u012bkstina un mitrina matus.&nbsp; Dermatolo\u0123iski p\u0101rbaud\u012bts.&nbsp;Piem\u0113rots ikdienas lieto\u0161anai. Nesatur silikonus un miner\u0101le\u013c\u013cas. Nav piem\u0113rots b\u0113rniem l\u012bdz 3 gadu vecumam. Lieto\u0161ana: uzkl\u0101t mitros matos, iemas\u0113jiet l\u012bdz veidojas putas, p\u0113c tam [&#8230;]\n","protected":false},"featured_media":98988,"template":"","meta":[],"product_cat":[1999],"product_tag":[],"class_list":{"0":"post-38876","1":"product","2":"type-product","3":"status-publish","4":"has-post-thumbnail","6":"product_brand-rubella-bg","7":"product_cat-bez-kategorijas","9":"first","10":"instock","11":"taxable","12":"shipping-taxable","13":"product-type-simple"},"_links":{"self":[{"href":"https:\/\/e.kosmolat.eu\/lv\/wp-json\/wp\/v2\/product\/38876","targetHints":{"allow":["GET"]}}],"collection":[{"href":"https:\/\/e.kosmolat.eu\/lv\/wp-json\/wp\/v2\/product"}],"about":[{"href":"https:\/\/e.kosmolat.eu\/lv\/wp-json\/wp\/v2\/types\/product"}],"wp:featuredmedia":[{"embeddable":true,"href":"https:\/\/e.kosmolat.eu\/lv\/wp-json\/wp\/v2\/media\/98988"}],"wp:attachment":[{"href":"https:\/\/e.kosmolat.eu\/lv\/wp-json\/wp\/v2\/media?parent=38876"}],"wp:term":[{"taxonomy":"product_cat","embeddable":true,"href":"https:\/\/e.kosmolat.eu\/lv\/wp-json\/wp\/v2\/product_cat?post=38876"},{"taxonomy":"product_tag","embeddable":true,"href":"https:\/\/e.kosmolat.eu\/lv\/wp-json\/wp\/v2\/product_tag?post=38876"}],"curies":[{"name":"wp","href":"https:\/\/api.w.org\/{rel}","templated":true}]}}