{"id":38872,"date":"2023-12-22T22:21:15","date_gmt":"2023-12-22T22:21:15","guid":{"rendered":"https:\/\/e.kosmolat.eu\/product\/quack-quack-sampuns-matiem-ar-vitaminu-f-3-200-ml\/"},"modified":"2026-04-23T11:48:12","modified_gmt":"2026-04-23T11:48:12","slug":"quack-quack-sampuns-matiem-ar-vitaminu-f-3-200-ml","status":"publish","type":"product","link":"https:\/\/e.kosmolat.eu\/lv\/product\/quack-quack-sampuns-matiem-ar-vitaminu-f-3-200-ml\/","title":{"rendered":"QUACK QUACK \u0160amp\u016bns matiem ar Vitam\u012bnu F 3+, 200 ml"},"content":{"rendered":"<p>QUACK QUACK &Scaron;amp\u016bns matiem ar vitam\u012bnu F. Rezult\u0101ts ir att\u012br\u012bti un m\u012bksti mati ar pat\u012bkamu ko\u0161\u013c\u0101jam\u0101s gumijas arom\u0101tu. F vitam\u012bns &ndash; stipr\u0101kiem un sp\u012bd\u012bg\u0101kiem matiem.&nbsp;<\/p>\n<p>Dermatolo\u0123iski p\u0101rbaud\u012bts.&nbsp;Piem\u0113rots ikdienas lieto\u0161anai. Nesatur silikonus un miner\u0101le\u013c\u013cas. Nav piem\u0113rots b\u0113rniem l\u012bdz 3 gadu vecumam.<br \/>\n&nbsp;<\/p>\n<p><strong>Lieto\u0161ana:<\/strong> uzkl\u0101t mitros matos, iemas\u0113jiet l\u012bdz veidojas putas, p\u0113c tam r\u016bp\u012bgi izskalojiet ar \u016bdeni.<\/p>\n<p>&nbsp;<\/p>\n","protected":false},"excerpt":{"rendered":"<p>QUACK QUACK &Scaron;amp\u016bns matiem ar vitam\u012bnu F. Rezult\u0101ts ir att\u012br\u012bti un m\u012bksti mati ar pat\u012bkamu ko\u0161\u013c\u0101jam\u0101s gumijas arom\u0101tu. F vitam\u012bns &ndash; stipr\u0101kiem un sp\u012bd\u012bg\u0101kiem matiem.&nbsp; Dermatolo\u0123iski p\u0101rbaud\u012bts.&nbsp;Piem\u0113rots ikdienas lieto\u0161anai. Nesatur silikonus un miner\u0101le\u013c\u013cas. Nav piem\u0113rots b\u0113rniem l\u012bdz 3 gadu vecumam. &nbsp; Lieto\u0161ana: uzkl\u0101t mitros matos, iemas\u0113jiet l\u012bdz veidojas putas, p\u0113c tam r\u016bp\u012bgi izskalojiet ar \u016bdeni. [&#8230;]\n","protected":false},"featured_media":98992,"template":"","meta":[],"product_cat":[1792],"product_tag":[],"class_list":{"0":"post-38872","1":"product","2":"type-product","3":"status-publish","4":"has-post-thumbnail","6":"product_brand-rubella-bg","7":"product_cat-1792","9":"first","10":"instock","11":"taxable","12":"shipping-taxable","13":"product-type-simple"},"_links":{"self":[{"href":"https:\/\/e.kosmolat.eu\/lv\/wp-json\/wp\/v2\/product\/38872","targetHints":{"allow":["GET"]}}],"collection":[{"href":"https:\/\/e.kosmolat.eu\/lv\/wp-json\/wp\/v2\/product"}],"about":[{"href":"https:\/\/e.kosmolat.eu\/lv\/wp-json\/wp\/v2\/types\/product"}],"wp:featuredmedia":[{"embeddable":true,"href":"https:\/\/e.kosmolat.eu\/lv\/wp-json\/wp\/v2\/media\/98992"}],"wp:attachment":[{"href":"https:\/\/e.kosmolat.eu\/lv\/wp-json\/wp\/v2\/media?parent=38872"}],"wp:term":[{"taxonomy":"product_cat","embeddable":true,"href":"https:\/\/e.kosmolat.eu\/lv\/wp-json\/wp\/v2\/product_cat?post=38872"},{"taxonomy":"product_tag","embeddable":true,"href":"https:\/\/e.kosmolat.eu\/lv\/wp-json\/wp\/v2\/product_tag?post=38872"}],"curies":[{"name":"wp","href":"https:\/\/api.w.org\/{rel}","templated":true}]}}