{"id":38868,"date":"2023-12-22T22:20:45","date_gmt":"2023-12-22T22:20:45","guid":{"rendered":"https:\/\/e.kosmolat.eu\/product\/quack-quack-maigs-bernu-sampuns-matiem-un-kermenim-0-200-ml\/"},"modified":"2026-04-21T12:14:29","modified_gmt":"2026-04-21T12:14:29","slug":"quack-quack-maigs-bernu-sampuns-matiem-un-kermenim-0-200-ml","status":"publish","type":"product","link":"https:\/\/e.kosmolat.eu\/lv\/product\/quack-quack-maigs-bernu-sampuns-matiem-un-kermenim-0-200-ml\/","title":{"rendered":"QUACK QUACK Maigs b\u0113rnu \u0161amp\u016bns matiem un \u0137ermenim 0+, 200 ml"},"content":{"rendered":"<p>Maigs b\u0113rnu \u0161amp\u016bns matiem un \u0137ermenim. Dermatolo\u0123iski p\u0101rbaud\u012bta un hipoaler\u0123iska formula. Maigi mazg\u0101 b\u0113rnu matus un \u0101du. Piem\u0113rots ikdienas lieto\u0161anai.<br \/>\nMande\u013cu e\u013c\u013ca &ndash; pasarg\u0101 \u0101du no sausuma.<br \/>\nKumel\u012b\u0161u ekstrakts &#8211; piem\u012bt pretiekaisuma \u012bpa\u0161\u012bbas.<\/p>\n<p><strong>Lieto\u0161ana:<\/strong> Uzkl\u0101jiet nelielu daudzumu uz mitriem matiem un \u0101das un akur\u0101ti pamas\u0113jiet. R\u016bp\u012bgi noskalojiet ar \u016bdeni. Tikai \u0101r\u012bgai lieto\u0161anai. Izvairieties no saskares ar ac\u012bm.<\/p>\n<p>&nbsp;<\/p>\n","protected":false},"excerpt":{"rendered":"<p>Maigs b\u0113rnu \u0161amp\u016bns matiem un \u0137ermenim. Dermatolo\u0123iski p\u0101rbaud\u012bta un hipoaler\u0123iska formula. Maigi mazg\u0101 b\u0113rnu matus un \u0101du. Piem\u0113rots ikdienas lieto\u0161anai. Mande\u013cu e\u013c\u013ca &ndash; pasarg\u0101 \u0101du no sausuma. Kumel\u012b\u0161u ekstrakts &#8211; piem\u012bt pretiekaisuma \u012bpa\u0161\u012bbas. Lieto\u0161ana: Uzkl\u0101jiet nelielu daudzumu uz mitriem matiem un \u0101das un akur\u0101ti pamas\u0113jiet. R\u016bp\u012bgi noskalojiet ar \u016bdeni. Tikai \u0101r\u012bgai lieto\u0161anai. Izvairieties no saskares [&#8230;]\n","protected":false},"featured_media":105348,"template":"","meta":[],"product_cat":[1999],"product_tag":[],"class_list":{"0":"post-38868","1":"product","2":"type-product","3":"status-publish","4":"has-post-thumbnail","6":"product_brand-rubella-bg","7":"product_cat-bez-kategorijas","9":"first","10":"instock","11":"taxable","12":"shipping-taxable","13":"product-type-simple"},"_links":{"self":[{"href":"https:\/\/e.kosmolat.eu\/lv\/wp-json\/wp\/v2\/product\/38868","targetHints":{"allow":["GET"]}}],"collection":[{"href":"https:\/\/e.kosmolat.eu\/lv\/wp-json\/wp\/v2\/product"}],"about":[{"href":"https:\/\/e.kosmolat.eu\/lv\/wp-json\/wp\/v2\/types\/product"}],"wp:featuredmedia":[{"embeddable":true,"href":"https:\/\/e.kosmolat.eu\/lv\/wp-json\/wp\/v2\/media\/105348"}],"wp:attachment":[{"href":"https:\/\/e.kosmolat.eu\/lv\/wp-json\/wp\/v2\/media?parent=38868"}],"wp:term":[{"taxonomy":"product_cat","embeddable":true,"href":"https:\/\/e.kosmolat.eu\/lv\/wp-json\/wp\/v2\/product_cat?post=38868"},{"taxonomy":"product_tag","embeddable":true,"href":"https:\/\/e.kosmolat.eu\/lv\/wp-json\/wp\/v2\/product_tag?post=38868"}],"curies":[{"name":"wp","href":"https:\/\/api.w.org\/{rel}","templated":true}]}}