{"id":38864,"date":"2023-12-22T22:20:14","date_gmt":"2023-12-22T22:20:14","guid":{"rendered":"https:\/\/e.kosmolat.eu\/product\/quack-quack-putojoss-vannas-piens-0-250-ml\/"},"modified":"2025-02-13T06:06:54","modified_gmt":"2025-02-13T06:06:54","slug":"quack-quack-putojoss-vannas-piens-0-250-ml","status":"publish","type":"product","link":"https:\/\/e.kosmolat.eu\/lv\/product\/quack-quack-putojoss-vannas-piens-0-250-ml\/","title":{"rendered":"QUACK QUACK Putojo\u0161s vannas piens 0+, 250 ml"},"content":{"rendered":"<p>Putojo\u0161s vannas piens.&nbsp;Dermatolo\u0123iski p\u0101rbaud\u012bta un hipoaler\u0123iska formula. Maigi att\u012bra mazu\u013ca \u0101du.&nbsp;Mande\u013cu e\u013c\u013ca &ndash; pasarg\u0101 \u0101du no sausuma.&nbsp;Kokosriekstu e\u013c\u013ca &#8211; nodro\u0161ina dzi\u013cu \u0101das mitrin\u0101\u0161anu.&nbsp;Piem\u0113rots ikdienas lieto\u0161anai.<\/p>\n<p><strong>Lieto\u0161ana:<\/strong> PIRMS LIETO&Scaron;ANAS K\u0100RT\u012aGI SAKRATIET. Ielejiet nelielu putu daudzumu plaukst\u0101s un maigi mas\u0113jiet mitro mazu\u013ca \u0101du. R\u016bp\u012bgi noskalojiet ar \u016bdeni. Tikai \u0101r\u012bgai lieto\u0161anai. Izvairieties no saskares ar ac\u012bm.<\/p>\n<p>&nbsp;<\/p>\n","protected":false},"excerpt":{"rendered":"<p>Putojo\u0161s vannas piens.&nbsp;Dermatolo\u0123iski p\u0101rbaud\u012bta un hipoaler\u0123iska formula. Maigi att\u012bra mazu\u013ca \u0101du.&nbsp;Mande\u013cu e\u013c\u013ca &ndash; pasarg\u0101 \u0101du no sausuma.&nbsp;Kokosriekstu e\u013c\u013ca &#8211; nodro\u0161ina dzi\u013cu \u0101das mitrin\u0101\u0161anu.&nbsp;Piem\u0113rots ikdienas lieto\u0161anai. Lieto\u0161ana: PIRMS LIETO&Scaron;ANAS K\u0100RT\u012aGI SAKRATIET. Ielejiet nelielu putu daudzumu plaukst\u0101s un maigi mas\u0113jiet mitro mazu\u013ca \u0101du. R\u016bp\u012bgi noskalojiet ar \u016bdeni. Tikai \u0101r\u012bgai lieto\u0161anai. Izvairieties no saskares ar ac\u012bm. &nbsp;<\/p>\n","protected":false},"featured_media":27345,"template":"","meta":[],"product_cat":[1797],"product_tag":[],"class_list":{"0":"post-38864","1":"product","2":"type-product","3":"status-publish","4":"has-post-thumbnail","6":"product_brand-rubella-inopharm-dental-deba-mistergroomer-topten-quackquack","7":"product_cat-dusas-zelejas-ziepes-putas","9":"first","10":"outofstock","11":"taxable","12":"shipping-taxable","13":"product-type-simple"},"_links":{"self":[{"href":"https:\/\/e.kosmolat.eu\/lv\/wp-json\/wp\/v2\/product\/38864","targetHints":{"allow":["GET"]}}],"collection":[{"href":"https:\/\/e.kosmolat.eu\/lv\/wp-json\/wp\/v2\/product"}],"about":[{"href":"https:\/\/e.kosmolat.eu\/lv\/wp-json\/wp\/v2\/types\/product"}],"wp:featuredmedia":[{"embeddable":true,"href":"https:\/\/e.kosmolat.eu\/lv\/wp-json\/wp\/v2\/media\/27345"}],"wp:attachment":[{"href":"https:\/\/e.kosmolat.eu\/lv\/wp-json\/wp\/v2\/media?parent=38864"}],"wp:term":[{"taxonomy":"product_cat","embeddable":true,"href":"https:\/\/e.kosmolat.eu\/lv\/wp-json\/wp\/v2\/product_cat?post=38864"},{"taxonomy":"product_tag","embeddable":true,"href":"https:\/\/e.kosmolat.eu\/lv\/wp-json\/wp\/v2\/product_tag?post=38864"}],"curies":[{"name":"wp","href":"https:\/\/api.w.org\/{rel}","templated":true}]}}