{"id":38856,"date":"2023-12-22T22:19:46","date_gmt":"2023-12-22T22:19:46","guid":{"rendered":"https:\/\/e.kosmolat.eu\/product\/mg-sampuns-matiem-bardai-un-usam-200-ml\/"},"modified":"2026-04-23T09:41:08","modified_gmt":"2026-04-23T09:41:08","slug":"mg-sampuns-matiem-bardai-un-usam-200-ml","status":"publish","type":"product","link":"https:\/\/e.kosmolat.eu\/lv\/product\/mg-sampuns-matiem-bardai-un-usam-200-ml\/","title":{"rendered":"MG \u0160amp\u016bns matiem, b\u0101rdai un \u016bs\u0101m, 200 ml"},"content":{"rendered":"<p>&Scaron;amp\u016bns galvas matiem, b\u0101rdai un \u016bs\u0101m. Piem\u0113rots galvas mazg\u0101\u0161anai, padara b\u0101rdu un \u016bsas m\u012bkstus un mitrin\u0101tus. Inovat\u012bva formula ar akt\u012bv\u0101s ogles kompleksu, piparm\u0113tru un citrona ekstraktu. Formula nesatur silikonus. Piem\u0113rots veg\u0101niem. Piem\u0113rots visiem matu tipiem. Ikdienas lieto\u0161anai. Aktiv\u0113t\u0101 ogle no\u0146em net\u012brumus, uzs\u016bc lieko sebumu. Piparm\u0113tru ekstrakts &ndash; atsvaidzina un atv\u0113sina. Citronu ekstrakts &ndash; sniedz svaiguma un t\u012br\u012bbas saj\u016btu.<\/p>\n<p><strong>Lieto\u0161ana:<\/strong> Uzkl\u0101t uz mitras galvas \u0101das, b\u0101rdas un \u016bs\u0101m, iemas\u0113t un r\u016bp\u012bgi noskalot ar \u016bdeni. Lai ieg\u016btu optim\u0101lus rezult\u0101tus, izmantojiet e\u013c\u013cu b\u0101rdai un \u016bs\u0101m MISTER GROOMER.<br \/>\n&nbsp;<\/p>\n","protected":false},"excerpt":{"rendered":"<p>&Scaron;amp\u016bns galvas matiem, b\u0101rdai un \u016bs\u0101m. Piem\u0113rots galvas mazg\u0101\u0161anai, padara b\u0101rdu un \u016bsas m\u012bkstus un mitrin\u0101tus. Inovat\u012bva formula ar akt\u012bv\u0101s ogles kompleksu, piparm\u0113tru un citrona ekstraktu. Formula nesatur silikonus. Piem\u0113rots veg\u0101niem. Piem\u0113rots visiem matu tipiem. Ikdienas lieto\u0161anai. Aktiv\u0113t\u0101 ogle no\u0146em net\u012brumus, uzs\u016bc lieko sebumu. Piparm\u0113tru ekstrakts &ndash; atsvaidzina un atv\u0113sina. Citronu ekstrakts &ndash; sniedz svaiguma [&#8230;]\n","protected":false},"featured_media":102773,"template":"","meta":[],"product_cat":[1252],"product_tag":[],"class_list":{"0":"post-38856","1":"product","2":"type-product","3":"status-publish","4":"has-post-thumbnail","6":"product_brand-rubella-bg","7":"product_cat-1252","9":"first","10":"instock","11":"taxable","12":"shipping-taxable","13":"product-type-simple"},"_links":{"self":[{"href":"https:\/\/e.kosmolat.eu\/lv\/wp-json\/wp\/v2\/product\/38856","targetHints":{"allow":["GET"]}}],"collection":[{"href":"https:\/\/e.kosmolat.eu\/lv\/wp-json\/wp\/v2\/product"}],"about":[{"href":"https:\/\/e.kosmolat.eu\/lv\/wp-json\/wp\/v2\/types\/product"}],"wp:featuredmedia":[{"embeddable":true,"href":"https:\/\/e.kosmolat.eu\/lv\/wp-json\/wp\/v2\/media\/102773"}],"wp:attachment":[{"href":"https:\/\/e.kosmolat.eu\/lv\/wp-json\/wp\/v2\/media?parent=38856"}],"wp:term":[{"taxonomy":"product_cat","embeddable":true,"href":"https:\/\/e.kosmolat.eu\/lv\/wp-json\/wp\/v2\/product_cat?post=38856"},{"taxonomy":"product_tag","embeddable":true,"href":"https:\/\/e.kosmolat.eu\/lv\/wp-json\/wp\/v2\/product_tag?post=38856"}],"curies":[{"name":"wp","href":"https:\/\/api.w.org\/{rel}","templated":true}]}}