{"id":38796,"date":"2023-12-22T22:14:13","date_gmt":"2023-12-22T22:14:13","guid":{"rendered":"https:\/\/e.kosmolat.eu\/product\/pfc-kremkrasa-vara-bruns-5-3-50-50-30-ml\/"},"modified":"2025-05-12T11:14:24","modified_gmt":"2025-05-12T11:14:24","slug":"pfc-kremkrasa-vara-bruns-5-3-50-50-30-ml","status":"publish","type":"product","link":"https:\/\/e.kosmolat.eu\/lv\/product\/pfc-kremkrasa-vara-bruns-5-3-50-50-30-ml\/","title":{"rendered":"PFC  Kr\u0113mkr\u0101sa Vara br\u016bns 5.3, 50\/50\/30 ml"},"content":{"rendered":"<p>Notur\u012bga matu kr\u0113mkr\u0101sa ar inovat\u012bvo Bond Re-Plex tehnolo\u0123iju. Kr\u0101sviela satur Q10, ole\u012bnsk\u0101bes un C vitam\u012bna kombin\u0101ciju, kas aizkav\u0113 matu noveco\u0161anos un padara tos stiprus un dz\u012bv\u012bgus.&nbsp;<br \/>\nPievienotais Bond Re-Plex aminosk\u0101bju komplekss, kas l\u012bdz\u012bgs matu strukt\u016br\u0101 atrodamaj\u0101m, nodro\u0161ina papildu aizsardz\u012bbu. Samazina matu l\u016b\u0161anu un atjauno to vitalit\u0101ti un iztur\u012bbu. Rezult\u0101t\u0101 &nbsp;mati ir sp\u012bd\u012bgi un laim\u012bgi ar ko\u0161u kr\u0101su!<\/p>\n<p><strong>Dro\u0161\u012bbas noteikumi:<\/strong><br \/>\nMatu kr\u0101svielas var izrais\u012bt smagu aler\u0123isku reakciju. Izlas\u012bt un iev\u0113rot nor\u0101d\u012bjumus.&nbsp;<br \/>\nSajauk\u0161anas proporcija: 1:1.<br \/>\n&Scaron;is l\u012bdzeklis nav paredz\u0113ts person\u0101m, kas jaun\u0101kas par 16 gadiem.<br \/>\nPagaidu &quot;meln\u0101s hennas&quot; tetov\u0113jumi var palielin\u0101t aler\u0123iju risku.<br \/>\nNekr\u0101sojiet matus, ja:<br \/>\nJums ir izsitumi uz sejas vai jut\u012bga, iekaisusi vai boj\u0101ta galvas \u0101da;<br \/>\nvai jums k\u0101dreiz ir bijusi k\u0101da reakcija p\u0113c matu kr\u0101so\u0161anas;<br \/>\njums agr\u0101k ir bijusi reakcija uz pagaidu &quot;meln\u0101s hennas&quot; tetov\u0113jumu.<br \/>\nVEICIET \u0100DAS ALER\u0122IJAS TESTU 48 STUNDAS PIRMS &Scaron;\u012a PRODUKTA LIETO&Scaron;ANAS (izlasiet un iev\u0113rojiet pievienotaj\u0101 instrukcij\u0101 sniegtos nor\u0101d\u012bjumus), pat ja esat lietojis matu kr\u0101sas un jums nav bijusi reakcija uz t\u0101m.<br \/>\nSatur fenil\u0113ndiam\u012bnus, fenil\u0113ndiam\u012bnus (tolu\u0113ndiam\u012bnus), rezorc\u012bnu, \u016bde\u0146ra\u017ea peroks\u012bdu, amonjaku. Nelietot skropstu vai uzacu kr\u0101so\u0161anai. Lietot atbilsto\u0161us aizsargcimdus. P\u0113c uzkl\u0101\u0161anas labi izskalojiet matus. Nepie\u013caut nok\u013c\u016b\u0161anu ac\u012bs! Ja l\u012bdzeklis iek\u013c\u016bst ac\u012bs, t\u016bl\u012bt izskalot. Uzglab\u0101t b\u0113rniem nepieejam\u0101 viet\u0101, tum\u0161\u0101, saus\u0101 un v\u0113s\u0101 viet\u0101, temperat\u016br\u0101 no 5&deg;C l\u012bdz 25&deg;C.<br \/>\nOksid\u0113t\u0101js satur \u016bde\u0146ra\u017ea peroks\u012bdu: Nr. 1.0, 3.0, 5.0, 7.53, 7.1, 10.0, 4.2, 5.5, 8.0, 9.0, 7.31, 5.3; Kr\u0113mkr\u0101sa satur p-fenil\u0113ndiam\u012bnus: Nr. 1.0, 3.0, 7.53, 7.1, 4.2, 5.5, 9.0, 7.31, 5.3, 10.0; Kr\u0113mkr\u0101sa satur rezorc\u012bnu: Nr. 1.0, 3.0, 5.0, 7.53, 7.1, 4.2, 5.5, 8.0, 7.31, 5.3, 10.0; Kr\u0113mkr\u0101sa satur fenil\u0113ndiam\u012bnus (tolu\u0113ndiam\u012bnus): 5.0, 4.2; &nbsp;Kr\u0113mkr\u0101sa satur amonjaku: Nr. 3.0, 5.0, 7.53, 7.1, 10.0, 4.2, 5.5, 8.0, 9.0, 7.31, 5.3.<\/p>\n<p>Iepakojum\u0101 ir:<br \/>\n1. T\u016bbi\u0146a ar kr\u0113mkr\u0101su 50 ml<br \/>\n2. Flakons ar oksid\u0113t\u0101ju 50 ml<br \/>\n3. Paci\u0146a ar Bond Re-Plex matu balz\u0101mu 30 ml<br \/>\n4. Aizsargcimdu p\u0101ris<br \/>\n5. Lieto\u0161anas instrukcija<br \/>\n&nbsp;<\/p>\n","protected":false},"excerpt":{"rendered":"<p>Notur\u012bga matu kr\u0113mkr\u0101sa ar inovat\u012bvo Bond Re-Plex tehnolo\u0123iju. Kr\u0101sviela satur Q10, ole\u012bnsk\u0101bes un C vitam\u012bna kombin\u0101ciju, kas aizkav\u0113 matu noveco\u0161anos un padara tos stiprus un dz\u012bv\u012bgus.&nbsp; Pievienotais Bond Re-Plex aminosk\u0101bju komplekss, kas l\u012bdz\u012bgs matu strukt\u016br\u0101 atrodamaj\u0101m, nodro\u0161ina papildu aizsardz\u012bbu. Samazina matu l\u016b\u0161anu un atjauno to vitalit\u0101ti un iztur\u012bbu. Rezult\u0101t\u0101 &nbsp;mati ir sp\u012bd\u012bgi un laim\u012bgi ar [&#8230;]\n","protected":false},"featured_media":38803,"template":"","meta":[],"product_cat":[1440],"product_tag":[],"class_list":{"0":"post-38796","1":"product","2":"type-product","3":"status-publish","4":"has-post-thumbnail","6":"product_brand-rubella-bg","7":"product_cat-matu-krasas-matu-krasas","9":"first","10":"outofstock","11":"taxable","12":"shipping-taxable","13":"product-type-simple"},"_links":{"self":[{"href":"https:\/\/e.kosmolat.eu\/lv\/wp-json\/wp\/v2\/product\/38796","targetHints":{"allow":["GET"]}}],"collection":[{"href":"https:\/\/e.kosmolat.eu\/lv\/wp-json\/wp\/v2\/product"}],"about":[{"href":"https:\/\/e.kosmolat.eu\/lv\/wp-json\/wp\/v2\/types\/product"}],"wp:featuredmedia":[{"embeddable":true,"href":"https:\/\/e.kosmolat.eu\/lv\/wp-json\/wp\/v2\/media\/38803"}],"wp:attachment":[{"href":"https:\/\/e.kosmolat.eu\/lv\/wp-json\/wp\/v2\/media?parent=38796"}],"wp:term":[{"taxonomy":"product_cat","embeddable":true,"href":"https:\/\/e.kosmolat.eu\/lv\/wp-json\/wp\/v2\/product_cat?post=38796"},{"taxonomy":"product_tag","embeddable":true,"href":"https:\/\/e.kosmolat.eu\/lv\/wp-json\/wp\/v2\/product_tag?post=38796"}],"curies":[{"name":"wp","href":"https:\/\/api.w.org\/{rel}","templated":true}]}}