{"id":38764,"date":"2023-12-22T22:10:23","date_gmt":"2023-12-22T22:10:23","guid":{"rendered":"https:\/\/e.kosmolat.eu\/product\/pfc-kremkrasa-baklazans-4-2-50-50-30-ml\/"},"modified":"2025-09-02T12:55:54","modified_gmt":"2025-09-02T12:55:54","slug":"pfc-kremkrasa-baklazans-4-2-50-50-30-ml","status":"publish","type":"product","link":"https:\/\/e.kosmolat.eu\/lv\/product\/pfc-kremkrasa-baklazans-4-2-50-50-30-ml\/","title":{"rendered":"PFC Kr\u0113mkr\u0101sa Bakla\u017e\u0101ns 4.2, 50\/50\/30 ml"},"content":{"rendered":"","protected":false},"excerpt":{"rendered":"","protected":false},"featured_media":0,"template":"","meta":[],"product_cat":[1440],"product_tag":[],"class_list":{"0":"post-38764","1":"product","2":"type-product","3":"status-publish","5":"product_brand-rubella-bg","6":"product_cat-matu-krasas-matu-krasas","8":"first","9":"outofstock","10":"taxable","11":"shipping-taxable","12":"product-type-simple"},"_links":{"self":[{"href":"https:\/\/e.kosmolat.eu\/lv\/wp-json\/wp\/v2\/product\/38764","targetHints":{"allow":["GET"]}}],"collection":[{"href":"https:\/\/e.kosmolat.eu\/lv\/wp-json\/wp\/v2\/product"}],"about":[{"href":"https:\/\/e.kosmolat.eu\/lv\/wp-json\/wp\/v2\/types\/product"}],"wp:attachment":[{"href":"https:\/\/e.kosmolat.eu\/lv\/wp-json\/wp\/v2\/media?parent=38764"}],"wp:term":[{"taxonomy":"product_cat","embeddable":true,"href":"https:\/\/e.kosmolat.eu\/lv\/wp-json\/wp\/v2\/product_cat?post=38764"},{"taxonomy":"product_tag","embeddable":true,"href":"https:\/\/e.kosmolat.eu\/lv\/wp-json\/wp\/v2\/product_tag?post=38764"}],"curies":[{"name":"wp","href":"https:\/\/api.w.org\/{rel}","templated":true}]}}