{"id":38756,"date":"2023-12-22T22:09:22","date_gmt":"2023-12-22T22:09:22","guid":{"rendered":"https:\/\/e.kosmolat.eu\/product\/top-ten-for-men-new-depilacijas-krems-viriesiem-150-ml\/"},"modified":"2025-04-01T20:37:57","modified_gmt":"2025-04-01T20:37:57","slug":"top-ten-for-men-new-depilacijas-krems-viriesiem-150-ml","status":"publish","type":"product","link":"https:\/\/e.kosmolat.eu\/lv\/product\/top-ten-for-men-new-depilacijas-krems-viriesiem-150-ml\/","title":{"rendered":"TOP TEN for Men New Depil\u0101cijas Kr\u0113ms V\u012brie\u0161iem, 150 ml"},"content":{"rendered":"<p>Top Ten V\u012brie\u0161u depil\u0101cijas kr\u0113ms.<br \/>\nDepil\u0101cijas kr\u0113ms Top Ten nodro\u0161ina m\u016bsdienu v\u012brietim specifisku un efekt\u012bvu risin\u0101jumu, lai atbr\u012bvotos no nev\u0113lama \u0137erme\u0146a apmatojuma. 5 min\u016b\u0161u laik\u0101 p\u0113c kr\u0113ma uzkl\u0101\u0161anas mati bez \u012bpa\u0161as piep\u016bles paz\u016bd pat no smalk\u0101kaj\u0101m \u0137erme\u0146a zon\u0101m. &Scaron;\u012b sviests aizsarg\u0101 \u0101du matu no\u0146em\u0161anas proced\u016bras laik\u0101, padarot to m\u012bkstu un gludu.<\/p>\n<p><strong>Uzman\u012bbu! Pirms produkta lieto\u0161anas izlasiet instrukciju!<\/strong><br \/>\nVeiciet standarta jut\u012bbas testu &ndash; uzkl\u0101jiet nedaudz kr\u0113ma uz nelielas zonas elko\u0146a loc\u012btavas \u0101das iek\u0161\u0113j\u0101 pus\u0113. P\u0113c 10 min\u016bt\u0113m nomazg\u0101t ar siltu \u016bdeni. Ja p\u0113c 24 stund\u0101m nav paaugstin\u0101ta \u0101das jut\u012bba &ndash; nieze vai aps\u0101rtums, var lietot depil\u0101cijas kr\u0113mu.<\/p>\n<p><strong>Piesardz\u012bbas pas\u0101kumi:<\/strong><br \/>\nSatur tioglikol\u0101tu.<br \/>\nIev\u0113rot nor\u0101d\u012bjumus.<br \/>\nNelietot uz ievainotas, sakairin\u0101tas un iekaisu\u0161as \u0101das, aps\u0101rtusas \u0101das no saules apdegumiem, plankumiem un vasaras raibumiem uz \u0137erme\u0146a.<br \/>\nJa, lietojot depilatoru, rodas apdegums, nieze vai cita veida diskomforts, nekav\u0113joties noskalojiet ar lielu daudzumu \u016bdens. Ja aler\u0123iska reakcija nep\u0101riet, nekav\u0113joties sazinieties ar savu \u0101rstu.<br \/>\n24 stundas p\u0113c depil\u0101cijas nelietot uz apstr\u0101d\u0101taj\u0101m viet\u0101m spirtu saturo\u0161us produktus (smar\u017eas, dezodorantus, tualetes \u016bdeni u.c.). Nepak\u013caujiet \u0101du saulei vair\u0101kas stundas pirms un p\u0113c depil\u0101cijas.<br \/>\nAtst\u0101jiet 72 stundas starp div\u0101m sec\u012bg\u0101m produkta lieto\u0161anas reiz\u0113m.<br \/>\nJa produkts ir nor\u012bts, nekav\u0113joties mekl\u0113t medic\u012bnisko pal\u012bdz\u012bbu.<br \/>\nNepie\u013caut nok\u013c\u016b\u0161anu ac\u012bs!<br \/>\nJa l\u012bdzeklis nok\u013c\u016bst ac\u012bs, t\u016bl\u012bt t\u0101s izskalot ar lielu daudzumu \u016bdens un mekl\u0113t specializ\u0113tu medic\u012bnisko pal\u012bdz\u012bbu.<br \/>\nSarg\u0101t no b\u0113rniem!<\/p>\n<p><strong>Lieto\u0161ana:<\/strong><br \/>\n1. Uzkl\u0101jiet tie\u0161i uz \u0101das ar l\u0101psti\u0146u. Uzkl\u0101jiet vienm\u0113r\u012bgu sl\u0101ni uz \u0101das, piln\u012bb\u0101 nosedzot apstr\u0101d\u0101jamo zonu. 2. Atst\u0101j kr\u0113mu iedarboties 5 min\u016btes. 3. Ar l\u0101psti\u0146u no\u0146em kr\u0113mu. 4. Ja nepiecie\u0161ams, varat atst\u0101t kr\u0113mu iedarboties ne ilg\u0101k k\u0101 6-7 min\u016btes no t\u0101 uzkl\u0101\u0161anas br\u012b\u017ea. 5. P\u0113c kr\u0113ma no\u0146em\u0161anas noskalojiet \u0101du ar lielu daudzumu \u016bdens un nosusiniet.<br \/>\n&nbsp;<\/p>\n","protected":false},"excerpt":{"rendered":"<p>Top Ten V\u012brie\u0161u depil\u0101cijas kr\u0113ms. Depil\u0101cijas kr\u0113ms Top Ten nodro\u0161ina m\u016bsdienu v\u012brietim specifisku un efekt\u012bvu risin\u0101jumu, lai atbr\u012bvotos no nev\u0113lama \u0137erme\u0146a apmatojuma. 5 min\u016b\u0161u laik\u0101 p\u0113c kr\u0113ma uzkl\u0101\u0161anas mati bez \u012bpa\u0161as piep\u016bles paz\u016bd pat no smalk\u0101kaj\u0101m \u0137erme\u0146a zon\u0101m. &Scaron;\u012b sviests aizsarg\u0101 \u0101du matu no\u0146em\u0161anas proced\u016bras laik\u0101, padarot to m\u012bkstu un gludu. Uzman\u012bbu! Pirms produkta lieto\u0161anas [&#8230;]\n","protected":false},"featured_media":15465,"template":"","meta":[],"product_cat":[1622],"product_tag":[],"class_list":{"0":"post-38756","1":"product","2":"type-product","3":"status-publish","4":"has-post-thumbnail","6":"product_brand-rubella-bg","7":"product_cat-depilacijas-un-skusanas-lidzekli","9":"first","10":"outofstock","11":"taxable","12":"shipping-taxable","13":"product-type-simple"},"_links":{"self":[{"href":"https:\/\/e.kosmolat.eu\/lv\/wp-json\/wp\/v2\/product\/38756","targetHints":{"allow":["GET"]}}],"collection":[{"href":"https:\/\/e.kosmolat.eu\/lv\/wp-json\/wp\/v2\/product"}],"about":[{"href":"https:\/\/e.kosmolat.eu\/lv\/wp-json\/wp\/v2\/types\/product"}],"wp:featuredmedia":[{"embeddable":true,"href":"https:\/\/e.kosmolat.eu\/lv\/wp-json\/wp\/v2\/media\/15465"}],"wp:attachment":[{"href":"https:\/\/e.kosmolat.eu\/lv\/wp-json\/wp\/v2\/media?parent=38756"}],"wp:term":[{"taxonomy":"product_cat","embeddable":true,"href":"https:\/\/e.kosmolat.eu\/lv\/wp-json\/wp\/v2\/product_cat?post=38756"},{"taxonomy":"product_tag","embeddable":true,"href":"https:\/\/e.kosmolat.eu\/lv\/wp-json\/wp\/v2\/product_tag?post=38756"}],"curies":[{"name":"wp","href":"https:\/\/api.w.org\/{rel}","templated":true}]}}