{"id":38752,"date":"2023-12-22T22:08:55","date_gmt":"2023-12-22T22:08:55","guid":{"rendered":"https:\/\/e.kosmolat.eu\/product\/mg-ella-bardai-un-usam-30-ml\/"},"modified":"2026-04-08T14:50:49","modified_gmt":"2026-04-08T14:50:49","slug":"mg-ella-bardai-un-usam-30-ml","status":"publish","type":"product","link":"https:\/\/e.kosmolat.eu\/lv\/product\/mg-ella-bardai-un-usam-30-ml\/","title":{"rendered":"MG E\u013c\u013ca b\u0101rdai un \u016bs\u0101m, 30 ml"},"content":{"rendered":"<p>E\u013c\u013ca b\u0101rdai un \u016bs\u0101m.<br \/>\nDabisku e\u013c\u013cu kombin\u0101cija, kas m\u012bkstina b\u0101rdu. Visiem \u0101das tipiem ikdienas lieto\u0161anai. Apriko\u017eu e\u013c\u013ca &#8211; piem\u012bt sp\u0113c\u012bgas barojo\u0161as un atjaunojo\u0161as \u012bpa\u0161\u012bbas. Bag\u0101ta ar A vitam\u012bnu un miner\u0101lviel\u0101m.<br \/>\nPiparm\u0113tru e\u013c\u013ca &ndash; nodro\u0161ina atv\u0113sino\u0161u iedarb\u012bbu uz \u0101du. Pie\u0161\u0137ir sp\u012bdumu un maigumu.<br \/>\nE vitam\u012bns &#8211; mazina kairin\u0101jumu, uzlabo \u0101das dabisko aizsardz\u012bbu, samazinot mitruma zudumu.<\/p>\n<p><strong>Lieto\u0161ana:<\/strong> uzkl\u0101jiet da\u017eus pilienus uz rok\u0101m, iemas\u0113jiet b\u0101rdu vai \u016bsas. P\u0113c tam \u0137emm\u0113jiet ar \u0137emmi vai suku, lai vienm\u0113r\u012bgi sadal\u012btu l\u012bdzekli.<br \/>\n&nbsp;<\/p>\n","protected":false},"excerpt":{"rendered":"<p>E\u013c\u013ca b\u0101rdai un \u016bs\u0101m. Dabisku e\u013c\u013cu kombin\u0101cija, kas m\u012bkstina b\u0101rdu. Visiem \u0101das tipiem ikdienas lieto\u0161anai. Apriko\u017eu e\u013c\u013ca &#8211; piem\u012bt sp\u0113c\u012bgas barojo\u0161as un atjaunojo\u0161as \u012bpa\u0161\u012bbas. Bag\u0101ta ar A vitam\u012bnu un miner\u0101lviel\u0101m. Piparm\u0113tru e\u013c\u013ca &ndash; nodro\u0161ina atv\u0113sino\u0161u iedarb\u012bbu uz \u0101du. Pie\u0161\u0137ir sp\u012bdumu un maigumu. E vitam\u012bns &#8211; mazina kairin\u0101jumu, uzlabo \u0101das dabisko aizsardz\u012bbu, samazinot mitruma zudumu. Lieto\u0161ana: [&#8230;]\n","protected":false},"featured_media":102935,"template":"","meta":[],"product_cat":[1686],"product_tag":[],"class_list":{"0":"post-38752","1":"product","2":"type-product","3":"status-publish","4":"has-post-thumbnail","6":"product_brand-rubella-bg","7":"product_cat-matu-kopsanai","9":"first","10":"instock","11":"taxable","12":"shipping-taxable","13":"product-type-simple"},"_links":{"self":[{"href":"https:\/\/e.kosmolat.eu\/lv\/wp-json\/wp\/v2\/product\/38752","targetHints":{"allow":["GET"]}}],"collection":[{"href":"https:\/\/e.kosmolat.eu\/lv\/wp-json\/wp\/v2\/product"}],"about":[{"href":"https:\/\/e.kosmolat.eu\/lv\/wp-json\/wp\/v2\/types\/product"}],"wp:featuredmedia":[{"embeddable":true,"href":"https:\/\/e.kosmolat.eu\/lv\/wp-json\/wp\/v2\/media\/102935"}],"wp:attachment":[{"href":"https:\/\/e.kosmolat.eu\/lv\/wp-json\/wp\/v2\/media?parent=38752"}],"wp:term":[{"taxonomy":"product_cat","embeddable":true,"href":"https:\/\/e.kosmolat.eu\/lv\/wp-json\/wp\/v2\/product_cat?post=38752"},{"taxonomy":"product_tag","embeddable":true,"href":"https:\/\/e.kosmolat.eu\/lv\/wp-json\/wp\/v2\/product_tag?post=38752"}],"curies":[{"name":"wp","href":"https:\/\/api.w.org\/{rel}","templated":true}]}}