{"id":38740,"date":"2023-12-22T22:07:54","date_gmt":"2023-12-22T22:07:54","guid":{"rendered":"https:\/\/e.kosmolat.eu\/product\/mt-matu-kremkr-metala-grafita-mg-50-50-15-ml\/"},"modified":"2026-04-09T16:09:08","modified_gmt":"2026-04-09T16:09:08","slug":"mt-matu-kremkr-metala-grafita-mg-50-50-15-ml","status":"publish","type":"product","link":"https:\/\/e.kosmolat.eu\/lv\/product\/mt-matu-kremkr-metala-grafita-mg-50-50-15-ml\/","title":{"rendered":"MT Matu kr\u0113mkr. Met\u0101la graf\u012bta (MG), 50\/50\/15 ml"},"content":{"rendered":"<p>Rubelia Metallic Touch Ilgnotur\u012bga matu kr\u0101sa ar met\u0101lisku efektu ori\u0123in\u0101lam izskatam. Jauna formula ar pievienotu r\u012bsu prote\u012bnu lab\u0101kai matu kop\u0161anai un aizsardz\u012bbai. Ar kerat\u012bnu, PP vitam\u012bnu un D-pantenolu bag\u0101tin\u0101ts balzams &#8211; veseliem un elast\u012bgiem matiem, ar iespaid\u012bgu sp\u012bdumu un br\u012bni\u0161\u0137\u012bgu niansi.<\/p>\n<p><strong>PIESARDZ\u012aBAS PAS\u0100KUMI:<\/strong><br \/>\nMatu kr\u0101sas var izrais\u012bt smagas aler\u0123iskas reakcijas.<br \/>\nIzlasiet un izpildiet nor\u0101d\u012bjumus. &Scaron;is produkts nav paredz\u0113ts lieto\u0161anai person\u0101m, kas jaun\u0101kas par 16 gadiem.<br \/>\nPagaidu &quot;meln\u0101s hennas&quot; tetov\u0113jumi var palielin\u0101t aler\u0123iju risku.<br \/>\nNekr\u0101sojiet matus, ja: Jums ir izsitumi uz sejas vai jut\u012bga, iekaisusi vai boj\u0101ta galvas \u0101da. Jums k\u0101dreiz ir bijusi k\u0101da reakcija p\u0113c matu kr\u0101so\u0161anas. Jums agr\u0101k ir bijusi reakcija uz \u012bslaic\u012bgiem melnas hennas tetov\u0113jumiem.<br \/>\n48 STUNDAS PIRMS &Scaron;\u012a PRODUKTA LIETO&Scaron;ANAS VEICIET \u0100DAS ALER\u0122IJAS TESTU (izlasiet un iev\u0113rojiet pievienotaj\u0101 instrukcij\u0101 sniegtos nor\u0101d\u012bjumus), pat ja esat lietojis matu kr\u0101sas un uz t\u0101m nav bijusi reakcija.<br \/>\nKr\u0113mkr\u0101sas sajauk\u0161anas attiec\u012bba ar oksid\u0113t\u0101ju: 1:1.<br \/>\nOksid\u0113t\u0101js satur \u016bde\u0146ra\u017ea peroks\u012bdu.&nbsp;<br \/>\nKr\u0113mkr\u0101sa satur amonjaku, rezorc\u012bnu, fenil\u0113ndiam\u012bnus.<\/p>\n<p>Visas sast\u0101vda\u013cas ir nor\u0101d\u012btas uz iepakojuma apak\u0161as.<br \/>\nNelietot skropstu vai uzacu kr\u0101so\u0161anai.&nbsp;<br \/>\nIzmantojiet aizsargcimdus no iepakojuma.&nbsp;<br \/>\nP\u0113c kr\u0101sas uzkl\u0101\u0161anas labi izskalojiet matus. &nbsp;Nepie\u013caut nok\u013c\u016b\u0161anu ac\u012bs! Ja produkts nok\u013c\u016bst ac\u012bs, nekav\u0113joties t\u0101s skalot ar lielu daudzumu \u016bdens.&nbsp;<br \/>\nJa esat lietojis \u0137\u012bmiskos matu taisnot\u0101jus vai ilgvi\u013c\u0146us, pirms matu kr\u0101so\u0161anas nogaidiet vismaz divas ned\u0113\u013cas.&nbsp;<br \/>\nNelietot, ja mati jau ir kr\u0101soti ar hennu vai progres\u012bvo kr\u0101su (ar svina acet\u0101tu).&nbsp;<br \/>\nUzglab\u0101t b\u0113rniem nepieejam\u0101, tum\u0161\u0101, saus\u0101 un v\u0113s\u0101 viet\u0101.&nbsp;<br \/>\nIEV\u0112ROJIET INSTRUKCIJAS NOR\u0100D\u012aJUMUS<\/p>\n<p><strong>Iepakojum\u0101 ir:<\/strong><br \/>\n1. Flakons ar oksid\u0113t\u0101ju 50 ml&nbsp;<br \/>\n2. T\u016bbi\u0146a ar kr\u0113mkr\u0101su 50 ml<br \/>\n3. Paci\u0146a ar balz\u0101mu-fiksatoru15 ml<br \/>\n4. Lieto\u0161anas instrukcija&nbsp;<br \/>\n5. Aizsargcimdu p\u0101ris<br \/>\n&nbsp;<\/p>\n","protected":false},"excerpt":{"rendered":"<p>Rubelia Metallic Touch Ilgnotur\u012bga matu kr\u0101sa ar met\u0101lisku efektu ori\u0123in\u0101lam izskatam. Jauna formula ar pievienotu r\u012bsu prote\u012bnu lab\u0101kai matu kop\u0161anai un aizsardz\u012bbai. Ar kerat\u012bnu, PP vitam\u012bnu un D-pantenolu bag\u0101tin\u0101ts balzams &#8211; veseliem un elast\u012bgiem matiem, ar iespaid\u012bgu sp\u012bdumu un br\u012bni\u0161\u0137\u012bgu niansi. PIESARDZ\u012aBAS PAS\u0100KUMI: Matu kr\u0101sas var izrais\u012bt smagas aler\u0123iskas reakcijas. Izlasiet un izpildiet nor\u0101d\u012bjumus. &Scaron;is [&#8230;]\n","protected":false},"featured_media":105336,"template":"","meta":[],"product_cat":[1440],"product_tag":[],"class_list":{"0":"post-38740","1":"product","2":"type-product","3":"status-publish","4":"has-post-thumbnail","6":"product_brand-rubella-bg","7":"product_cat-matu-krasas-matu-krasas","9":"first","10":"instock","11":"taxable","12":"shipping-taxable","13":"product-type-simple"},"_links":{"self":[{"href":"https:\/\/e.kosmolat.eu\/lv\/wp-json\/wp\/v2\/product\/38740","targetHints":{"allow":["GET"]}}],"collection":[{"href":"https:\/\/e.kosmolat.eu\/lv\/wp-json\/wp\/v2\/product"}],"about":[{"href":"https:\/\/e.kosmolat.eu\/lv\/wp-json\/wp\/v2\/types\/product"}],"wp:featuredmedia":[{"embeddable":true,"href":"https:\/\/e.kosmolat.eu\/lv\/wp-json\/wp\/v2\/media\/105336"}],"wp:attachment":[{"href":"https:\/\/e.kosmolat.eu\/lv\/wp-json\/wp\/v2\/media?parent=38740"}],"wp:term":[{"taxonomy":"product_cat","embeddable":true,"href":"https:\/\/e.kosmolat.eu\/lv\/wp-json\/wp\/v2\/product_cat?post=38740"},{"taxonomy":"product_tag","embeddable":true,"href":"https:\/\/e.kosmolat.eu\/lv\/wp-json\/wp\/v2\/product_tag?post=38740"}],"curies":[{"name":"wp","href":"https:\/\/api.w.org\/{rel}","templated":true}]}}