{"id":38724,"date":"2023-12-22T22:06:14","date_gmt":"2023-12-22T22:06:14","guid":{"rendered":"https:\/\/e.kosmolat.eu\/product\/top-ten-matu-veidosanas-zeleja-ar-d-pantenolu-ekstra-250-ml\/"},"modified":"2026-04-09T16:08:48","modified_gmt":"2026-04-09T16:08:48","slug":"top-ten-matu-veidosanas-zeleja-ar-d-pantenolu-ekstra-250-ml","status":"publish","type":"product","link":"https:\/\/e.kosmolat.eu\/lv\/product\/top-ten-matu-veidosanas-zeleja-ar-d-pantenolu-ekstra-250-ml\/","title":{"rendered":"TOP TEN Matu veido\u0161anas \u017eeleja ar D-Pantenolu ekstra, 250 ml"},"content":{"rendered":"<p>Matu veido\u0161anas \u017eeleja ar D-Pantenolu ekstra stiprai fiks\u0101cijai. Ikdienas lieto\u0161anai, visiem matu tipiem. Piem\u0113rots veg\u0101niem.<br \/>\nNepadara matus smagus.<br \/>\nEkstra notur\u012bga friz\u016bra visas dienas garum\u0101.<br \/>\nViegli noskalojas, neatst\u0101j p\u0101rpalikumus.<\/p>\n<p><strong>Lieto\u0161ana:<\/strong> Uzkl\u0101jiet uz sausiem vai mitriem matiem. Izmantojiet \u0137emmi, otu vai pirkstus, lai ieveidotu matus v\u0113lamaj\u0101 form\u0101 un atst\u0101jiet no\u017e\u016bt.&nbsp;<br \/>\n&nbsp;<\/p>\n","protected":false},"excerpt":{"rendered":"<p>Matu veido\u0161anas \u017eeleja ar D-Pantenolu ekstra stiprai fiks\u0101cijai. Ikdienas lieto\u0161anai, visiem matu tipiem. Piem\u0113rots veg\u0101niem. Nepadara matus smagus. Ekstra notur\u012bga friz\u016bra visas dienas garum\u0101. Viegli noskalojas, neatst\u0101j p\u0101rpalikumus. Lieto\u0161ana: Uzkl\u0101jiet uz sausiem vai mitriem matiem. Izmantojiet \u0137emmi, otu vai pirkstus, lai ieveidotu matus v\u0113lamaj\u0101 form\u0101 un atst\u0101jiet no\u017e\u016bt.&nbsp; &nbsp;<\/p>\n","protected":false},"featured_media":105332,"template":"","meta":[],"product_cat":[1686],"product_tag":[],"class_list":{"0":"post-38724","1":"product","2":"type-product","3":"status-publish","4":"has-post-thumbnail","6":"product_brand-rubella-bg","7":"product_cat-matu-kopsanai","9":"first","10":"instock","11":"taxable","12":"shipping-taxable","13":"product-type-simple"},"_links":{"self":[{"href":"https:\/\/e.kosmolat.eu\/lv\/wp-json\/wp\/v2\/product\/38724","targetHints":{"allow":["GET"]}}],"collection":[{"href":"https:\/\/e.kosmolat.eu\/lv\/wp-json\/wp\/v2\/product"}],"about":[{"href":"https:\/\/e.kosmolat.eu\/lv\/wp-json\/wp\/v2\/types\/product"}],"wp:featuredmedia":[{"embeddable":true,"href":"https:\/\/e.kosmolat.eu\/lv\/wp-json\/wp\/v2\/media\/105332"}],"wp:attachment":[{"href":"https:\/\/e.kosmolat.eu\/lv\/wp-json\/wp\/v2\/media?parent=38724"}],"wp:term":[{"taxonomy":"product_cat","embeddable":true,"href":"https:\/\/e.kosmolat.eu\/lv\/wp-json\/wp\/v2\/product_cat?post=38724"},{"taxonomy":"product_tag","embeddable":true,"href":"https:\/\/e.kosmolat.eu\/lv\/wp-json\/wp\/v2\/product_tag?post=38724"}],"curies":[{"name":"wp","href":"https:\/\/api.w.org\/{rel}","templated":true}]}}