{"id":38716,"date":"2023-12-22T22:05:25","date_gmt":"2023-12-22T22:05:25","guid":{"rendered":"https:\/\/e.kosmolat.eu\/product\/dental-super-fluor-protection-zobu-pasta-250-ml\/"},"modified":"2026-04-23T07:47:06","modified_gmt":"2026-04-23T07:47:06","slug":"dental-super-fluor-protection-zobu-pasta-250-ml","status":"publish","type":"product","link":"https:\/\/e.kosmolat.eu\/lv\/product\/dental-super-fluor-protection-zobu-pasta-250-ml\/","title":{"rendered":"DENTAL Super fluor protection zobu pasta 250 ml"},"content":{"rendered":"<p>RUBELLA DENTAL Super fluor protection zobu pasta 250 ml<br \/>\nNostiprina zobu emalju un pal\u012bdz uztur\u0113t zobus un smaganas veselus. Regul\u0101ra pastas lieto\u0161ana rada barjeru pret kariesa per\u0113k\u013cu par\u0101d\u012b\u0161anos. Ra\u017eot\u0101js iesaka: lai zobi un smaganas b\u016btu dabiski veseli, lietot zobu pastu regul\u0101ri, vismaz divas reizes dien\u0101, 2-3 min\u016btes t\u012brot zobus ar piem\u0113rotu zobu birsti.<\/p>\n<p>Satur n\u0101trija fluor\u012bdu 0,145%, kas apr\u0113\u0137in\u0101ti k\u0101 F.<br \/>\nTikai pieaugu\u0161ajiem.<br \/>\n&nbsp;<\/p>\n","protected":false},"excerpt":{"rendered":"<p>RUBELLA DENTAL Super fluor protection zobu pasta 250 ml Nostiprina zobu emalju un pal\u012bdz uztur\u0113t zobus un smaganas veselus. Regul\u0101ra pastas lieto\u0161ana rada barjeru pret kariesa per\u0113k\u013cu par\u0101d\u012b\u0161anos. Ra\u017eot\u0101js iesaka: lai zobi un smaganas b\u016btu dabiski veseli, lietot zobu pastu regul\u0101ri, vismaz divas reizes dien\u0101, 2-3 min\u016btes t\u012brot zobus ar piem\u0113rotu zobu birsti. Satur n\u0101trija [&#8230;]\n","protected":false},"featured_media":101102,"template":"","meta":[],"product_cat":[1309],"product_tag":[],"class_list":{"0":"post-38716","1":"product","2":"type-product","3":"status-publish","4":"has-post-thumbnail","6":"product_brand-rubella-bg","7":"product_cat-1309","9":"first","10":"instock","11":"taxable","12":"shipping-taxable","13":"product-type-simple"},"_links":{"self":[{"href":"https:\/\/e.kosmolat.eu\/lv\/wp-json\/wp\/v2\/product\/38716","targetHints":{"allow":["GET"]}}],"collection":[{"href":"https:\/\/e.kosmolat.eu\/lv\/wp-json\/wp\/v2\/product"}],"about":[{"href":"https:\/\/e.kosmolat.eu\/lv\/wp-json\/wp\/v2\/types\/product"}],"wp:featuredmedia":[{"embeddable":true,"href":"https:\/\/e.kosmolat.eu\/lv\/wp-json\/wp\/v2\/media\/101102"}],"wp:attachment":[{"href":"https:\/\/e.kosmolat.eu\/lv\/wp-json\/wp\/v2\/media?parent=38716"}],"wp:term":[{"taxonomy":"product_cat","embeddable":true,"href":"https:\/\/e.kosmolat.eu\/lv\/wp-json\/wp\/v2\/product_cat?post=38716"},{"taxonomy":"product_tag","embeddable":true,"href":"https:\/\/e.kosmolat.eu\/lv\/wp-json\/wp\/v2\/product_tag?post=38716"}],"curies":[{"name":"wp","href":"https:\/\/api.w.org\/{rel}","templated":true}]}}