{"id":38712,"date":"2023-12-22T22:05:01","date_gmt":"2023-12-22T22:05:01","guid":{"rendered":"https:\/\/e.kosmolat.eu\/product\/dental-triple-effect-zobu-pasta-250-ml\/"},"modified":"2026-04-09T06:14:39","modified_gmt":"2026-04-09T06:14:39","slug":"dental-triple-effect-zobu-pasta-250-ml","status":"publish","type":"product","link":"https:\/\/e.kosmolat.eu\/lv\/product\/dental-triple-effect-zobu-pasta-250-ml\/","title":{"rendered":"DENTAL Triple Effect zobu pasta 250 ml"},"content":{"rendered":"<p>Zobu pasta nodro\u0161ina piln\u012bgu aizsardz\u012bbu un dro\u0161u zobu un smaganu profilaksi, pal\u012bdz atjaunot un saglab\u0101t dabisko baltumu. Ra\u017eot\u0101js iesaka: veseliem zobiem un smagan\u0101m lietot 2 reizes dien\u0101. T\u012briet zobus 2-3 min\u016btes ar piem\u0113rotu zobu birsti. Zobu pasta tikai pieaugu\u0161ajiem!<\/p>\n<p>Satur n\u0101trija fluor\u012bdu 0,145% , kas apr\u0113\u0137in\u0101ti k\u0101 F.<br \/>\nTikai pieaugu\u0161ajiem.<br \/>\n&nbsp;<\/p>\n","protected":false},"excerpt":{"rendered":"<p>Zobu pasta nodro\u0161ina piln\u012bgu aizsardz\u012bbu un dro\u0161u zobu un smaganu profilaksi, pal\u012bdz atjaunot un saglab\u0101t dabisko baltumu. Ra\u017eot\u0101js iesaka: veseliem zobiem un smagan\u0101m lietot 2 reizes dien\u0101. T\u012briet zobus 2-3 min\u016btes ar piem\u0113rotu zobu birsti. Zobu pasta tikai pieaugu\u0161ajiem! Satur n\u0101trija fluor\u012bdu 0,145% , kas apr\u0113\u0137in\u0101ti k\u0101 F. Tikai pieaugu\u0161ajiem. &nbsp;<\/p>\n","protected":false},"featured_media":100776,"template":"","meta":[],"product_cat":[1308],"product_tag":[],"class_list":{"0":"post-38712","1":"product","2":"type-product","3":"status-publish","4":"has-post-thumbnail","6":"product_brand-rubella-bg","7":"product_cat-dantu-pastos-ir-geliai","9":"first","10":"instock","11":"taxable","12":"shipping-taxable","13":"product-type-simple"},"_links":{"self":[{"href":"https:\/\/e.kosmolat.eu\/lv\/wp-json\/wp\/v2\/product\/38712","targetHints":{"allow":["GET"]}}],"collection":[{"href":"https:\/\/e.kosmolat.eu\/lv\/wp-json\/wp\/v2\/product"}],"about":[{"href":"https:\/\/e.kosmolat.eu\/lv\/wp-json\/wp\/v2\/types\/product"}],"wp:featuredmedia":[{"embeddable":true,"href":"https:\/\/e.kosmolat.eu\/lv\/wp-json\/wp\/v2\/media\/100776"}],"wp:attachment":[{"href":"https:\/\/e.kosmolat.eu\/lv\/wp-json\/wp\/v2\/media?parent=38712"}],"wp:term":[{"taxonomy":"product_cat","embeddable":true,"href":"https:\/\/e.kosmolat.eu\/lv\/wp-json\/wp\/v2\/product_cat?post=38712"},{"taxonomy":"product_tag","embeddable":true,"href":"https:\/\/e.kosmolat.eu\/lv\/wp-json\/wp\/v2\/product_tag?post=38712"}],"curies":[{"name":"wp","href":"https:\/\/api.w.org\/{rel}","templated":true}]}}