{"id":38708,"date":"2023-12-22T22:04:41","date_gmt":"2023-12-22T22:04:41","guid":{"rendered":"https:\/\/e.kosmolat.eu\/product\/dental-pro-anti-parodontit-formula-zobu-pasta-75-ml\/"},"modified":"2025-10-28T13:15:52","modified_gmt":"2025-10-28T13:15:52","slug":"dental-pro-anti-parodontit-formula-zobu-pasta-75-ml","status":"publish","type":"product","link":"https:\/\/e.kosmolat.eu\/lv\/product\/dental-pro-anti-parodontit-formula-zobu-pasta-75-ml\/","title":{"rendered":"DENTAL PRO Anti-Parodontit Formula zobu pasta 75 ml"},"content":{"rendered":"<p>RUBELLA DENTAL PRO Anti-Parodontit Formula zobu pasta 75 ml<br \/>\nGingiv\u012bts un periodont\u012bts ir vienas no visbie\u017e\u0101k sastopamaj\u0101m zobu probl\u0113m\u0101m. Galvenais to ra\u0161an\u0101s iemesls ir aplikuma uzkr\u0101\u0161an\u0101s. T\u0101 neregul\u0101ra no\u0146em\u0161ana izraisa smaganu audu boj\u0101jumus, kas att\u0101lin\u0101s no zobiem, atsedz tos un tie k\u013c\u016bst jut\u012bgi. Zobu pasta lieliski att\u012bra aplikumu un pal\u0113nina to atk\u0101rtotu uzkr\u0101\u0161anos. Pastas formula satur akt\u012bvo sast\u0101vda\u013cu kompleksu, kas pal\u012bdz stiprin\u0101t smaganas un samazina to asi\u0146o\u0161anu smaganu iekaisuma gad\u012bjum\u0101. Alum\u012bnija lakt\u0101tam ir savelko\u0161a iedarb\u012bba, hlorheksid\u012bns un alum\u012bnija hidroks\u012bds samazina smaganu iekaisumu un piet\u016bkumu, bet bisabolola kl\u0101tb\u016btne pal\u012bdz atjaunot smaganu audus un nomierina iekaisumu. Regul\u0101ra pastas lieto\u0161ana nov\u0113r\u0161 gingiv\u012bta un periodont\u012bta att\u012bst\u012bbu. Ra\u017eot\u0101js iesaka: veseliem zobiem un smagan\u0101m lietot RUBELLA DENTAL PRO Anti-Parodontit Formula regul\u0101ri, vismaz divas reizes dien\u0101, 2-3 min\u016btes t\u012brot zobus ar piem\u0113rotu zobu birsti.<\/p>\n<p>Satur n\u0101trija fluor\u012bdu 0,145%, kas apr\u0113\u0137in\u0101ti k\u0101 F.<br \/>\nTikai pieaugu\u0161ajiem.<br \/>\n&nbsp;<\/p>\n","protected":false},"excerpt":{"rendered":"<p>RUBELLA DENTAL PRO Anti-Parodontit Formula zobu pasta 75 ml Gingiv\u012bts un periodont\u012bts ir vienas no visbie\u017e\u0101k sastopamaj\u0101m zobu probl\u0113m\u0101m. Galvenais to ra\u0161an\u0101s iemesls ir aplikuma uzkr\u0101\u0161an\u0101s. T\u0101 neregul\u0101ra no\u0146em\u0161ana izraisa smaganu audu boj\u0101jumus, kas att\u0101lin\u0101s no zobiem, atsedz tos un tie k\u013c\u016bst jut\u012bgi. Zobu pasta lieliski att\u012bra aplikumu un pal\u0113nina to atk\u0101rtotu uzkr\u0101\u0161anos. Pastas formula [&#8230;]\n","protected":false},"featured_media":98373,"template":"","meta":[],"product_cat":[1308],"product_tag":[],"class_list":{"0":"post-38708","1":"product","2":"type-product","3":"status-publish","4":"has-post-thumbnail","6":"product_brand-rubella-bg","7":"product_cat-dantu-pastos-ir-geliai","9":"first","10":"outofstock","11":"taxable","12":"shipping-taxable","13":"product-type-simple"},"_links":{"self":[{"href":"https:\/\/e.kosmolat.eu\/lv\/wp-json\/wp\/v2\/product\/38708","targetHints":{"allow":["GET"]}}],"collection":[{"href":"https:\/\/e.kosmolat.eu\/lv\/wp-json\/wp\/v2\/product"}],"about":[{"href":"https:\/\/e.kosmolat.eu\/lv\/wp-json\/wp\/v2\/types\/product"}],"wp:featuredmedia":[{"embeddable":true,"href":"https:\/\/e.kosmolat.eu\/lv\/wp-json\/wp\/v2\/media\/98373"}],"wp:attachment":[{"href":"https:\/\/e.kosmolat.eu\/lv\/wp-json\/wp\/v2\/media?parent=38708"}],"wp:term":[{"taxonomy":"product_cat","embeddable":true,"href":"https:\/\/e.kosmolat.eu\/lv\/wp-json\/wp\/v2\/product_cat?post=38708"},{"taxonomy":"product_tag","embeddable":true,"href":"https:\/\/e.kosmolat.eu\/lv\/wp-json\/wp\/v2\/product_tag?post=38708"}],"curies":[{"name":"wp","href":"https:\/\/api.w.org\/{rel}","templated":true}]}}