{"id":38704,"date":"2023-12-22T22:04:11","date_gmt":"2023-12-22T22:04:11","guid":{"rendered":"https:\/\/e.kosmolat.eu\/product\/dental-pro-sensitive-care-zobu-pasta-75-ml\/"},"modified":"2026-04-22T13:59:29","modified_gmt":"2026-04-22T13:59:29","slug":"dental-pro-sensitive-care-zobu-pasta-75-ml","status":"publish","type":"product","link":"https:\/\/e.kosmolat.eu\/lv\/product\/dental-pro-sensitive-care-zobu-pasta-75-ml\/","title":{"rendered":"DENTAL PRO Sensitive care zobu pasta 75 ml"},"content":{"rendered":"<p>Mutes dobum\u0101 vair\u0101ku kait\u012bgu faktoru darb\u012bbas rezult\u0101t\u0101 zobu emalj\u0101 veidojas plaisas. Caur tiem jebkur&scaron; \u0101r\u0113js kairin\u0101jums sasniedz dent\u012bnu zem t\u0101 un pieskaras zoba nervu galiem, kas izraisa paaugstin\u0101tu jut\u012bbu. DENTAL PRO Sensitive care zobu pasta ir piem\u0113rota cilv\u0113kiem ar &scaron;\u0101d\u0101m probl\u0113m\u0101m. Regul\u0101ra lieto&scaron;ana mazina s\u0101pes \u0113&scaron;anas un dzer&scaron;anas laik\u0101 un rada komforta saj\u016btu. \u012apa&scaron;i izstr\u0101d\u0101t\u0101 zobu pastas formula satur k\u0101lija hlor\u012bdu, kas aizsarg\u0101 dentin\u0101los nervus, samazina to aktivit\u0101ti un remd\u0113 paaugstin\u0101tas jut\u012bbas s\u0101pes. Pasta ir bag\u0101tin\u0101ta ar fluoru, kas pastiprina dabisk\u0101 kalcija darb\u012bbu mut\u0113 zobu emaljas v\u0101jaj\u0101s viet\u0101s un nostiprina to. Piparm\u0113tru arom\u0101ts atst\u0101j t\u012br\u012bbas un svaiguma saj\u016btu.<\/p>\n<p><strong>Lieto&scaron;ana: <\/strong>lai nodro&scaron;in\u0101tu zobu un smaganu vesel\u012bbu, zob\u0101rsti iesaka t\u012br\u012bt zobus 2-3 min\u016btes vismaz divas reizes dien\u0101.<\/p>\n<p><strong>Br\u012bdin\u0101jums: <\/strong>Satur n\u0101trija fluor\u012bdu 0,1% , kas apr\u0113\u0137in\u0101ti k\u0101 F.<br \/>\nTikai pieaugu&scaron;ajiem.<br \/>\n&nbsp;<\/p>\n","protected":false},"excerpt":{"rendered":"<p>Mutes dobum\u0101 vair\u0101ku kait\u012bgu faktoru darb\u012bbas rezult\u0101t\u0101 zobu emalj\u0101 veidojas plaisas. Caur tiem jebkur&scaron; \u0101r\u0113js kairin\u0101jums sasniedz dent\u012bnu zem t\u0101 un pieskaras zoba nervu galiem, kas izraisa paaugstin\u0101tu jut\u012bbu. DENTAL PRO Sensitive care zobu pasta ir piem\u0113rota cilv\u0113kiem ar &scaron;\u0101d\u0101m probl\u0113m\u0101m. Regul\u0101ra lieto&scaron;ana mazina s\u0101pes \u0113&scaron;anas un dzer&scaron;anas laik\u0101 un rada komforta saj\u016btu. \u012apa&scaron;i izstr\u0101d\u0101t\u0101 [&#8230;]\n","protected":false},"featured_media":103060,"template":"","meta":[],"product_cat":[1999],"product_tag":[],"class_list":{"0":"post-38704","1":"product","2":"type-product","3":"status-publish","4":"has-post-thumbnail","6":"product_brand-rubella-bg","7":"product_cat-bez-kategorijas","9":"first","10":"instock","11":"taxable","12":"shipping-taxable","13":"product-type-simple"},"_links":{"self":[{"href":"https:\/\/e.kosmolat.eu\/lv\/wp-json\/wp\/v2\/product\/38704","targetHints":{"allow":["GET"]}}],"collection":[{"href":"https:\/\/e.kosmolat.eu\/lv\/wp-json\/wp\/v2\/product"}],"about":[{"href":"https:\/\/e.kosmolat.eu\/lv\/wp-json\/wp\/v2\/types\/product"}],"wp:featuredmedia":[{"embeddable":true,"href":"https:\/\/e.kosmolat.eu\/lv\/wp-json\/wp\/v2\/media\/103060"}],"wp:attachment":[{"href":"https:\/\/e.kosmolat.eu\/lv\/wp-json\/wp\/v2\/media?parent=38704"}],"wp:term":[{"taxonomy":"product_cat","embeddable":true,"href":"https:\/\/e.kosmolat.eu\/lv\/wp-json\/wp\/v2\/product_cat?post=38704"},{"taxonomy":"product_tag","embeddable":true,"href":"https:\/\/e.kosmolat.eu\/lv\/wp-json\/wp\/v2\/product_tag?post=38704"}],"curies":[{"name":"wp","href":"https:\/\/api.w.org\/{rel}","templated":true}]}}