{"id":38700,"date":"2023-12-22T22:03:42","date_gmt":"2023-12-22T22:03:42","guid":{"rendered":"https:\/\/e.kosmolat.eu\/product\/dental-pro-3d-whitening-formula-zobu-pasta-75-ml\/"},"modified":"2026-04-20T08:14:06","modified_gmt":"2026-04-20T08:14:06","slug":"dental-pro-3d-whitening-formula-zobu-pasta-75-ml","status":"publish","type":"product","link":"https:\/\/e.kosmolat.eu\/lv\/product\/dental-pro-3d-whitening-formula-zobu-pasta-75-ml\/","title":{"rendered":"DENTAL PRO 3D Whitening Formula zobu pasta 75 ml"},"content":{"rendered":"<p>RUBELLA DENTAL PRO 3D Whitening Formula zobu pasta 75 ml<br \/>\nZobus ietekm\u0113 vair\u0101ki kait\u012bgi faktori, piem\u0113ram, sk\u0101bes p\u0101rtik\u0101 un dz\u0113rienos. Tas noved pie zobu aplikuma uzkr\u0101&scaron;an\u0101s, kr\u0101so&scaron;an\u0101s un zobu dzelt\u0113&scaron;anas. \u012apa&scaron;i izstr\u0101d\u0101t\u0101 DENTAL PRO 3D Whitening Formula zobu pastas formula maigi, bet efekt\u012bvi att\u012bra zobus. N\u0101trija fosf\u0101ta un sil\u012bcija mikrogranulu komplekss efekt\u012bvi r\u016bp\u0113jas par zobu baltuma atjauno&scaron;anu. N\u0101trija fosf\u0101ts izn\u012bcina aplikumu un traipus, bet sil\u012bcija mikrogranulas akt\u012bv\u0101s abraz\u012bv\u0101s darb\u012bbas d\u0113\u013c atdala aplikumu, not\u012bra un pul\u0113 zobu emalju. Rezult\u0101ts &#8211; pat\u012bkama t\u012bru un gludu zobu saj\u016bta.<\/p>\n<p><strong>Lieto&scaron;ana:<\/strong> lai nodro&scaron;in\u0101tu zobu un smaganu vesel\u012bbu, zob\u0101rsti iesaka t\u012br\u012bt zobus 2-3 min\u016btes vismaz divas reizes dien\u0101.<\/p>\n<p><strong>Br\u012bdin\u0101jums: <\/strong>Satur n\u0101trija fluor\u012bdu 0,15%, kas apr\u0113\u0137in\u0101ti k\u0101 F.<br \/>\nTikai pieaugu&scaron;ajiem.<br \/>\n&nbsp;<\/p>\n","protected":false},"excerpt":{"rendered":"<p>RUBELLA DENTAL PRO 3D Whitening Formula zobu pasta 75 ml Zobus ietekm\u0113 vair\u0101ki kait\u012bgi faktori, piem\u0113ram, sk\u0101bes p\u0101rtik\u0101 un dz\u0113rienos. Tas noved pie zobu aplikuma uzkr\u0101&scaron;an\u0101s, kr\u0101so&scaron;an\u0101s un zobu dzelt\u0113&scaron;anas. \u012apa&scaron;i izstr\u0101d\u0101t\u0101 DENTAL PRO 3D Whitening Formula zobu pastas formula maigi, bet efekt\u012bvi att\u012bra zobus. N\u0101trija fosf\u0101ta un sil\u012bcija mikrogranulu komplekss efekt\u012bvi r\u016bp\u0113jas par zobu [&#8230;]\n","protected":false},"featured_media":101518,"template":"","meta":[],"product_cat":[1309],"product_tag":[],"class_list":{"0":"post-38700","1":"product","2":"type-product","3":"status-publish","4":"has-post-thumbnail","6":"product_brand-rubella-bg","7":"product_cat-1309","9":"first","10":"instock","11":"taxable","12":"shipping-taxable","13":"product-type-simple"},"_links":{"self":[{"href":"https:\/\/e.kosmolat.eu\/lv\/wp-json\/wp\/v2\/product\/38700","targetHints":{"allow":["GET"]}}],"collection":[{"href":"https:\/\/e.kosmolat.eu\/lv\/wp-json\/wp\/v2\/product"}],"about":[{"href":"https:\/\/e.kosmolat.eu\/lv\/wp-json\/wp\/v2\/types\/product"}],"wp:featuredmedia":[{"embeddable":true,"href":"https:\/\/e.kosmolat.eu\/lv\/wp-json\/wp\/v2\/media\/101518"}],"wp:attachment":[{"href":"https:\/\/e.kosmolat.eu\/lv\/wp-json\/wp\/v2\/media?parent=38700"}],"wp:term":[{"taxonomy":"product_cat","embeddable":true,"href":"https:\/\/e.kosmolat.eu\/lv\/wp-json\/wp\/v2\/product_cat?post=38700"},{"taxonomy":"product_tag","embeddable":true,"href":"https:\/\/e.kosmolat.eu\/lv\/wp-json\/wp\/v2\/product_tag?post=38700"}],"curies":[{"name":"wp","href":"https:\/\/api.w.org\/{rel}","templated":true}]}}