{"id":38692,"date":"2023-12-22T22:03:10","date_gmt":"2023-12-22T22:03:10","guid":{"rendered":"https:\/\/e.kosmolat.eu\/product\/dental-pro-repair-protect-zobu-pasta-75-ml\/"},"modified":"2026-04-22T09:10:23","modified_gmt":"2026-04-22T09:10:23","slug":"dental-pro-repair-protect-zobu-pasta-75-ml","status":"publish","type":"product","link":"https:\/\/e.kosmolat.eu\/lv\/product\/dental-pro-repair-protect-zobu-pasta-75-ml\/","title":{"rendered":"DENTAL PRO Repair Protect zobu pasta, 75 ml"},"content":{"rendered":"<p>Vair\u0101ku kait\u012bgu faktoru iedarb\u012bbas rezult\u0101t\u0101 tiek demineraliz\u0113ta zobu emalja un tie k\u013c\u016bst jut\u012bgi. Zobu pasta DENTAL PRO Repair&amp;Protect satur akt\u012bvo vielu hidroksiapat\u012btu, kura strukt\u016bra sast\u0101v no kalcija un fosf\u0101ta joniem un ir galven\u0101 miner\u0101lviela, kas veido 2 zobu \u0101r\u0113jos sl\u0101\u0146us &#8211; emalju un dent\u012bnu. Lai nodro&scaron;in\u0101tu efekt\u012bv\u0101ku hidroksilapat\u012bta uzs\u016bk&scaron;anos un darb\u012bbu, zobu pastas formula nesatur \u016bdeni. Saskaroties ar siekal\u0101s eso&scaron;o \u016bdeni, aktiviz\u0113jas hidroksilapat\u012bts, un &scaron;\u012bs reakcijas laik\u0101 izdal\u012btie kalcija un fosf\u0101ta joni iek\u013c\u016bst izveidotaj\u0101s plais\u0101s un aizpilda t\u0101s, atjaunojot emalju. T\u0101tad zobu emalja tiek izl\u012bdzin\u0101ta, kas samazina s\u0101pes, palielinoties zobu jut\u012bgumam. Atjauno emaljas iztur\u012bbu.<\/p>\n<p><strong>Lieto&scaron;ana:<\/strong> vesel\u0101m smagan\u0101m un zobiem ieteicams lietot zobu pastu regul\u0101ri, vismaz 2 reizes dien\u0101, t\u012brot zobus ar piem\u0113rotu zobu birsti 2-3 min\u016btes.&nbsp;<\/p>\n<p><strong>Br\u012bdin\u0101jums:<\/strong> Satur n\u0101trija fluor\u012bdu 0,15%, kas apr\u0113\u0137in\u0101ti k\u0101 F.<br \/>\nTikai pieaugu&scaron;ajiem.<br \/>\n&nbsp;<\/p>\n","protected":false},"excerpt":{"rendered":"<p>Vair\u0101ku kait\u012bgu faktoru iedarb\u012bbas rezult\u0101t\u0101 tiek demineraliz\u0113ta zobu emalja un tie k\u013c\u016bst jut\u012bgi. Zobu pasta DENTAL PRO Repair&amp;Protect satur akt\u012bvo vielu hidroksiapat\u012btu, kura strukt\u016bra sast\u0101v no kalcija un fosf\u0101ta joniem un ir galven\u0101 miner\u0101lviela, kas veido 2 zobu \u0101r\u0113jos sl\u0101\u0146us &#8211; emalju un dent\u012bnu. Lai nodro&scaron;in\u0101tu efekt\u012bv\u0101ku hidroksilapat\u012bta uzs\u016bk&scaron;anos un darb\u012bbu, zobu pastas formula nesatur [&#8230;]\n","protected":false},"featured_media":101077,"template":"","meta":[],"product_cat":[1999],"product_tag":[],"class_list":{"0":"post-38692","1":"product","2":"type-product","3":"status-publish","4":"has-post-thumbnail","6":"product_brand-rubella-bg","7":"product_cat-bez-kategorijas","9":"first","10":"instock","11":"taxable","12":"shipping-taxable","13":"product-type-simple"},"_links":{"self":[{"href":"https:\/\/e.kosmolat.eu\/lv\/wp-json\/wp\/v2\/product\/38692","targetHints":{"allow":["GET"]}}],"collection":[{"href":"https:\/\/e.kosmolat.eu\/lv\/wp-json\/wp\/v2\/product"}],"about":[{"href":"https:\/\/e.kosmolat.eu\/lv\/wp-json\/wp\/v2\/types\/product"}],"wp:featuredmedia":[{"embeddable":true,"href":"https:\/\/e.kosmolat.eu\/lv\/wp-json\/wp\/v2\/media\/101077"}],"wp:attachment":[{"href":"https:\/\/e.kosmolat.eu\/lv\/wp-json\/wp\/v2\/media?parent=38692"}],"wp:term":[{"taxonomy":"product_cat","embeddable":true,"href":"https:\/\/e.kosmolat.eu\/lv\/wp-json\/wp\/v2\/product_cat?post=38692"},{"taxonomy":"product_tag","embeddable":true,"href":"https:\/\/e.kosmolat.eu\/lv\/wp-json\/wp\/v2\/product_tag?post=38692"}],"curies":[{"name":"wp","href":"https:\/\/api.w.org\/{rel}","templated":true}]}}