{"id":38688,"date":"2023-12-22T22:02:48","date_gmt":"2023-12-22T22:02:48","guid":{"rendered":"https:\/\/e.kosmolat.eu\/product\/dental-pro-kids-3-6-zobu-pasta-berniem-50-ml\/"},"modified":"2026-04-22T09:10:01","modified_gmt":"2026-04-22T09:10:01","slug":"dental-pro-kids-3-6-zobu-pasta-berniem-50-ml","status":"publish","type":"product","link":"https:\/\/e.kosmolat.eu\/lv\/product\/dental-pro-kids-3-6-zobu-pasta-berniem-50-ml\/","title":{"rendered":"DENTAL PRO Kids 3-6 zobu pasta berniem 50 ml"},"content":{"rendered":"<p>RUBELLA DENTAL PRO Kids 3-6 zobu pasta b\u0113rniem 50 ml<br \/>\nPastai ir \u012bpa\u0161i izstr\u0101d\u0101ta g\u0113la formula bez fluora un ar zemu abrazivit\u0101ti, un t\u0101 ir piem\u0113rota lieto\u0161anai b\u0113rniem ar piena un past\u0101v\u012bgajiem zobiem. Nesatur parab\u0113nus, alerg\u0113nus, SLS, kr\u0101svielas un tai ir maiga iedarb\u012bba, nodro\u0161inot efekt\u012bvu b\u0113rnu zobu aizsardz\u012bbu un profilaksi. Dabisk\u0101 saldin\u0101t\u0101ja ksil\u012bta kl\u0101tb\u016btne samazina bakt\u0113riju att\u012bst\u012bbu, kas izraisa kariesu. Regul\u0101ra lieto\u0161ana pal\u012bdz aizsarg\u0101t b\u0113rnu maig\u0101s smaganas no iekaisuma. Zobu pastai ir pat\u012bkama zeme\u0146u gar\u0161a un t\u0101 veicina labus higi\u0113nas ieradumus jau no mazotnes. Lieto\u0161anas nor\u0101d\u012bjumi un br\u012bdin\u0101jumi: P\u0101rraugiet, k\u0101 b\u0113rni mazg\u0101 zobus. Pal\u012bdziet b\u0113rnam to izsp\u013caut p\u0113c zobu t\u012br\u012b\u0161anas. Zobus ieteicams t\u012br\u012bt divas reizes dien\u0101 ar piem\u0113rotu Dental birsti. Lietot vec\u0101ku uzraudz\u012bb\u0101.<br \/>\n&nbsp;<\/p>\n","protected":false},"excerpt":{"rendered":"<p>RUBELLA DENTAL PRO Kids 3-6 zobu pasta b\u0113rniem 50 ml Pastai ir \u012bpa\u0161i izstr\u0101d\u0101ta g\u0113la formula bez fluora un ar zemu abrazivit\u0101ti, un t\u0101 ir piem\u0113rota lieto\u0161anai b\u0113rniem ar piena un past\u0101v\u012bgajiem zobiem. Nesatur parab\u0113nus, alerg\u0113nus, SLS, kr\u0101svielas un tai ir maiga iedarb\u012bba, nodro\u0161inot efekt\u012bvu b\u0113rnu zobu aizsardz\u012bbu un profilaksi. Dabisk\u0101 saldin\u0101t\u0101ja ksil\u012bta kl\u0101tb\u016btne samazina [&#8230;]\n","protected":false},"featured_media":100564,"template":"","meta":[],"product_cat":[1999],"product_tag":[],"class_list":{"0":"post-38688","1":"product","2":"type-product","3":"status-publish","4":"has-post-thumbnail","6":"product_brand-rubella-bg","7":"product_cat-bez-kategorijas","9":"first","10":"instock","11":"taxable","12":"shipping-taxable","13":"product-type-simple"},"_links":{"self":[{"href":"https:\/\/e.kosmolat.eu\/lv\/wp-json\/wp\/v2\/product\/38688","targetHints":{"allow":["GET"]}}],"collection":[{"href":"https:\/\/e.kosmolat.eu\/lv\/wp-json\/wp\/v2\/product"}],"about":[{"href":"https:\/\/e.kosmolat.eu\/lv\/wp-json\/wp\/v2\/types\/product"}],"wp:featuredmedia":[{"embeddable":true,"href":"https:\/\/e.kosmolat.eu\/lv\/wp-json\/wp\/v2\/media\/100564"}],"wp:attachment":[{"href":"https:\/\/e.kosmolat.eu\/lv\/wp-json\/wp\/v2\/media?parent=38688"}],"wp:term":[{"taxonomy":"product_cat","embeddable":true,"href":"https:\/\/e.kosmolat.eu\/lv\/wp-json\/wp\/v2\/product_cat?post=38688"},{"taxonomy":"product_tag","embeddable":true,"href":"https:\/\/e.kosmolat.eu\/lv\/wp-json\/wp\/v2\/product_tag?post=38688"}],"curies":[{"name":"wp","href":"https:\/\/api.w.org\/{rel}","templated":true}]}}