{"id":38680,"date":"2023-12-22T22:02:18","date_gmt":"2023-12-22T22:02:18","guid":{"rendered":"https:\/\/e.kosmolat.eu\/product\/dental-pro-kids-6-zobu-pasta-50-ml\/"},"modified":"2026-04-23T08:34:44","modified_gmt":"2026-04-23T08:34:44","slug":"dental-pro-kids-6-zobu-pasta-50-ml","status":"publish","type":"product","link":"https:\/\/e.kosmolat.eu\/lv\/product\/dental-pro-kids-6-zobu-pasta-50-ml\/","title":{"rendered":"DENTAL PRO Kids 6+ zobu pasta 50 ml"},"content":{"rendered":"<p>RUBELLA DENTAL PRO Kids 6+ zobu pasta 50 ml<br \/>\nZobu pastai ir \u012bpa\u0161i izstr\u0101d\u0101ta \u017eelejveida formula, kas nesatur fluoru, parab\u0113nus, SLS un ir piem\u0113rota lieto\u0161anai b\u0113rniem ar piena un past\u0101v\u012bgajiem zobiem. \u012apa\u0161ajai formulai ar zemu abrazivit\u0101ti ir maiga iedarb\u012bba, nodro\u0161inot efekt\u012bvu b\u0113rnu zobu aizsardz\u012bbu un profilaksi. Saudz\u0113 emalju no kariesa veido\u0161an\u0101s un aizsarg\u0101 b\u0113rnu zobus. Saudz\u0113 emalju no kariesa veido\u0161an\u0101s un aizsarg\u0101 b\u0113rnu zobus. Kalcija glicerofosf\u0101ta kl\u0101tb\u016btne pal\u012bdz stiprin\u0101t zobu emalju. Bisabolols nodro\u0161ina papildu aizsardz\u012bbu b\u0113rnu smalkaj\u0101m smagan\u0101m. Pastai ir \u0101bolu gar\u0161a un t\u0101 padara zobu t\u012br\u012b\u0161anu par pat\u012bkamu baudu katru dienu. Lieto\u0161ana un br\u012bdin\u0101jumi: Uzraugiet, k\u0101 b\u0113rni t\u012bra zobus. Pal\u012bdziet b\u0113rnam to izsp\u013caut p\u0113c zobu t\u012br\u012b\u0161anas. Zobus ieteicams t\u012br\u012bt divas reizes dien\u0101 ar piem\u0113rotu Dental b\u0113rnu birst\u012bti. Lietot vec\u0101ka uzraudz\u012bb\u0101.<br \/>\n&nbsp;<\/p>\n","protected":false},"excerpt":{"rendered":"<p>RUBELLA DENTAL PRO Kids 6+ zobu pasta 50 ml Zobu pastai ir \u012bpa\u0161i izstr\u0101d\u0101ta \u017eelejveida formula, kas nesatur fluoru, parab\u0113nus, SLS un ir piem\u0113rota lieto\u0161anai b\u0113rniem ar piena un past\u0101v\u012bgajiem zobiem. \u012apa\u0161ajai formulai ar zemu abrazivit\u0101ti ir maiga iedarb\u012bba, nodro\u0161inot efekt\u012bvu b\u0113rnu zobu aizsardz\u012bbu un profilaksi. Saudz\u0113 emalju no kariesa veido\u0161an\u0101s un aizsarg\u0101 b\u0113rnu zobus. [&#8230;]\n","protected":false},"featured_media":101578,"template":"","meta":[],"product_cat":[1335],"product_tag":[],"class_list":{"0":"post-38680","1":"product","2":"type-product","3":"status-publish","4":"has-post-thumbnail","6":"product_brand-rubella-bg","7":"product_cat-bernu-mutes-dobuma-higiena","9":"first","10":"instock","11":"taxable","12":"shipping-taxable","13":"product-type-simple"},"_links":{"self":[{"href":"https:\/\/e.kosmolat.eu\/lv\/wp-json\/wp\/v2\/product\/38680","targetHints":{"allow":["GET"]}}],"collection":[{"href":"https:\/\/e.kosmolat.eu\/lv\/wp-json\/wp\/v2\/product"}],"about":[{"href":"https:\/\/e.kosmolat.eu\/lv\/wp-json\/wp\/v2\/types\/product"}],"wp:featuredmedia":[{"embeddable":true,"href":"https:\/\/e.kosmolat.eu\/lv\/wp-json\/wp\/v2\/media\/101578"}],"wp:attachment":[{"href":"https:\/\/e.kosmolat.eu\/lv\/wp-json\/wp\/v2\/media?parent=38680"}],"wp:term":[{"taxonomy":"product_cat","embeddable":true,"href":"https:\/\/e.kosmolat.eu\/lv\/wp-json\/wp\/v2\/product_cat?post=38680"},{"taxonomy":"product_tag","embeddable":true,"href":"https:\/\/e.kosmolat.eu\/lv\/wp-json\/wp\/v2\/product_tag?post=38680"}],"curies":[{"name":"wp","href":"https:\/\/api.w.org\/{rel}","templated":true}]}}