{"id":38660,"date":"2023-12-22T22:00:16","date_gmt":"2023-12-22T22:00:16","guid":{"rendered":"https:\/\/e.kosmolat.eu\/product\/mg-balzams-pec-skusanas-ar-aktiveto-ogli-100-ml\/"},"modified":"2026-04-23T09:40:18","modified_gmt":"2026-04-23T09:40:18","slug":"mg-balzams-pec-skusanas-ar-aktiveto-ogli-100-ml","status":"publish","type":"product","link":"https:\/\/e.kosmolat.eu\/lv\/product\/mg-balzams-pec-skusanas-ar-aktiveto-ogli-100-ml\/","title":{"rendered":"MG Balzams pec sk\u016b\u0161an\u0101s ar aktiveto ogli, 100 ml"},"content":{"rendered":"<p>Balzams p\u0113c sk\u016b\u0161an\u0101s ar aktiv\u0113to ogli. \u012apa\u0161i izstr\u0101d\u0101ta formula, kas bag\u0101tin\u0101ta ar aktiv\u0113to ogli, D-Pantenolu un kli\u0146\u0123er\u012b\u0161u ekstraktu. M\u012bkstino\u0161a darb\u012bba. Aktiv\u0113t\u0101 ogle &#8211; absorb\u0113 pies\u0101r\u0146ojumu.&nbsp;<br \/>\nD-Pantenols &#8211; samazina aps\u0101rtumu.<\/p>\n<p><strong>Lieto\u0161ana:<\/strong> uzkl\u0101t uz visas sejas, viegla tekst\u016bra \u0101tri ies\u016bcas.<br \/>\nIzvairieties no zonas ap ac\u012bm.<br \/>\n&nbsp;<\/p>\n","protected":false},"excerpt":{"rendered":"<p>Balzams p\u0113c sk\u016b\u0161an\u0101s ar aktiv\u0113to ogli. \u012apa\u0161i izstr\u0101d\u0101ta formula, kas bag\u0101tin\u0101ta ar aktiv\u0113to ogli, D-Pantenolu un kli\u0146\u0123er\u012b\u0161u ekstraktu. M\u012bkstino\u0161a darb\u012bba. Aktiv\u0113t\u0101 ogle &#8211; absorb\u0113 pies\u0101r\u0146ojumu.&nbsp; D-Pantenols &#8211; samazina aps\u0101rtumu. Lieto\u0161ana: uzkl\u0101t uz visas sejas, viegla tekst\u016bra \u0101tri ies\u016bcas. Izvairieties no zonas ap ac\u012bm. &nbsp;<\/p>\n","protected":false},"featured_media":99429,"template":"","meta":[],"product_cat":[1676],"product_tag":[],"class_list":{"0":"post-38660","1":"product","2":"type-product","3":"status-publish","4":"has-post-thumbnail","6":"product_brand-rubella-bg","7":"product_cat-sejas-kopsanai-viriesiem","9":"first","10":"instock","11":"taxable","12":"shipping-taxable","13":"product-type-simple"},"_links":{"self":[{"href":"https:\/\/e.kosmolat.eu\/lv\/wp-json\/wp\/v2\/product\/38660","targetHints":{"allow":["GET"]}}],"collection":[{"href":"https:\/\/e.kosmolat.eu\/lv\/wp-json\/wp\/v2\/product"}],"about":[{"href":"https:\/\/e.kosmolat.eu\/lv\/wp-json\/wp\/v2\/types\/product"}],"wp:featuredmedia":[{"embeddable":true,"href":"https:\/\/e.kosmolat.eu\/lv\/wp-json\/wp\/v2\/media\/99429"}],"wp:attachment":[{"href":"https:\/\/e.kosmolat.eu\/lv\/wp-json\/wp\/v2\/media?parent=38660"}],"wp:term":[{"taxonomy":"product_cat","embeddable":true,"href":"https:\/\/e.kosmolat.eu\/lv\/wp-json\/wp\/v2\/product_cat?post=38660"},{"taxonomy":"product_tag","embeddable":true,"href":"https:\/\/e.kosmolat.eu\/lv\/wp-json\/wp\/v2\/product_tag?post=38660"}],"curies":[{"name":"wp","href":"https:\/\/api.w.org\/{rel}","templated":true}]}}