{"id":38640,"date":"2023-12-22T21:58:04","date_gmt":"2023-12-22T21:58:04","guid":{"rendered":"https:\/\/e.kosmolat.eu\/product\/deba-roll-on-alvejas-dezodorants-50-ml\/"},"modified":"2026-04-10T08:55:22","modified_gmt":"2026-04-10T08:55:22","slug":"deba-roll-on-alvejas-dezodorants-50-ml","status":"publish","type":"product","link":"https:\/\/e.kosmolat.eu\/lv\/product\/deba-roll-on-alvejas-dezodorants-50-ml\/","title":{"rendered":"DeBa Roll On Alvejas dezodorants, 50 ml"},"content":{"rendered":"<p>Ar Alveju<\/p>\n<p>DeBa Roll-On \u0137erme\u0146a dezodorants.<br \/>\nLietojiet tikai uz padus\u0113m. Nelietot uz ievainotas vai iekaisu\u0161as \u0101das.<br \/>\n&nbsp;<\/p>\n","protected":false},"excerpt":{"rendered":"<p>Ar Alveju DeBa Roll-On \u0137erme\u0146a dezodorants. Lietojiet tikai uz padus\u0113m. Nelietot uz ievainotas vai iekaisu\u0161as \u0101das. &nbsp;<\/p>\n","protected":false},"featured_media":100772,"template":"","meta":[],"product_cat":[1630],"product_tag":[],"class_list":{"0":"post-38640","1":"product","2":"type-product","3":"status-publish","4":"has-post-thumbnail","6":"product_brand-rubella-bg","7":"product_cat-dezodorantai","9":"first","10":"instock","11":"taxable","12":"shipping-taxable","13":"product-type-simple"},"_links":{"self":[{"href":"https:\/\/e.kosmolat.eu\/lv\/wp-json\/wp\/v2\/product\/38640","targetHints":{"allow":["GET"]}}],"collection":[{"href":"https:\/\/e.kosmolat.eu\/lv\/wp-json\/wp\/v2\/product"}],"about":[{"href":"https:\/\/e.kosmolat.eu\/lv\/wp-json\/wp\/v2\/types\/product"}],"wp:featuredmedia":[{"embeddable":true,"href":"https:\/\/e.kosmolat.eu\/lv\/wp-json\/wp\/v2\/media\/100772"}],"wp:attachment":[{"href":"https:\/\/e.kosmolat.eu\/lv\/wp-json\/wp\/v2\/media?parent=38640"}],"wp:term":[{"taxonomy":"product_cat","embeddable":true,"href":"https:\/\/e.kosmolat.eu\/lv\/wp-json\/wp\/v2\/product_cat?post=38640"},{"taxonomy":"product_tag","embeddable":true,"href":"https:\/\/e.kosmolat.eu\/lv\/wp-json\/wp\/v2\/product_tag?post=38640"}],"curies":[{"name":"wp","href":"https:\/\/api.w.org\/{rel}","templated":true}]}}