{"id":38628,"date":"2023-12-22T21:57:01","date_gmt":"2023-12-22T21:57:01","guid":{"rendered":"https:\/\/e.kosmolat.eu\/product\/top-ten-active-kermena-dezodorants-sprejs-normalai-adai-150-ml\/"},"modified":"2025-04-28T06:14:33","modified_gmt":"2025-04-28T06:14:33","slug":"top-ten-active-kermena-dezodorants-sprejs-normalai-adai-150-ml","status":"publish","type":"product","link":"https:\/\/e.kosmolat.eu\/lv\/product\/top-ten-active-kermena-dezodorants-sprejs-normalai-adai-150-ml\/","title":{"rendered":"TOP TEN Active \u0136erme\u0146a dezodorants-sprejs norm\u0101lai \u0101dai, 150 ml"},"content":{"rendered":"<p>\u0136erme\u0146a dezodorants norm\u0101lai \u0101dai. Pied\u0101v\u0101 jums aizsardz\u012bbu ar stil\u012bgu un modernu smar\u017eu.&nbsp;<\/p>\n<p><strong>Lieto\u0161ana:<\/strong> Pirms lieto\u0161anas labi sakratiet. Turiet flakonu 15 cm att\u0101lum\u0101 no padus\u0113m un izsmidziniet. Nelietot uz sakairin\u0101tas vai iekaisu\u0161as \u0101das.<\/p>\n<p><strong>Piesardz\u012bbas pas\u0101kumi:<\/strong> <strong>\u012apa\u0161i viegli uzliesmojo\u0161\u0161!<\/strong><br \/>\nTvertne zem spiediena. Kars\u0113jot, tvertne var eksplod\u0113t. Uzglab\u0101t b\u0113rniem nepieejam\u0101 viet\u0101. Sarg\u0101t no siltuma avotiem, karst\u0101m virsm\u0101m, dzirkstel\u0113m, atkl\u0101tas liesmas un citiem aizdeg\u0161an\u0101s avotiem. Nesm\u0113\u0137\u0113t. Neizsmidzin\u0101t uz atkl\u0101tas liesmas vai citiem aizdeg\u0161an\u0101s avotiem. Nedurt un nededzin\u0101t pat p\u0113c lieto\u0161anas. Sarg\u0101t no saules gaismas. Nepak\u013caut temperat\u016brai virs 50&deg;C.&nbsp;<br \/>\n&nbsp;<\/p>\n","protected":false},"excerpt":{"rendered":"<p>\u0136erme\u0146a dezodorants norm\u0101lai \u0101dai. Pied\u0101v\u0101 jums aizsardz\u012bbu ar stil\u012bgu un modernu smar\u017eu.&nbsp; Lieto\u0161ana: Pirms lieto\u0161anas labi sakratiet. Turiet flakonu 15 cm att\u0101lum\u0101 no padus\u0113m un izsmidziniet. Nelietot uz sakairin\u0101tas vai iekaisu\u0161as \u0101das. Piesardz\u012bbas pas\u0101kumi: \u012apa\u0161i viegli uzliesmojo\u0161\u0161! Tvertne zem spiediena. Kars\u0113jot, tvertne var eksplod\u0113t. Uzglab\u0101t b\u0113rniem nepieejam\u0101 viet\u0101. Sarg\u0101t no siltuma avotiem, karst\u0101m virsm\u0101m, dzirkstel\u0113m, [&#8230;]\n","protected":false},"featured_media":15037,"template":"","meta":[],"product_cat":[1692],"product_tag":[],"class_list":{"0":"post-38628","1":"product","2":"type-product","3":"status-publish","4":"has-post-thumbnail","6":"product_brand-rubella-bg","7":"product_cat-dezodoranti-viriesiem","9":"first","10":"outofstock","11":"taxable","12":"shipping-taxable","13":"product-type-simple"},"_links":{"self":[{"href":"https:\/\/e.kosmolat.eu\/lv\/wp-json\/wp\/v2\/product\/38628","targetHints":{"allow":["GET"]}}],"collection":[{"href":"https:\/\/e.kosmolat.eu\/lv\/wp-json\/wp\/v2\/product"}],"about":[{"href":"https:\/\/e.kosmolat.eu\/lv\/wp-json\/wp\/v2\/types\/product"}],"wp:featuredmedia":[{"embeddable":true,"href":"https:\/\/e.kosmolat.eu\/lv\/wp-json\/wp\/v2\/media\/15037"}],"wp:attachment":[{"href":"https:\/\/e.kosmolat.eu\/lv\/wp-json\/wp\/v2\/media?parent=38628"}],"wp:term":[{"taxonomy":"product_cat","embeddable":true,"href":"https:\/\/e.kosmolat.eu\/lv\/wp-json\/wp\/v2\/product_cat?post=38628"},{"taxonomy":"product_tag","embeddable":true,"href":"https:\/\/e.kosmolat.eu\/lv\/wp-json\/wp\/v2\/product_tag?post=38628"}],"curies":[{"name":"wp","href":"https:\/\/api.w.org\/{rel}","templated":true}]}}