{"id":38616,"date":"2023-12-22T21:55:40","date_gmt":"2023-12-22T21:55:40","guid":{"rendered":"https:\/\/e.kosmolat.eu\/product\/top-ten-terra-kermena-dezodorants-sprejs-150-ml\/"},"modified":"2026-04-20T08:12:40","modified_gmt":"2026-04-20T08:12:40","slug":"top-ten-terra-kermena-dezodorants-sprejs-150-ml","status":"publish","type":"product","link":"https:\/\/e.kosmolat.eu\/lv\/product\/top-ten-terra-kermena-dezodorants-sprejs-150-ml\/","title":{"rendered":"TOP TEN TERRA \u0136erme\u0146a dezodorants-sprejs, 150 ml"},"content":{"rendered":"<p>Top Ten Terra \u0137erme\u0146a dezodorants-sprejs. Bez alum\u012bnija s\u0101\u013ciem. Neatst\u0101j p\u0113das uz ap\u0123\u0113rba.<\/p>\n<p><strong>Lieto\u0161ana:<\/strong> Pirms lieto\u0161anas flakonu labi sakratiet. Turiet flakonu 15 cm att\u0101lum\u0101 no \u0137erme\u0146a un izsmidziniet uz t\u012bras \u0101das.&nbsp;<\/p>\n<p><strong>Piesardz\u012bbas pas\u0101kumi: \u012apa\u0161i viegli uzliesmojo\u0161\u0161!<\/strong><br \/>\nTvertne zem spiediena. Kars\u0113jot, tvertne var eksplod\u0113t. Uzglab\u0101t b\u0113rniem nepieejam\u0101 viet\u0101. Sarg\u0101t no siltuma avotiem, karst\u0101m virsm\u0101m, dzirkstel\u0113m, atkl\u0101tas liesmas un citiem aizdeg\u0161an\u0101s avotiem. Nesm\u0113\u0137\u0113t. Neizsmidzin\u0101t uz atkl\u0101tas liesmas vai citiem aizdeg\u0161an\u0101s avotiem. Nedurt un nededzin\u0101t pat p\u0113c izlieto\u0161anas. Sarg\u0101t no saules gaismas. Nepak\u013caut temperat\u016brai virs 50&deg;C \/122&deg;F. Nepie\u013caut nok\u013c\u016b\u0161anu ac\u012bs!&nbsp;Ja l\u012bdzeklis nok\u013c\u016bst ac\u012bs, t\u016bl\u012bt t\u0101s izskalot ar lielu daudzumu \u016bdens.&nbsp;Nelietot uz sakairin\u0101tas vai iekaisu\u0161as \u0101das.&nbsp;<br \/>\n&nbsp;<\/p>\n","protected":false},"excerpt":{"rendered":"<p>Top Ten Terra \u0137erme\u0146a dezodorants-sprejs. Bez alum\u012bnija s\u0101\u013ciem. Neatst\u0101j p\u0113das uz ap\u0123\u0113rba. Lieto\u0161ana: Pirms lieto\u0161anas flakonu labi sakratiet. Turiet flakonu 15 cm att\u0101lum\u0101 no \u0137erme\u0146a un izsmidziniet uz t\u012bras \u0101das.&nbsp; Piesardz\u012bbas pas\u0101kumi: \u012apa\u0161i viegli uzliesmojo\u0161\u0161! Tvertne zem spiediena. Kars\u0113jot, tvertne var eksplod\u0113t. Uzglab\u0101t b\u0113rniem nepieejam\u0101 viet\u0101. Sarg\u0101t no siltuma avotiem, karst\u0101m virsm\u0101m, dzirkstel\u0113m, atkl\u0101tas liesmas [&#8230;]\n","protected":false},"featured_media":100844,"template":"","meta":[],"product_cat":[1692],"product_tag":[],"class_list":{"0":"post-38616","1":"product","2":"type-product","3":"status-publish","4":"has-post-thumbnail","6":"product_brand-rubella-bg","7":"product_cat-dezodoranti-viriesiem","9":"first","10":"instock","11":"taxable","12":"shipping-taxable","13":"product-type-simple"},"_links":{"self":[{"href":"https:\/\/e.kosmolat.eu\/lv\/wp-json\/wp\/v2\/product\/38616","targetHints":{"allow":["GET"]}}],"collection":[{"href":"https:\/\/e.kosmolat.eu\/lv\/wp-json\/wp\/v2\/product"}],"about":[{"href":"https:\/\/e.kosmolat.eu\/lv\/wp-json\/wp\/v2\/types\/product"}],"wp:featuredmedia":[{"embeddable":true,"href":"https:\/\/e.kosmolat.eu\/lv\/wp-json\/wp\/v2\/media\/100844"}],"wp:attachment":[{"href":"https:\/\/e.kosmolat.eu\/lv\/wp-json\/wp\/v2\/media?parent=38616"}],"wp:term":[{"taxonomy":"product_cat","embeddable":true,"href":"https:\/\/e.kosmolat.eu\/lv\/wp-json\/wp\/v2\/product_cat?post=38616"},{"taxonomy":"product_tag","embeddable":true,"href":"https:\/\/e.kosmolat.eu\/lv\/wp-json\/wp\/v2\/product_tag?post=38616"}],"curies":[{"name":"wp","href":"https:\/\/api.w.org\/{rel}","templated":true}]}}