{"id":38612,"date":"2023-12-22T21:55:16","date_gmt":"2023-12-22T21:55:16","guid":{"rendered":"https:\/\/e.kosmolat.eu\/product\/top-ten-roll-on-dezodorants-50-ml\/"},"modified":"2026-03-31T10:09:50","modified_gmt":"2026-03-31T10:09:50","slug":"top-ten-roll-on-dezodorants-50-ml","status":"publish","type":"product","link":"https:\/\/e.kosmolat.eu\/lv\/product\/top-ten-roll-on-dezodorants-50-ml\/","title":{"rendered":"TOP TEN Roll-on dezodorants, 50 ml"},"content":{"rendered":"<p>Roll-on dezodorants norm\u0101lai \u0101dai.&nbsp;<\/p>\n<p><strong>Lieto\u0161ana:<\/strong> Tikai padus\u0113m.&nbsp;<\/p>\n<p><strong>Piesardz\u012bbas pas\u0101kumi:<\/strong> Nelietot uz ievainotas vai iekaisu\u0161as \u0101das!<br \/>\n&nbsp;<\/p>\n","protected":false},"excerpt":{"rendered":"<p>Roll-on dezodorants norm\u0101lai \u0101dai.&nbsp; Lieto\u0161ana: Tikai padus\u0113m.&nbsp; Piesardz\u012bbas pas\u0101kumi: Nelietot uz ievainotas vai iekaisu\u0161as \u0101das! &nbsp;<\/p>\n","protected":false},"featured_media":98462,"template":"","meta":[],"product_cat":[1692],"product_tag":[],"class_list":{"0":"post-38612","1":"product","2":"type-product","3":"status-publish","4":"has-post-thumbnail","6":"product_brand-rubella-bg","7":"product_cat-dezodoranti-viriesiem","9":"first","10":"instock","11":"taxable","12":"shipping-taxable","13":"product-type-simple"},"_links":{"self":[{"href":"https:\/\/e.kosmolat.eu\/lv\/wp-json\/wp\/v2\/product\/38612","targetHints":{"allow":["GET"]}}],"collection":[{"href":"https:\/\/e.kosmolat.eu\/lv\/wp-json\/wp\/v2\/product"}],"about":[{"href":"https:\/\/e.kosmolat.eu\/lv\/wp-json\/wp\/v2\/types\/product"}],"wp:featuredmedia":[{"embeddable":true,"href":"https:\/\/e.kosmolat.eu\/lv\/wp-json\/wp\/v2\/media\/98462"}],"wp:attachment":[{"href":"https:\/\/e.kosmolat.eu\/lv\/wp-json\/wp\/v2\/media?parent=38612"}],"wp:term":[{"taxonomy":"product_cat","embeddable":true,"href":"https:\/\/e.kosmolat.eu\/lv\/wp-json\/wp\/v2\/product_cat?post=38612"},{"taxonomy":"product_tag","embeddable":true,"href":"https:\/\/e.kosmolat.eu\/lv\/wp-json\/wp\/v2\/product_tag?post=38612"}],"curies":[{"name":"wp","href":"https:\/\/api.w.org\/{rel}","templated":true}]}}