{"id":38608,"date":"2023-12-22T21:54:45","date_gmt":"2023-12-22T21:54:45","guid":{"rendered":"https:\/\/e.kosmolat.eu\/product\/mg-dezodorants-ar-aktiveto-ogli-150-ml\/"},"modified":"2026-04-07T09:30:12","modified_gmt":"2026-04-07T09:30:12","slug":"mg-dezodorants-ar-aktiveto-ogli-150-ml","status":"publish","type":"product","link":"https:\/\/e.kosmolat.eu\/lv\/product\/mg-dezodorants-ar-aktiveto-ogli-150-ml\/","title":{"rendered":"MG Dezodorants ar aktiv\u0113to ogli, 150 ml"},"content":{"rendered":"<p>Dezodorants ar aktiv\u0113to ogli &ndash; neitraliz\u0113 nepat\u012bkam\u0101s smakas, pal\u012bdz saglab\u0101t svaiguma saj\u016btu. Formula, kas apvienota ar v\u012bri\u0161\u0137\u012bgu un modernu arom\u0101tu. Piem\u0113rots ikdienas lieto\u0161anai norm\u0101liem \u0101das tipiem. Aktiv\u0113t\u0101 ogle absorb\u0113 s\u0101r\u0146us un toks\u012bnus t\u0101s absorb\u0113jo\u0161\u0101s iedarb\u012bbas d\u0113\u013c. Formula nesatur alum\u012bnija s\u0101\u013cus. Piem\u0113rots veg\u0101niem.<\/p>\n<p><strong>Lieto\u0161ana: <\/strong>Sakratiet flakonu. Turot to vertik\u0101li, izsmidziniet 15 cm att\u0101lum\u0101 no \u0137erme\u0146a uz t\u012bras \u0101das.&nbsp;<\/p>\n<p><strong>Svar\u012bgi!<\/strong> Tvertne zem spiediena. \u012apa\u0161i viegli uzliesmojo\u0161\u0161! Kars\u0113jot, tvertne var eksplod\u0113t. Nepie\u013caut nok\u013c\u016b\u0161anu ac\u012bs. Ja nok\u013c\u016bst ac\u012bs, nekav\u0113joties t\u0101s skalot ar lielu daudzumu \u016bdens. Sarg\u0101t no siltuma avotiem, karst\u0101m virsm\u0101m, dzirkstel\u0113m, atkl\u0101tiem aizdeg\u0161an\u0101s avotiem. Nesm\u0113\u0137\u0113t. Nedurt vai nededzin\u0101t, ar\u012b p\u0113c izlieto\u0161anas. Sarg\u0101t no tie\u0161iem saules stariem. Nepak\u013caut temperat\u016brai virs 50&deg;C \/ 122&deg;F. Neizsmidzin\u0101t uz atkl\u0101tas uguns vai citiem aizdeg\u0161an\u0101s avotiem. Uzglab\u0101t istabas temperat\u016br\u0101.&nbsp;<br \/>\n&nbsp;<\/p>\n","protected":false},"excerpt":{"rendered":"<p>Dezodorants ar aktiv\u0113to ogli &ndash; neitraliz\u0113 nepat\u012bkam\u0101s smakas, pal\u012bdz saglab\u0101t svaiguma saj\u016btu. Formula, kas apvienota ar v\u012bri\u0161\u0137\u012bgu un modernu arom\u0101tu. Piem\u0113rots ikdienas lieto\u0161anai norm\u0101liem \u0101das tipiem. Aktiv\u0113t\u0101 ogle absorb\u0113 s\u0101r\u0146us un toks\u012bnus t\u0101s absorb\u0113jo\u0161\u0101s iedarb\u012bbas d\u0113\u013c. Formula nesatur alum\u012bnija s\u0101\u013cus. Piem\u0113rots veg\u0101niem. Lieto\u0161ana: Sakratiet flakonu. Turot to vertik\u0101li, izsmidziniet 15 cm att\u0101lum\u0101 no \u0137erme\u0146a uz [&#8230;]\n","protected":false},"featured_media":103128,"template":"","meta":[],"product_cat":[1999],"product_tag":[],"class_list":{"0":"post-38608","1":"product","2":"type-product","3":"status-publish","4":"has-post-thumbnail","6":"product_brand-rubella-bg","7":"product_cat-bez-kategorijas","9":"first","10":"instock","11":"taxable","12":"shipping-taxable","13":"product-type-simple"},"_links":{"self":[{"href":"https:\/\/e.kosmolat.eu\/lv\/wp-json\/wp\/v2\/product\/38608","targetHints":{"allow":["GET"]}}],"collection":[{"href":"https:\/\/e.kosmolat.eu\/lv\/wp-json\/wp\/v2\/product"}],"about":[{"href":"https:\/\/e.kosmolat.eu\/lv\/wp-json\/wp\/v2\/types\/product"}],"wp:featuredmedia":[{"embeddable":true,"href":"https:\/\/e.kosmolat.eu\/lv\/wp-json\/wp\/v2\/media\/103128"}],"wp:attachment":[{"href":"https:\/\/e.kosmolat.eu\/lv\/wp-json\/wp\/v2\/media?parent=38608"}],"wp:term":[{"taxonomy":"product_cat","embeddable":true,"href":"https:\/\/e.kosmolat.eu\/lv\/wp-json\/wp\/v2\/product_cat?post=38608"},{"taxonomy":"product_tag","embeddable":true,"href":"https:\/\/e.kosmolat.eu\/lv\/wp-json\/wp\/v2\/product_tag?post=38608"}],"curies":[{"name":"wp","href":"https:\/\/api.w.org\/{rel}","templated":true}]}}